{"id":24068,"date":"2025-02-22T17:23:16","date_gmt":"2025-02-22T15:23:16","guid":{"rendered":"https:\/\/toolhouse.fi\/?post_type=product&#038;p=24068"},"modified":"2025-11-08T18:35:17","modified_gmt":"2025-11-08T16:35:17","slug":"momenttiavain-tvardy-1-2-28-210nm","status":"publish","type":"product","link":"https:\/\/toolhouse.fi\/fi\/tuote\/momenttiavain-tvardy-1-2-28-210nm\/","title":{"rendered":"Momenttiavain Tvardy 1\/2&#8243; 28-210Nm"},"content":{"rendered":"","protected":false},"excerpt":{"rendered":"<h3 class=\"page-title-ui page-title-ui-isk-fix page-title-lq \">TVARDY Professional 1\/4&#8243; momenttiavain 28 &#8211; 210 Nm<\/h3>\n<p>&nbsp;<\/p>\n<ul>\n<li>Momenttialue: 28 &#8211; 210 Nm<\/li>\n<li>Tarkkuus: \u00b14 %<\/li>\n<li>Vasen- ja oikeakierteisten ruuvien kirist\u00e4miseen<\/li>\n<li>Paino: 1,7 kg<\/li>\n<li>Pituus: 460 mm<\/li>\n<li>V\u00e4\u00e4nti\u00f6 1\/2\u2033<\/li>\n<li>Kalibroitu standardin DIN EN ISO 6789 mukaisesti<\/li>\n<li>Materiaali: Cr-Mo ter\u00e4s<\/li>\n<li>S\u00e4ilytyskotelo<\/li>\n<\/ul>\n<p><img alt=\"\" fetchpriority=\"high\" decoding=\"async\" class=\"alignnone wp-image-15574\" src=\"http:\/\/toolhouse.fi\/wp-content\/uploads\/2023\/12\/klucz-dynamometryczny-1-4-5-25nm-profesjonalny-tv-5-1.jpeg\" alt=\"\" width=\"854\" height=\"585\" srcset=\"https:\/\/toolhouse.fi\/wp-content\/uploads\/2023\/12\/klucz-dynamometryczny-1-4-5-25nm-profesjonalny-tv-5-1.jpeg 1765w, https:\/\/toolhouse.fi\/wp-content\/uploads\/2023\/12\/klucz-dynamometryczny-1-4-5-25nm-profesjonalny-tv-5-1-300x205.jpeg 300w, https:\/\/toolhouse.fi\/wp-content\/uploads\/2023\/12\/klucz-dynamometryczny-1-4-5-25nm-profesjonalny-tv-5-1-1000x685.jpeg 1000w, https:\/\/toolhouse.fi\/wp-content\/uploads\/2023\/12\/klucz-dynamometryczny-1-4-5-25nm-profesjonalny-tv-5-1-1024x701.jpeg 1024w, https:\/\/toolhouse.fi\/wp-content\/uploads\/2023\/12\/klucz-dynamometryczny-1-4-5-25nm-profesjonalny-tv-5-1-768x526.jpeg 768w, https:\/\/toolhouse.fi\/wp-content\/uploads\/2023\/12\/klucz-dynamometryczny-1-4-5-25nm-profesjonalny-tv-5-1-1536x1052.jpeg 1536w\" sizes=\"(max-width: 854px) 100vw, 854px\" \/><\/p>\n","protected":false},"featured_media":24078,"template":"","meta":{"_acf_changed":false,"_seopress_robots_primary_cat":"none","_seopress_titles_title":"","_seopress_titles_desc":"","_seopress_robots_index":""},"product_cat":[339,485,337,40],"product_tag":[521],"class_list":{"0":"post-24068","1":"product","2":"type-product","3":"status-publish","4":"has-post-thumbnail","6":"product_cat-autotyokalut","7":"product_cat-momenttiavaimet","8":"product_cat-tyokalut","9":"product_cat-korjaamolaitteet","10":"product_tag-0-8kg-2","11":"product_shipping_class-tillbehor-790e","13":"first","14":"instock","15":"taxable","16":"shipping-taxable","17":"purchasable","18":"product-type-simple","swatches":"rey-swatches","show_selected":""},"acf":[],"_links":{"self":[{"href":"https:\/\/toolhouse.fi\/fi\/wp-json\/wp\/v2\/product\/24068","targetHints":{"allow":["GET"]}}],"collection":[{"href":"https:\/\/toolhouse.fi\/fi\/wp-json\/wp\/v2\/product"}],"about":[{"href":"https:\/\/toolhouse.fi\/fi\/wp-json\/wp\/v2\/types\/product"}],"version-history":[{"count":1,"href":"https:\/\/toolhouse.fi\/fi\/wp-json\/wp\/v2\/product\/24068\/revisions"}],"predecessor-version":[{"id":24083,"href":"https:\/\/toolhouse.fi\/fi\/wp-json\/wp\/v2\/product\/24068\/revisions\/24083"}],"wp:featuredmedia":[{"embeddable":true,"href":"https:\/\/toolhouse.fi\/fi\/wp-json\/wp\/v2\/media\/24078"}],"wp:attachment":[{"href":"https:\/\/toolhouse.fi\/fi\/wp-json\/wp\/v2\/media?parent=24068"}],"wp:term":[{"taxonomy":"product_cat","embeddable":true,"href":"https:\/\/toolhouse.fi\/fi\/wp-json\/wp\/v2\/product_cat?post=24068"},{"taxonomy":"product_tag","embeddable":true,"href":"https:\/\/toolhouse.fi\/fi\/wp-json\/wp\/v2\/product_tag?post=24068"}],"curies":[{"name":"wp","href":"https:\/\/api.w.org\/{rel}","templated":true}]}}