{"id":24110,"date":"2025-02-23T10:11:34","date_gmt":"2025-02-23T08:11:34","guid":{"rendered":"https:\/\/toolhouse.fi\/?post_type=product&#038;p=24110"},"modified":"2025-02-23T10:34:58","modified_gmt":"2025-02-23T08:34:58","slug":"50t-hydrauliprassi-geko","status":"publish","type":"product","link":"https:\/\/toolhouse.fi\/fi\/tuote\/50t-hydrauliprassi-geko\/","title":{"rendered":"50T Hydraulipr\u00e4ssi Geko"},"content":{"rendered":"<table class=\"n54117_dictionary\" width=\"290\">\n<tbody>\n<tr>\n<td class=\"n54117_item_a1\">Puristusvoima\u00a0\u00a0<span class=\"n67256colon\">:<\/span><\/td>\n<td class=\"n54117_item_b1\">\n<div class=\"n54117_item_b_sub\">50 t<\/div>\n<\/td>\n<\/tr>\n<tr>\n<td class=\"n54117_item_a2\">Ty\u00f6alue\u00a0<span class=\"n67256colon\">:<\/span><\/td>\n<td class=\"n54117_item_b2\">\n<div class=\"n54117_item_b_sub\">0 &#8211; 950 mm mm<\/div>\n<\/td>\n<\/tr>\n<tr>\n<td class=\"n54117_item_a1\">S\u00e4\u00e4dett\u00e4v\u00e4 p\u00f6yt\u00e4\u00a0<span class=\"n67256colon\">:<\/span><\/td>\n<td class=\"n54117_item_b1\">\n<div class=\"n54117_item_b_sub\">8 tasoa<\/div>\n<\/td>\n<\/tr>\n<tr>\n<td class=\"n54117_item_a2\">P\u00f6yd\u00e4n leveys\u00a0<span class=\"n67256colon\">:<\/span><\/td>\n<td class=\"n54117_item_b2\">\n<div class=\"n54117_item_b_sub\">650 mm<\/div>\n<\/td>\n<\/tr>\n<tr>\n<td class=\"n54117_item_a1\">P\u00f6yd\u00e4n syvyys\u00a0<span class=\"n67256colon\">:<\/span><\/td>\n<td class=\"n54117_item_b1\">\n<div class=\"n54117_item_b_sub\">320 mm<\/div>\n<\/td>\n<\/tr>\n<tr>\n<td class=\"n54117_item_a2\">Korkeus\u00a0<span class=\"n67256colon\">:<\/span><\/td>\n<td class=\"n54117_item_b2\">\n<div class=\"n54117_item_b_sub\">1650 mm<\/div>\n<\/td>\n<\/tr>\n<tr>\n<td class=\"n54117_item_a1\"><span class=\"n67256colon\">Leveys:<\/span><\/td>\n<td class=\"n54117_item_b1\">\n<div class=\"n54117_item_b_sub\">865 mm<\/div>\n<\/td>\n<\/tr>\n<tr>\n<td class=\"n54117_item_a2\">Vakiovarusteet::<\/td>\n<td class=\"n54117_item_b2\">\n<div class=\"n54117_item_b_sub\">Vinssi<\/div>\n<div>2 vastepalat<\/div>\n<\/td>\n<\/tr>\n<tr>\n<td class=\"n54117_item_a1\"><\/td>\n<td class=\"n54117_item_b1\"><\/td>\n<\/tr>\n<tr>\n<td class=\"n54117_item_a2\">Paino:<\/td>\n<td class=\"n54117_item_b2\">\n<div class=\"n54117_item_b_sub\">240 kg<\/div>\n<\/td>\n<\/tr>\n<tr>\n<td class=\"n54117_item_a1\">Ce-hyv\u00e4ksytty:<\/td>\n<td class=\"n54117_item_b1\">\n<div class=\"n54117_item_b_sub\">Kyll\u00e4<\/div>\n<\/td>\n<\/tr>\n<tr>\n<td class=\"n54117_item_a2\"><span class=\"n67256colon\">Takuu:<\/span><\/td>\n<td class=\"n54117_item_b2\">\n<div class=\"n54117_item_b_sub\">1 vuosi<\/div>\n<\/td>\n<\/tr>\n<\/tbody>\n<\/table>\n","protected":false},"excerpt":{"rendered":"<h3><strong><span class=\"Y2IQFc\" lang=\"fi\">50T <\/span><\/strong>Kaksinopeuksinen hydraulipr\u00e4ssi<\/h3>\n<ul>\n<li>Puristusvoima\u00a0 50T<\/li>\n<li class=\" clear\">2-vaiheinen pumppu (nopea tai tarkka asetus).<\/li>\n<li>Vinssi ty\u00f6tason nostoon \/ laskuun.<\/li>\n<li>Pumpussa on valmiiksi \u00f6ljyt ja se on k\u00e4ytt\u00f6valmis.<\/li>\n<li>Vasteet 2 kpl<\/li>\n<li>Suuri ja selke\u00e4 painemittari<\/li>\n<li>Paino 240kg<\/li>\n<\/ul>\n","protected":false},"featured_media":24121,"template":"","meta":{"_acf_changed":false,"_seopress_robots_primary_cat":"","_seopress_titles_title":"","_seopress_titles_desc":"","_seopress_robots_index":""},"product_cat":[138,620],"product_tag":[],"class_list":{"0":"post-24110","1":"product","2":"type-product","3":"status-publish","4":"has-post-thumbnail","6":"product_cat-hydrauliprassit","7":"product_cat-prassit","9":"first","10":"instock","11":"taxable","12":"shipping-taxable","13":"purchasable","14":"product-type-simple","swatches":"rey-swatches","show_selected":""},"acf":[],"_links":{"self":[{"href":"https:\/\/toolhouse.fi\/fi\/wp-json\/wp\/v2\/product\/24110","targetHints":{"allow":["GET"]}}],"collection":[{"href":"https:\/\/toolhouse.fi\/fi\/wp-json\/wp\/v2\/product"}],"about":[{"href":"https:\/\/toolhouse.fi\/fi\/wp-json\/wp\/v2\/types\/product"}],"version-history":[{"count":1,"href":"https:\/\/toolhouse.fi\/fi\/wp-json\/wp\/v2\/product\/24110\/revisions"}],"predecessor-version":[{"id":24113,"href":"https:\/\/toolhouse.fi\/fi\/wp-json\/wp\/v2\/product\/24110\/revisions\/24113"}],"wp:featuredmedia":[{"embeddable":true,"href":"https:\/\/toolhouse.fi\/fi\/wp-json\/wp\/v2\/media\/24121"}],"wp:attachment":[{"href":"https:\/\/toolhouse.fi\/fi\/wp-json\/wp\/v2\/media?parent=24110"}],"wp:term":[{"taxonomy":"product_cat","embeddable":true,"href":"https:\/\/toolhouse.fi\/fi\/wp-json\/wp\/v2\/product_cat?post=24110"},{"taxonomy":"product_tag","embeddable":true,"href":"https:\/\/toolhouse.fi\/fi\/wp-json\/wp\/v2\/product_tag?post=24110"}],"curies":[{"name":"wp","href":"https:\/\/api.w.org\/{rel}","templated":true}]}}