{"id":24132,"date":"2025-02-23T12:45:34","date_gmt":"2025-02-23T11:11:47","guid":{"rendered":"https:\/\/toolhouse.fi\/?post_type=product&#038;p=24132"},"modified":"2025-02-23T13:33:08","modified_gmt":"2025-02-23T11:33:08","slug":"rk-mutterinvaannin-1-2%e2%80%b3","status":"publish","type":"product","link":"https:\/\/toolhouse.fi\/fi\/tuote\/rk-mutterinvaannin-1-2%e2%80%b3\/","title":{"rendered":"R&#038;K mutterinv\u00e4\u00e4nnin 1\/2\u2033"},"content":{"rendered":"<table class=\"n54117_dictionary\">\n<tbody>\n<tr>\n<td class=\"n54117_item_a1\"><span class=\"n67256colon\">Valmistaja:<\/span><\/td>\n<td class=\"n54117_item_b1\">\n<div class=\"n54117_item_b_sub\">R&amp;K<\/div>\n<\/td>\n<\/tr>\n<tr>\n<td class=\"n54117_item_a2\"><span class=\"n67256colon\">Maksimiv\u00e4\u00e4nt\u00f6:<\/span><\/td>\n<td class=\"n54117_item_b2\">\n<div class=\"n54117_item_b_sub\">1500 Nm<\/div>\n<\/td>\n<\/tr>\n<tr>\n<td class=\"n54117_item_a1\">Ty\u00f6paine\u00a0<span class=\"n67256colon\">:<\/span><\/td>\n<td class=\"n54117_item_b1\">\n<div class=\"n54117_item_b_sub\">6.2 Bar<\/div>\n<\/td>\n<\/tr>\n<tr>\n<td class=\"n54117_item_a2\">Melutaso\u00a0<span class=\"n67256colon\">:<\/span><\/td>\n<td class=\"n54117_item_b2\">\n<div class=\"n54117_item_b_sub\">80 dBA<\/div>\n<\/td>\n<\/tr>\n<tr>\n<td class=\"n54117_item_a1\">Sis\u00e4lt\u00e4\u00e4\u00a0<span class=\"n67256colon\">:<\/span><\/td>\n<td class=\"n54117_item_b1\">\n<div class=\"n54117_item_b_sub\">\u00bc liitin<\/div>\n<\/td>\n<\/tr>\n<tr>\n<td class=\"n54117_item_a2\"><span class=\"n67256colon\">Ilmankulutus keskim\u00e4\u00e4rin:<\/span><\/p>\n<p><span class=\"n67256colon\">Ilmankulutus<\/span> jatkuva k\u00e4ytt\u00f6:<\/td>\n<td class=\"n54117_item_b2\">\n<div class=\"n54117_item_b_sub\">150 l \/ min<\/div>\n<div>480 l \/ min<\/div>\n<\/td>\n<\/tr>\n<tr>\n<td class=\"n54117_item_a1\">Min letkun halk\u00a0<span class=\"n67256colon\">:<\/span><\/td>\n<td class=\"n54117_item_b1\">\n<div class=\"n54117_item_b_sub\">8 mm<\/div>\n<\/td>\n<\/tr>\n<tr>\n<td class=\"n54117_item_a2\">Pika suunanvaihto:<\/td>\n<td class=\"n54117_item_b2\">\n<div class=\"n54117_item_b_sub\">\n<div class=\"n54117_item_b_sub\">kyll\u00e4<\/div>\n<\/div>\n<\/td>\n<\/tr>\n<tr>\n<td class=\"n54117_item_a1\">Avaukseen:<\/td>\n<td class=\"n54117_item_b1\">1 vaihe<\/td>\n<\/tr>\n<tr>\n<td class=\"n54117_item_a2\"><span class=\"n67256colon\">Kiristykseen:<\/span><\/td>\n<td class=\"n54117_item_b2\">\n<div class=\"n54117_item_b_sub\">3 vaihe<\/div>\n<\/td>\n<\/tr>\n<tr>\n<td class=\"n54117_item_a1\"><span class=\"n67256colon\">Paino:<\/span><\/p>\n<p>Materiaali<\/td>\n<td class=\"n54117_item_b1\">\n<div class=\"n54117_item_b_sub\">2.1 kg<\/div>\n<div>komposiitti ja ter\u00e4s<\/div>\n<\/td>\n<\/tr>\n<tr>\n<td class=\"n54117_item_a2\"><span class=\"n67256colon\">Takuu:<\/span><\/td>\n<td class=\"n54117_item_b2\">\n<div class=\"n54117_item_b_sub\">1 vuosi<\/div>\n<\/td>\n<\/tr>\n<tr>\n<td class=\"n54117_item_a1\"><span class=\"n67256colon\">Ce-hyv\u00e4ksytty :<\/span><\/td>\n<td class=\"n54117_item_b1\">\n<div class=\"n54117_item_b_sub\">kyll\u00e4<\/div>\n<\/td>\n<\/tr>\n<\/tbody>\n<\/table>\n","protected":false},"excerpt":{"rendered":"<p data-start=\"0\" data-end=\"72\"><strong data-start=\"0\" data-end=\"70\">R&amp;K 1\/2&#8243; mutterinv\u00e4\u00e4nnin kaksoisvasaralla <\/strong><strong data-start=\"0\" data-end=\"70\">1500 Nm<\/strong><\/p>\n<p data-start=\"74\" data-end=\"235\">Tehokas ja kest\u00e4v\u00e4 komposiittirunkoinen mutterinv\u00e4\u00e4nnin, suunniteltu vaativaan k\u00e4ytt\u00f6\u00f6n. T\u00e4ydellinen valinta asennust\u00f6ihin ja korjauksiin.<\/p>\n<ul data-start=\"237\" data-end=\"613\">\n<li data-start=\"237\" data-end=\"264\">V\u00e4\u00e4nt\u00f6momentti: 1500 Nm<\/li>\n<li data-start=\"265\" data-end=\"292\">Kierrosnopeus: 8000 rpm<\/li>\n<li data-start=\"265\" data-end=\"292\">Tuplavasaramekanismi<\/li>\n<li data-start=\"293\" data-end=\"351\">Kara 1\/2&#8243;<\/li>\n<li>3 vaihetta kiristykseen ja 1 avaukseen<\/li>\n<li data-start=\"421\" data-end=\"464\">Kevyt ja kest\u00e4v\u00e4 komposiitti-ter\u00e4srunko<\/li>\n<li data-start=\"539\" data-end=\"613\">Ergonominen, kumip\u00e4\u00e4llysteinen kahva<\/li>\n<\/ul>\n<p data-start=\"615\" data-end=\"679\" data-is-last-node=\"\" data-is-only-node=\"\">\n","protected":false},"featured_media":24149,"template":"","meta":{"_acf_changed":false,"_seopress_robots_primary_cat":"none","_seopress_titles_title":"","_seopress_titles_desc":"","_seopress_robots_index":""},"product_cat":[217,323],"product_tag":[],"class_list":{"0":"post-24132","1":"product","2":"type-product","3":"status-publish","4":"has-post-thumbnail","6":"product_cat-kompressori-ja-paineilma","7":"product_cat-mutterinvaantimet","9":"first","10":"instock","11":"taxable","12":"shipping-taxable","13":"purchasable","14":"product-type-simple","swatches":"rey-swatches","show_selected":""},"acf":[],"_links":{"self":[{"href":"https:\/\/toolhouse.fi\/fi\/wp-json\/wp\/v2\/product\/24132","targetHints":{"allow":["GET"]}}],"collection":[{"href":"https:\/\/toolhouse.fi\/fi\/wp-json\/wp\/v2\/product"}],"about":[{"href":"https:\/\/toolhouse.fi\/fi\/wp-json\/wp\/v2\/types\/product"}],"version-history":[{"count":0,"href":"https:\/\/toolhouse.fi\/fi\/wp-json\/wp\/v2\/product\/24132\/revisions"}],"wp:featuredmedia":[{"embeddable":true,"href":"https:\/\/toolhouse.fi\/fi\/wp-json\/wp\/v2\/media\/24149"}],"wp:attachment":[{"href":"https:\/\/toolhouse.fi\/fi\/wp-json\/wp\/v2\/media?parent=24132"}],"wp:term":[{"taxonomy":"product_cat","embeddable":true,"href":"https:\/\/toolhouse.fi\/fi\/wp-json\/wp\/v2\/product_cat?post=24132"},{"taxonomy":"product_tag","embeddable":true,"href":"https:\/\/toolhouse.fi\/fi\/wp-json\/wp\/v2\/product_tag?post=24132"}],"curies":[{"name":"wp","href":"https:\/\/api.w.org\/{rel}","templated":true}]}}