{"id":24232,"date":"2025-02-25T10:37:31","date_gmt":"2025-02-25T08:37:31","guid":{"rendered":"https:\/\/toolhouse.fi\/?post_type=product&#038;p=24232"},"modified":"2026-03-11T18:35:17","modified_gmt":"2026-03-11T16:35:17","slug":"tukivarren-vaantotyokalu","status":"publish","type":"product","link":"https:\/\/toolhouse.fi\/fi\/tuote\/tukivarren-vaantotyokalu\/","title":{"rendered":"Tukivarren v\u00e4\u00e4nt\u00f6ty\u00f6kalu"},"content":{"rendered":"","protected":false},"excerpt":{"rendered":"<p data-start=\"0\" data-end=\"183\">Ty\u00f6kalu on suunniteltu jousitusj\u00e4rjestelmien ja nivelten tehokkaaseen irrotukseen. Valmistettu korkealaatuisesta A3-ter\u00e4ksest\u00e4 maksimaalisen kest\u00e4vyyden takaamiseksi.<\/p>\n<ul>\n<li data-start=\"185\" data-end=\"398\">Sopii jousituksen ja nivelten asennukseen sek\u00e4 irrotukseen<\/li>\n<li data-start=\"185\" data-end=\"398\">S\u00e4\u00e4dett\u00e4v\u00e4 liukumekanismi<\/li>\n<li data-start=\"185\" data-end=\"398\">Ergonominen kumip\u00e4\u00e4llysteinen kahva<\/li>\n<li data-start=\"185\" data-end=\"398\">Pituus: 118 cm<\/li>\n<li data-start=\"185\" data-end=\"398\">Materiaali: Korroosionkest\u00e4v\u00e4 A3-ter\u00e4s<\/li>\n<li data-start=\"185\" data-end=\"398\">Valmistaja: Geko<\/li>\n<\/ul>\n","protected":false},"featured_media":24239,"template":"","meta":{"_acf_changed":false,"_seopress_robots_primary_cat":"","_seopress_titles_title":"","_seopress_titles_desc":"","_seopress_robots_index":""},"product_cat":[481,339,40],"product_tag":[],"class_list":{"0":"post-24232","1":"product","2":"type-product","3":"status-publish","4":"has-post-thumbnail","6":"product_cat-alusta-ja-voimansiirtotyokalut","7":"product_cat-autotyokalut","8":"product_cat-korjaamolaitteet","10":"first","11":"instock","12":"taxable","13":"shipping-taxable","14":"purchasable","15":"product-type-simple","swatches":"rey-swatches","show_selected":""},"acf":[],"_links":{"self":[{"href":"https:\/\/toolhouse.fi\/fi\/wp-json\/wp\/v2\/product\/24232","targetHints":{"allow":["GET"]}}],"collection":[{"href":"https:\/\/toolhouse.fi\/fi\/wp-json\/wp\/v2\/product"}],"about":[{"href":"https:\/\/toolhouse.fi\/fi\/wp-json\/wp\/v2\/types\/product"}],"version-history":[{"count":1,"href":"https:\/\/toolhouse.fi\/fi\/wp-json\/wp\/v2\/product\/24232\/revisions"}],"predecessor-version":[{"id":24235,"href":"https:\/\/toolhouse.fi\/fi\/wp-json\/wp\/v2\/product\/24232\/revisions\/24235"}],"wp:featuredmedia":[{"embeddable":true,"href":"https:\/\/toolhouse.fi\/fi\/wp-json\/wp\/v2\/media\/24239"}],"wp:attachment":[{"href":"https:\/\/toolhouse.fi\/fi\/wp-json\/wp\/v2\/media?parent=24232"}],"wp:term":[{"taxonomy":"product_cat","embeddable":true,"href":"https:\/\/toolhouse.fi\/fi\/wp-json\/wp\/v2\/product_cat?post=24232"},{"taxonomy":"product_tag","embeddable":true,"href":"https:\/\/toolhouse.fi\/fi\/wp-json\/wp\/v2\/product_tag?post=24232"}],"curies":[{"name":"wp","href":"https:\/\/api.w.org\/{rel}","templated":true}]}}