{"id":24358,"date":"2025-02-27T18:52:24","date_gmt":"2025-02-27T16:57:12","guid":{"rendered":"https:\/\/toolhouse.fi\/?post_type=product&#038;p=24358"},"modified":"2025-09-16T16:22:27","modified_gmt":"2025-09-16T13:22:27","slug":"voimahylsysarja-1-2-torx-t20-t70","status":"publish","type":"product","link":"https:\/\/toolhouse.fi\/fi\/tuote\/voimahylsysarja-1-2-torx-t20-t70\/","title":{"rendered":"Voimahylsysarja 1\/2&#8243; Torx T20-T70"},"content":{"rendered":"","protected":false},"excerpt":{"rendered":"<p data-start=\"0\" data-end=\"96\">Kest\u00e4v\u00e4t Torx-iskuhylsyt kromimolybdeeniter\u00e4ksest\u00e4 (Cr-Mo), ihanteelliset mutterinv\u00e4\u00e4ntimille.<\/p>\n<p>&nbsp;<\/p>\n<ul>\n<li data-start=\"98\" data-end=\"200\">9-osainen sarja: T20\u2013T70<\/li>\n<li data-start=\"98\" data-end=\"200\">Koot: T20, T25, T30, T40, T45, T50, T55, T60, T70<\/li>\n<li data-start=\"98\" data-end=\"200\">Pituus 78 mm<\/li>\n<li data-start=\"98\" data-end=\"200\">1\/2&#8243; v\u00e4\u00e4nti\u00f6<\/li>\n<li data-start=\"98\" data-end=\"200\">K\u00e4tev\u00e4ss\u00e4 muovilaatikossa<\/li>\n<li data-start=\"98\" data-end=\"200\">Korkea iskunkest\u00e4vyys ja kulutuksenkesto<\/li>\n<li data-start=\"297\" data-end=\"364\">Materiaali: Kromimolybdeeniter\u00e4s (Cr-Mo)<\/li>\n<li data-start=\"297\" data-end=\"364\">Valmistaja: Geko<\/li>\n<\/ul>\n","protected":false},"featured_media":24365,"template":"","meta":{"_acf_changed":false,"_seopress_robots_primary_cat":"none","_seopress_titles_title":"","_seopress_titles_desc":"","_seopress_robots_index":""},"product_cat":[487,323,337,40],"product_tag":[],"class_list":{"0":"post-24358","1":"product","2":"type-product","3":"status-publish","4":"has-post-thumbnail","6":"product_cat-hylsytyokalut-vaantotyokalut","7":"product_cat-mutterinvaantimet","8":"product_cat-tyokalut","9":"product_cat-korjaamolaitteet","11":"first","12":"instock","13":"taxable","14":"shipping-taxable","15":"purchasable","16":"product-type-simple","swatches":"rey-swatches","show_selected":""},"acf":[],"_links":{"self":[{"href":"https:\/\/toolhouse.fi\/fi\/wp-json\/wp\/v2\/product\/24358","targetHints":{"allow":["GET"]}}],"collection":[{"href":"https:\/\/toolhouse.fi\/fi\/wp-json\/wp\/v2\/product"}],"about":[{"href":"https:\/\/toolhouse.fi\/fi\/wp-json\/wp\/v2\/types\/product"}],"version-history":[{"count":2,"href":"https:\/\/toolhouse.fi\/fi\/wp-json\/wp\/v2\/product\/24358\/revisions"}],"predecessor-version":[{"id":24362,"href":"https:\/\/toolhouse.fi\/fi\/wp-json\/wp\/v2\/product\/24358\/revisions\/24362"}],"wp:featuredmedia":[{"embeddable":true,"href":"https:\/\/toolhouse.fi\/fi\/wp-json\/wp\/v2\/media\/24365"}],"wp:attachment":[{"href":"https:\/\/toolhouse.fi\/fi\/wp-json\/wp\/v2\/media?parent=24358"}],"wp:term":[{"taxonomy":"product_cat","embeddable":true,"href":"https:\/\/toolhouse.fi\/fi\/wp-json\/wp\/v2\/product_cat?post=24358"},{"taxonomy":"product_tag","embeddable":true,"href":"https:\/\/toolhouse.fi\/fi\/wp-json\/wp\/v2\/product_tag?post=24358"}],"curies":[{"name":"wp","href":"https:\/\/api.w.org\/{rel}","templated":true}]}}