{"id":24375,"date":"2025-02-28T09:47:01","date_gmt":"2025-02-28T07:47:01","guid":{"rendered":"https:\/\/toolhouse.fi\/?post_type=product&#038;p=24375"},"modified":"2026-03-27T08:24:51","modified_gmt":"2026-03-27T06:24:51","slug":"mittakello-magneettijalalla","status":"publish","type":"product","link":"https:\/\/toolhouse.fi\/fi\/tuote\/mittakello-magneettijalalla\/","title":{"rendered":"Mittakello magneettijalalla"},"content":{"rendered":"","protected":false},"excerpt":{"rendered":"<p data-start=\"0\" data-end=\"135\">Tarkkuusmittakello \u2013 0,01 mm tarkkuus. Vakaa magneettijalusta vahvalla magneetilla ja ON\/OFF-painikkeella.<\/p>\n<ul>\n<li data-start=\"137\" data-end=\"315\">Mitta-alue: 0\u201310 mm<\/li>\n<li data-start=\"137\" data-end=\"315\">Tarkkuus: 0,01 mm<\/li>\n<li data-start=\"137\" data-end=\"315\">Kiinnitystapin halkaisija: 8 mm<\/li>\n<li data-start=\"137\" data-end=\"315\">Kellon halkaisija: 58 mm<\/li>\n<li data-start=\"137\" data-end=\"315\">Paino: 2 kg<\/li>\n<li data-start=\"137\" data-end=\"315\">Jalustan pohjassa oleva lovi mahdollistaa kiinnityksen kaareville pinnoille.<\/li>\n<li data-start=\"137\" data-end=\"315\">Magneettijalusta hienos\u00e4\u00e4dett\u00e4v\u00e4ll\u00e4 poikittaisvarrella<\/li>\n<li data-start=\"317\" data-end=\"370\">ON\/OFF-painike magneettijalustassa<\/li>\n<li data-start=\"317\" data-end=\"370\">Valmistaja: Geko<\/li>\n<\/ul>\n","protected":false},"featured_media":24380,"template":"","meta":{"_acf_changed":false,"_seopress_robots_primary_cat":"","_seopress_titles_title":"","_seopress_titles_desc":"","_seopress_robots_index":""},"product_cat":[491,337,40],"product_tag":[],"class_list":{"0":"post-24375","1":"product","2":"type-product","3":"status-publish","4":"has-post-thumbnail","6":"product_cat-mittavalineet","7":"product_cat-tyokalut","8":"product_cat-korjaamolaitteet","10":"first","11":"instock","12":"taxable","13":"shipping-taxable","14":"purchasable","15":"product-type-simple","swatches":"rey-swatches","show_selected":""},"acf":[],"_links":{"self":[{"href":"https:\/\/toolhouse.fi\/fi\/wp-json\/wp\/v2\/product\/24375","targetHints":{"allow":["GET"]}}],"collection":[{"href":"https:\/\/toolhouse.fi\/fi\/wp-json\/wp\/v2\/product"}],"about":[{"href":"https:\/\/toolhouse.fi\/fi\/wp-json\/wp\/v2\/types\/product"}],"version-history":[{"count":0,"href":"https:\/\/toolhouse.fi\/fi\/wp-json\/wp\/v2\/product\/24375\/revisions"}],"wp:featuredmedia":[{"embeddable":true,"href":"https:\/\/toolhouse.fi\/fi\/wp-json\/wp\/v2\/media\/24380"}],"wp:attachment":[{"href":"https:\/\/toolhouse.fi\/fi\/wp-json\/wp\/v2\/media?parent=24375"}],"wp:term":[{"taxonomy":"product_cat","embeddable":true,"href":"https:\/\/toolhouse.fi\/fi\/wp-json\/wp\/v2\/product_cat?post=24375"},{"taxonomy":"product_tag","embeddable":true,"href":"https:\/\/toolhouse.fi\/fi\/wp-json\/wp\/v2\/product_tag?post=24375"}],"curies":[{"name":"wp","href":"https:\/\/api.w.org\/{rel}","templated":true}]}}