{"id":24400,"date":"2025-02-28T16:00:10","date_gmt":"2025-03-01T10:38:50","guid":{"rendered":"https:\/\/toolhouse.fi\/?post_type=product&#038;p=24400"},"modified":"2026-01-29T15:40:15","modified_gmt":"2026-01-29T13:40:15","slug":"akkutesteri-12-24v-lcd","status":"publish","type":"product","link":"https:\/\/toolhouse.fi\/fi\/tuote\/akkutesteri-12-24v-lcd\/","title":{"rendered":"Akkutesteri 12\/24V LCD"},"content":{"rendered":"","protected":false},"excerpt":{"rendered":"<h3><strong data-start=\"0\" data-end=\"26\">Geko LCD-<\/strong>Akkutesteri<\/h3>\n<p data-start=\"30\" data-end=\"242\">Nopea ja tarkka testaus 12V ja 24V akuille, joiden kapasiteetti on 3Ah\u2013200Ah. Selke\u00e4 LCD-n\u00e4ytt\u00f6 mahdollistaa v\u00e4litt\u00f6m\u00e4n tulosten lukemisen, ja pitk\u00e4t mittajohdot vahvoilla puristimilla takaavat vakaan yhteyden.<\/p>\n<ul>\n<li data-start=\"244\" data-end=\"848\">Laaja yhteensopivuus \u2013 Sopii sek\u00e4 pienille ett\u00e4 suuremmille akuille (3Ah\u2013200Ah).<\/li>\n<li data-start=\"244\" data-end=\"848\">Soveltuu kattavasti 12V ja 24V lyijyhappo-, AGM-, EFB- ja GEL- akuille<\/li>\n<li data-start=\"244\" data-end=\"848\">Tarkat mittaukset \u2013 N\u00e4ytt\u00e4\u00e4 akun kunnon prosentteina ja mittaa sen sis\u00e4isen vastuksen luotettavaa arviointia varten.<\/li>\n<li data-start=\"244\" data-end=\"848\">Kylm\u00e4k\u00e4ynnistystehotesti \u2013 Auttaa ennustamaan, kuinka nopeasti akku tyhjenee kuormituksen alla.<\/li>\n<li data-start=\"244\" data-end=\"848\">Pitk\u00e4t johdot \u2013 650 mm johdot vahvoilla puristimilla mahdollistavat helpon liitt\u00e4misen my\u00f6s ahtaissa tiloissa.<\/li>\n<\/ul>\n<h3 data-start=\"850\" data-end=\"876\"><strong data-start=\"854\" data-end=\"874\">Tekniset tiedot:<\/strong><\/h3>\n<ul data-start=\"877\" data-end=\"1162\">\n<li data-start=\"877\" data-end=\"929\">Toiminnot: akun kunto prosentteina (SOH), sis\u00e4inen resistansimittaus (I.R), laskennallinen kylm\u00e4k\u00e4ynnistysvirta (EDC), j\u00e4nnite (Volt), lataustila (SoC).<\/li>\n<li data-start=\"877\" data-end=\"929\">Yhteensopiva akkujen kapasiteetti: 3Ah\u2013200Ah<\/li>\n<li data-start=\"930\" data-end=\"959\">Akun j\u00e4nnite: 12V\/24V<\/li>\n<li data-start=\"960\" data-end=\"989\">Johdon pituus: 650 mm<\/li>\n<li data-start=\"990\" data-end=\"1031\">Akun tyyppi: lyijyhappo, AGM, EFB ja GEL<\/li>\n<li data-start=\"1138\" data-end=\"1162\">N\u00e4ytt\u00f6: 2,7&#8243; LCD<\/li>\n<\/ul>\n<p data-start=\"1164\" data-end=\"1187\" data-is-last-node=\"\" data-is-only-node=\"\">Valmistaja: Geko<\/p>\n","protected":false},"featured_media":24417,"template":"","meta":{"_acf_changed":false,"_seopress_robots_primary_cat":"none","_seopress_titles_title":"","_seopress_titles_desc":"","_seopress_robots_index":""},"product_cat":[343,40],"product_tag":[],"class_list":{"0":"post-24400","1":"product","2":"type-product","3":"status-publish","4":"has-post-thumbnail","6":"product_cat-akkulaturit","7":"product_cat-korjaamolaitteet","9":"first","10":"instock","11":"taxable","12":"shipping-taxable","13":"purchasable","14":"product-type-simple","swatches":"rey-swatches","show_selected":""},"acf":[],"_links":{"self":[{"href":"https:\/\/toolhouse.fi\/fi\/wp-json\/wp\/v2\/product\/24400","targetHints":{"allow":["GET"]}}],"collection":[{"href":"https:\/\/toolhouse.fi\/fi\/wp-json\/wp\/v2\/product"}],"about":[{"href":"https:\/\/toolhouse.fi\/fi\/wp-json\/wp\/v2\/types\/product"}],"version-history":[{"count":4,"href":"https:\/\/toolhouse.fi\/fi\/wp-json\/wp\/v2\/product\/24400\/revisions"}],"predecessor-version":[{"id":24440,"href":"https:\/\/toolhouse.fi\/fi\/wp-json\/wp\/v2\/product\/24400\/revisions\/24440"}],"wp:featuredmedia":[{"embeddable":true,"href":"https:\/\/toolhouse.fi\/fi\/wp-json\/wp\/v2\/media\/24417"}],"wp:attachment":[{"href":"https:\/\/toolhouse.fi\/fi\/wp-json\/wp\/v2\/media?parent=24400"}],"wp:term":[{"taxonomy":"product_cat","embeddable":true,"href":"https:\/\/toolhouse.fi\/fi\/wp-json\/wp\/v2\/product_cat?post=24400"},{"taxonomy":"product_tag","embeddable":true,"href":"https:\/\/toolhouse.fi\/fi\/wp-json\/wp\/v2\/product_tag?post=24400"}],"curies":[{"name":"wp","href":"https:\/\/api.w.org\/{rel}","templated":true}]}}