{"id":24449,"date":"2025-03-02T18:25:02","date_gmt":"2025-03-03T13:55:38","guid":{"rendered":"https:\/\/toolhouse.fi\/?post_type=product&#038;p=24449"},"modified":"2026-01-02T22:03:04","modified_gmt":"2026-01-02T20:03:04","slug":"metalliporanterasarja-tvardy-1-13-mm-hss-tin-4341","status":"publish","type":"product","link":"https:\/\/toolhouse.fi\/fi\/tuote\/metalliporanterasarja-tvardy-1-13-mm-hss-tin-4341\/","title":{"rendered":"Metalliporanter\u00e4sarja Tvardy 1 \u2013 13 mm HSS-TIN 4341"},"content":{"rendered":"","protected":false},"excerpt":{"rendered":"<p data-start=\"0\" data-end=\"92\"><strong data-start=\"0\" data-end=\"90\">25-osainen eritt\u00e4in kest\u00e4v\u00e4 metalliporasarja HSS 4341 pikater\u00e4ksest\u00e4 TiN-pinnoitteella<\/strong><\/p>\n<p data-start=\"94\" data-end=\"302\">Laadukkaat porat l\u00e4pi- ja pohjarei\u2019ille, valmistettu DIN 338 -standardin mukaisesti. Varustettu tarkkuushiotulla k\u00e4rjell\u00e4 (135\u00b0) optimaaliseen tarkkuuteen ja tehokkaaseen lastunpoistoon.<\/p>\n<p data-start=\"304\" data-end=\"434\">TiN-pinnoite lis\u00e4\u00e4 porien kovuutta, v\u00e4hent\u00e4\u00e4 kitkaa ja pident\u00e4\u00e4 k\u00e4ytt\u00f6ik\u00e4\u00e4, erityisesti vaikeasti ty\u00f6stett\u00e4vill\u00e4 materiaaleilla.<\/p>\n<p data-start=\"436\" data-end=\"489\">Toimitetaan k\u00e4tev\u00e4ss\u00e4 ja kest\u00e4v\u00e4ss\u00e4 muovikotelossa.<\/p>\n<h3 data-start=\"491\" data-end=\"517\"><strong data-start=\"495\" data-end=\"515\">Tekniset tiedot:<\/strong><\/h3>\n<ul data-start=\"518\" data-end=\"860\" data-is-last-node=\"\" data-is-only-node=\"\">\n<li data-start=\"518\" data-end=\"556\">Materiaali: HSS 4341 pikater\u00e4s<\/li>\n<li data-start=\"557\" data-end=\"596\">Pinnoite: TiN (titaani-nitridi)<\/li>\n<li data-start=\"597\" data-end=\"636\">K\u00e4rki: hiottu, 135\u00b0<\/li>\n<li data-start=\"597\" data-end=\"636\">3-viiste varsi: ei py\u00f6ri poraistukassa<\/li>\n<li data-start=\"637\" data-end=\"663\">Standardi: DIN 338<\/li>\n<li data-start=\"664\" data-end=\"835\">Koot: 1,0 \/ 1,5 \/ 2,0 \/ 2,5 \/ 3,0 \/ 3,5 \/ 4,0 \/ 4,5 \/ 5,0 \/ 5,5 \/ 6,0 \/ 6,5 \/ 7,0 \/ 7,5 \/ 8,0 \/ 8,5 \/ 9,0 \/ 9,5 \/ 10,0 \/ 10,5 \/ 11,0 \/ 11,5 \/ 12,0 \/ 12,5 \/ 13,0 mm<\/li>\n<li data-start=\"836\" data-end=\"860\" data-is-last-node=\"\">Valmistaja: Tvardy<\/li>\n<\/ul>\n<p>.<\/p>\n","protected":false},"featured_media":24442,"template":"","meta":{"_acf_changed":false,"_seopress_robots_primary_cat":"none","_seopress_titles_title":"","_seopress_titles_desc":"","_seopress_robots_index":""},"product_cat":[262,472,473,258],"product_tag":[],"class_list":{"0":"post-24449","1":"product","2":"type-product","3":"status-publish","4":"has-post-thumbnail","6":"product_cat-hitsaus-metallityo","7":"product_cat-metallityo","8":"product_cat-metallityon-tarvikkeet","9":"product_cat-pylvasporakoneet","11":"first","12":"instock","13":"taxable","14":"shipping-taxable","15":"purchasable","16":"product-type-simple","swatches":"rey-swatches","show_selected":""},"acf":[],"_links":{"self":[{"href":"https:\/\/toolhouse.fi\/fi\/wp-json\/wp\/v2\/product\/24449","targetHints":{"allow":["GET"]}}],"collection":[{"href":"https:\/\/toolhouse.fi\/fi\/wp-json\/wp\/v2\/product"}],"about":[{"href":"https:\/\/toolhouse.fi\/fi\/wp-json\/wp\/v2\/types\/product"}],"version-history":[{"count":0,"href":"https:\/\/toolhouse.fi\/fi\/wp-json\/wp\/v2\/product\/24449\/revisions"}],"wp:featuredmedia":[{"embeddable":true,"href":"https:\/\/toolhouse.fi\/fi\/wp-json\/wp\/v2\/media\/24442"}],"wp:attachment":[{"href":"https:\/\/toolhouse.fi\/fi\/wp-json\/wp\/v2\/media?parent=24449"}],"wp:term":[{"taxonomy":"product_cat","embeddable":true,"href":"https:\/\/toolhouse.fi\/fi\/wp-json\/wp\/v2\/product_cat?post=24449"},{"taxonomy":"product_tag","embeddable":true,"href":"https:\/\/toolhouse.fi\/fi\/wp-json\/wp\/v2\/product_tag?post=24449"}],"curies":[{"name":"wp","href":"https:\/\/api.w.org\/{rel}","templated":true}]}}