{"id":24651,"date":"2025-03-13T16:53:56","date_gmt":"2025-03-13T14:57:02","guid":{"rendered":"https:\/\/toolhouse.fi\/?post_type=product&#038;p=24651"},"modified":"2026-02-15T18:23:38","modified_gmt":"2026-02-15T16:23:38","slug":"iskunvaimennin-hylsysarja","status":"publish","type":"product","link":"https:\/\/toolhouse.fi\/fi\/tuote\/iskunvaimennin-hylsysarja\/","title":{"rendered":"Iskunvaimennin hylsysarja"},"content":{"rendered":"","protected":false},"excerpt":{"rendered":"<p>Iskunvaimentimen yl\u00e4p\u00e4\u00e4n hylsysarja<\/p>\n<p>&nbsp;<\/p>\n<p>Sarjan sis\u00e4lt\u00f6:<br data-start=\"15\" data-end=\"18\" \/>10,5 mm &#8211; VW GOLF takakseli<br data-start=\"45\" data-end=\"48\" \/>12,5 mm &#8211; VW POLO etuakseli<br data-start=\"75\" data-end=\"78\" \/>14 mm &#8211; Mercedes W203\/W209<br data-start=\"104\" data-end=\"107\" \/>14,5 mm &#8211; VW POLO, GOLF, PASSAT, AUDI 80<br data-start=\"147\" data-end=\"150\" \/>14,5 mm &#8211; AUSTIN Maestro<\/p>\n","protected":false},"featured_media":24647,"template":"","meta":{"_acf_changed":false,"_seopress_robots_primary_cat":"","_seopress_titles_title":"","_seopress_titles_desc":"","_seopress_robots_index":""},"product_cat":[481,339,40],"product_tag":[],"class_list":{"0":"post-24651","1":"product","2":"type-product","3":"status-publish","4":"has-post-thumbnail","6":"product_cat-alusta-ja-voimansiirtotyokalut","7":"product_cat-autotyokalut","8":"product_cat-korjaamolaitteet","10":"first","11":"instock","12":"taxable","13":"shipping-taxable","14":"purchasable","15":"product-type-simple","swatches":"rey-swatches","show_selected":""},"acf":[],"_links":{"self":[{"href":"https:\/\/toolhouse.fi\/fi\/wp-json\/wp\/v2\/product\/24651","targetHints":{"allow":["GET"]}}],"collection":[{"href":"https:\/\/toolhouse.fi\/fi\/wp-json\/wp\/v2\/product"}],"about":[{"href":"https:\/\/toolhouse.fi\/fi\/wp-json\/wp\/v2\/types\/product"}],"version-history":[{"count":1,"href":"https:\/\/toolhouse.fi\/fi\/wp-json\/wp\/v2\/product\/24651\/revisions"}],"predecessor-version":[{"id":24654,"href":"https:\/\/toolhouse.fi\/fi\/wp-json\/wp\/v2\/product\/24651\/revisions\/24654"}],"wp:featuredmedia":[{"embeddable":true,"href":"https:\/\/toolhouse.fi\/fi\/wp-json\/wp\/v2\/media\/24647"}],"wp:attachment":[{"href":"https:\/\/toolhouse.fi\/fi\/wp-json\/wp\/v2\/media?parent=24651"}],"wp:term":[{"taxonomy":"product_cat","embeddable":true,"href":"https:\/\/toolhouse.fi\/fi\/wp-json\/wp\/v2\/product_cat?post=24651"},{"taxonomy":"product_tag","embeddable":true,"href":"https:\/\/toolhouse.fi\/fi\/wp-json\/wp\/v2\/product_tag?post=24651"}],"curies":[{"name":"wp","href":"https:\/\/api.w.org\/{rel}","templated":true}]}}