{"id":24700,"date":"2025-03-18T11:29:48","date_gmt":"2025-03-18T09:48:29","guid":{"rendered":"https:\/\/toolhouse.fi\/?post_type=product&#038;p=24700"},"modified":"2025-11-25T10:20:43","modified_gmt":"2025-11-25T08:20:43","slug":"pinnapulttien-irrotustyokalusarja","status":"publish","type":"product","link":"https:\/\/toolhouse.fi\/fi\/tuote\/pinnapulttien-irrotustyokalusarja\/","title":{"rendered":"Pinnapulttien irrotusty\u00f6kalusarja"},"content":{"rendered":"","protected":false},"excerpt":{"rendered":"<p data-start=\"0\" data-end=\"32\"><strong data-start=\"0\" data-end=\"30\">Pultinpoistosarja \u2013 4 osaa<\/strong><\/p>\n<p data-start=\"34\" data-end=\"191\">Laadukas ty\u00f6kalusarja katkenneiden pulttien, pinnapulttien ja kierretankojen\u00a0 poistamiseen.<\/p>\n<p data-start=\"193\" data-end=\"309\">Erikoisrullilla varustetut hylsyt takaavat tehokkaan ja turvallisen irrotuksen ilman vahinkoa ymp\u00e4r\u00f6iville osille.<\/p>\n<p data-start=\"311\" data-end=\"471\">Sopii 1\/2&#8243; v\u00e4\u00e4nti\u00f6ihin ja 21 mm kiintoavaimiin.<br data-start=\"388\" data-end=\"391\" \/>Valmistettu korkealaatuisesta CRV 50BV30-ter\u00e4ksest\u00e4.<\/p>\n<h3 data-start=\"473\" data-end=\"498\"><strong data-start=\"477\" data-end=\"496\">Sarjan sis\u00e4lt\u00f6:<\/strong><\/h3>\n<p data-start=\"499\" data-end=\"580\">\ud83d\udd39 <strong data-start=\"502\" data-end=\"516\">6 mm hylsy<\/strong><br data-start=\"516\" data-end=\"519\" \/>\ud83d\udd39 <strong data-start=\"522\" data-end=\"536\">8 mm hylsy<\/strong><br data-start=\"536\" data-end=\"539\" \/>\ud83d\udd39 <strong data-start=\"542\" data-end=\"557\">10 mm hylsy<\/strong><br data-start=\"557\" data-end=\"560\" \/>\ud83d\udd39 <strong data-start=\"563\" data-end=\"578\">12 mm hylsy<\/strong><\/p>\n<p data-start=\"582\" data-end=\"602\" data-is-last-node=\"\" data-is-only-node=\"\"><strong data-start=\"582\" data-end=\"597\">Valmistaja:<\/strong> Geko<\/p>\n","protected":false},"featured_media":24706,"template":"","meta":{"_acf_changed":false,"_seopress_robots_primary_cat":"","_seopress_titles_title":"","_seopress_titles_desc":"","_seopress_robots_index":""},"product_cat":[487,40],"product_tag":[],"class_list":{"0":"post-24700","1":"product","2":"type-product","3":"status-publish","4":"has-post-thumbnail","6":"product_cat-hylsytyokalut-vaantotyokalut","7":"product_cat-korjaamolaitteet","9":"first","10":"instock","11":"taxable","12":"shipping-taxable","13":"purchasable","14":"product-type-simple","swatches":"rey-swatches","show_selected":""},"acf":[],"_links":{"self":[{"href":"https:\/\/toolhouse.fi\/fi\/wp-json\/wp\/v2\/product\/24700","targetHints":{"allow":["GET"]}}],"collection":[{"href":"https:\/\/toolhouse.fi\/fi\/wp-json\/wp\/v2\/product"}],"about":[{"href":"https:\/\/toolhouse.fi\/fi\/wp-json\/wp\/v2\/types\/product"}],"version-history":[{"count":1,"href":"https:\/\/toolhouse.fi\/fi\/wp-json\/wp\/v2\/product\/24700\/revisions"}],"predecessor-version":[{"id":24703,"href":"https:\/\/toolhouse.fi\/fi\/wp-json\/wp\/v2\/product\/24700\/revisions\/24703"}],"wp:featuredmedia":[{"embeddable":true,"href":"https:\/\/toolhouse.fi\/fi\/wp-json\/wp\/v2\/media\/24706"}],"wp:attachment":[{"href":"https:\/\/toolhouse.fi\/fi\/wp-json\/wp\/v2\/media?parent=24700"}],"wp:term":[{"taxonomy":"product_cat","embeddable":true,"href":"https:\/\/toolhouse.fi\/fi\/wp-json\/wp\/v2\/product_cat?post=24700"},{"taxonomy":"product_tag","embeddable":true,"href":"https:\/\/toolhouse.fi\/fi\/wp-json\/wp\/v2\/product_tag?post=24700"}],"curies":[{"name":"wp","href":"https:\/\/api.w.org\/{rel}","templated":true}]}}