{"id":24956,"date":"2025-03-24T17:01:19","date_gmt":"2025-03-24T15:01:19","guid":{"rendered":"https:\/\/toolhouse.fi\/?post_type=product&#038;p=24956"},"modified":"2026-02-17T21:24:50","modified_gmt":"2026-02-17T19:24:50","slug":"hydrauliprassi-30t-paineilma","status":"publish","type":"product","link":"https:\/\/toolhouse.fi\/fi\/tuote\/hydrauliprassi-30t-paineilma\/","title":{"rendered":"Hydraulipr\u00e4ssi 30T. Paineilma."},"content":{"rendered":"<table class=\"n54117_dictionary\">\n<tbody>\n<tr>\n<td class=\"n54117_item_a1\">Puristusvoima\u00a0\u00a0<span class=\"n67256colon\">:<\/span><\/td>\n<td class=\"n54117_item_b1\">\n<div class=\"n54117_item_b_sub\">30 t<\/div>\n<\/td>\n<\/tr>\n<tr>\n<td class=\"n54117_item_a2\">Ty\u00f6alue\u00a0<span class=\"n67256colon\">:<\/span><\/td>\n<td class=\"n54117_item_b2\">\n<div class=\"n54117_item_b_sub\">0 \u2013 1000 mm<\/div>\n<\/td>\n<\/tr>\n<tr>\n<td class=\"n54117_item_a1\">S\u00e4\u00e4dett\u00e4v\u00e4 p\u00f6yt\u00e4\u00a0<span class=\"n67256colon\">:<\/span><\/td>\n<td class=\"n54117_item_b1\">\n<div class=\"n54117_item_b_sub\">8 tasoa<\/div>\n<\/td>\n<\/tr>\n<tr>\n<td class=\"n54117_item_a2\">P\u00f6yd\u00e4n sis\u00e4leveys\u00a0<span class=\"n67256colon\">:<\/span><\/td>\n<td class=\"n54117_item_b2\">\n<div class=\"n54117_item_b_sub\">530 mm<\/div>\n<\/td>\n<\/tr>\n<tr>\n<td class=\"n54117_item_a1\">P\u00f6yd\u00e4n syvyys\u00a0<span class=\"n67256colon\">:<\/span><\/td>\n<td class=\"n54117_item_b1\">\n<div class=\"n54117_item_b_sub\">260 mm<\/div>\n<\/td>\n<\/tr>\n<tr>\n<td class=\"n54117_item_a2\">Korkeus\u00a0<span class=\"n67256colon\">:<\/span><\/td>\n<td class=\"n54117_item_b2\">\n<div class=\"n54117_item_b_sub\">1790 mm<\/div>\n<\/td>\n<\/tr>\n<tr>\n<td class=\"n54117_item_a1\"><span class=\"n67256colon\">M\u00e4nn\u00e4n halkaisija:<\/span>&nbsp;<\/p>\n<p>Iskunpituus:<\/td>\n<td class=\"n54117_item_b1\">\n<div class=\"n54117_item_b_sub\">58 mm<\/div>\n<div><\/div>\n<div>160mm<\/div>\n<\/td>\n<\/tr>\n<tr>\n<td class=\"n54117_item_a2\">Ce-hyv\u00e4ksytty:<\/td>\n<td class=\"n54117_item_b2\">\n<div class=\"n54117_item_b_sub\">Kyll\u00e4<\/div>\n<\/td>\n<\/tr>\n<tr>\n<td class=\"n54117_item_a1\"><\/td>\n<td class=\"n54117_item_b1\"><\/td>\n<\/tr>\n<tr>\n<td class=\"n54117_item_a2\">Paino:<\/td>\n<td class=\"n54117_item_b2\">\n<div class=\"n54117_item_b_sub\">120 kg<\/div>\n<\/td>\n<\/tr>\n<tr>\n<td class=\"n54117_item_a1\"><span class=\"n67256colon\">Valmistaja:<\/span><\/td>\n<td class=\"n54117_item_b1\">\n<div class=\"n54117_item_b_sub\">Geko<\/div>\n<\/td>\n<\/tr>\n<tr>\n<td class=\"n54117_item_a2\"><span class=\"n67256colon\">Takuu:<\/span><\/td>\n<td class=\"n54117_item_b2\">\n<div class=\"n54117_item_b_sub\">1 vuosi<\/div>\n<\/td>\n<\/tr>\n<\/tbody>\n<\/table>\n","protected":false},"excerpt":{"rendered":"<h3 class=\"PageTitle\">Paineilma\/k\u00e4sitoiminen hydraulipr\u00e4ssi 30T<\/h3>\n<p>&nbsp;<\/p>\n<ul>\n<li class=\" clear\">Kaksik\u00e4ytt\u00f6inen paineilma\/k\u00e4si hydraulipumppu<\/li>\n<li>Puristussylinteri on sivusuunnassa siirrett\u00e4viss\u00e4 ja lukittavissa haluttuun asentoon.<\/li>\n<li>Pumpussa on valmiiksi \u00f6ljyt ja se on k\u00e4ytt\u00f6valmis.<\/li>\n<li>Mukana 2 kpl V-lohkoja.<\/li>\n<li>Takuu 1 vuosi.<\/li>\n<li>Kaikki varaosat saatavilla.<\/li>\n<li>CE-hyv\u00e4ksytty.<\/li>\n<\/ul>\n","protected":false},"featured_media":25811,"template":"","meta":{"_acf_changed":false,"_seopress_robots_primary_cat":"","_seopress_titles_title":"","_seopress_titles_desc":"","_seopress_robots_index":""},"product_cat":[138,620],"product_tag":[],"class_list":{"0":"post-24956","1":"product","2":"type-product","3":"status-publish","4":"has-post-thumbnail","6":"product_cat-hydrauliprassit","7":"product_cat-prassit","9":"first","10":"outofstock","11":"sale","12":"taxable","13":"shipping-taxable","14":"purchasable","15":"product-type-simple","swatches":"rey-swatches","show_selected":""},"acf":[],"_links":{"self":[{"href":"https:\/\/toolhouse.fi\/fi\/wp-json\/wp\/v2\/product\/24956","targetHints":{"allow":["GET"]}}],"collection":[{"href":"https:\/\/toolhouse.fi\/fi\/wp-json\/wp\/v2\/product"}],"about":[{"href":"https:\/\/toolhouse.fi\/fi\/wp-json\/wp\/v2\/types\/product"}],"version-history":[{"count":1,"href":"https:\/\/toolhouse.fi\/fi\/wp-json\/wp\/v2\/product\/24956\/revisions"}],"predecessor-version":[{"id":24959,"href":"https:\/\/toolhouse.fi\/fi\/wp-json\/wp\/v2\/product\/24956\/revisions\/24959"}],"wp:featuredmedia":[{"embeddable":true,"href":"https:\/\/toolhouse.fi\/fi\/wp-json\/wp\/v2\/media\/25811"}],"wp:attachment":[{"href":"https:\/\/toolhouse.fi\/fi\/wp-json\/wp\/v2\/media?parent=24956"}],"wp:term":[{"taxonomy":"product_cat","embeddable":true,"href":"https:\/\/toolhouse.fi\/fi\/wp-json\/wp\/v2\/product_cat?post=24956"},{"taxonomy":"product_tag","embeddable":true,"href":"https:\/\/toolhouse.fi\/fi\/wp-json\/wp\/v2\/product_tag?post=24956"}],"curies":[{"name":"wp","href":"https:\/\/api.w.org\/{rel}","templated":true}]}}