{"id":24994,"date":"2025-03-25T15:28:41","date_gmt":"2025-03-25T13:28:41","guid":{"rendered":"https:\/\/toolhouse.fi\/?post_type=product&#038;p=24994"},"modified":"2025-03-25T15:56:28","modified_gmt":"2025-03-25T13:56:28","slug":"autopukkipari-3t-tukeva-malli","status":"publish","type":"product","link":"https:\/\/toolhouse.fi\/fi\/tuote\/autopukkipari-3t-tukeva-malli\/","title":{"rendered":"Autopukkipari 3T &#8211; Tukeva malli"},"content":{"rendered":"","protected":false},"excerpt":{"rendered":"<p data-start=\"0\" data-end=\"41\">Vankat Tvardy autopukit, joissa vakaa ja turvallinen lukitusmekanismi, jauhemaalattu pinta ja reilu korkeudens\u00e4\u00e4t\u00f6.<\/p>\n<ul data-start=\"43\" data-end=\"182\" data-is-only-node=\"\" data-is-last-node=\"\">\n<li data-start=\"43\" data-end=\"65\">Korkeus 260 \u2013 435 mm<\/li>\n<li data-start=\"66\" data-end=\"97\">Lukittavissa 10 eri asentoon<\/li>\n<li data-start=\"98\" data-end=\"155\">Paino: 7 kg<\/li>\n<li data-start=\"199\" data-end=\"240\">Vakaa ja turvallinen lukitusmekanismi<\/li>\n<li data-start=\"241\" data-end=\"291\">Jauhemaalattu pinta<\/li>\n<li data-start=\"156\" data-end=\"182\" data-is-last-node=\"\">Toimitetaan pareittain<\/li>\n<\/ul>\n<p>&nbsp;<\/p>\n<table class=\"n54117_dictionary\">\n<tbody>\n<tr>\n<td class=\"n54117_item_a1\"><span class=\"n67256colon\" style=\"color: #333333;\">Valmistaja:<\/span><\/td>\n<td class=\"n54117_item_b1\">\n<div class=\"n54117_item_b_sub\"><span class=\"n54117_name_sub\" style=\"color: #333333;\">Geko<\/span><\/div>\n<\/td>\n<\/tr>\n<tr>\n<td class=\"n54117_item_a2\"><span class=\"n67256colon\" style=\"color: #333333;\">Kuormitus:<\/span><\/td>\n<td class=\"n54117_item_b2\">\n<div class=\"n54117_item_b_sub\"><span style=\"color: #333333;\">3000 kg<\/span><\/div>\n<\/td>\n<\/tr>\n<tr>\n<td class=\"n54117_item_a1\"><span class=\"n67256colon\" style=\"color: #333333;\">Min. korkeus :<\/span><\/td>\n<td class=\"n54117_item_b1\">\n<div class=\"n54117_item_b_sub\"><span style=\"color: #333333;\">260 mm<\/span><\/div>\n<\/td>\n<\/tr>\n<tr>\n<td class=\"n54117_item_a2\"><span class=\"n67256colon\" style=\"color: #333333;\">Maks. korkeus :<\/span><\/td>\n<td class=\"n54117_item_b2\">\n<div class=\"n54117_item_b_sub\"><span style=\"color: #333333;\">435 mm<\/span><\/div>\n<\/td>\n<\/tr>\n<tr>\n<td class=\"n54117_item_a1\"><span class=\"n67256colon\" style=\"color: #333333;\">Jalustan koko :<\/span><\/td>\n<td class=\"n54117_item_b1\"><span style=\"color: #333333;\">205 x 195 mm<\/span><\/td>\n<\/tr>\n<tr>\n<td class=\"n54117_item_a2\"><span class=\"n67256colon\" style=\"color: #333333;\">Paino :<\/span><\/td>\n<td class=\"n54117_item_b2\">\n<div class=\"n54117_item_b_sub\"><span style=\"color: #333333;\">7 kg<\/span><\/div>\n<\/td>\n<\/tr>\n<tr>\n<td class=\"n54117_item_a1\"><span style=\"color: #333333;\">Lukitustasoja :<\/span><\/td>\n<td class=\"n54117_item_b1\">\n<div class=\"n54117_item_b_sub\"><span style=\"color: #333333;\">10<\/span><\/div>\n<\/td>\n<\/tr>\n<tr>\n<td class=\"n54117_item_a2\"><span style=\"color: #333333;\">Takuu :<\/span><\/td>\n<td class=\"n54117_item_b2\"><span style=\"color: #333333;\">1 vuosi<\/span><\/td>\n<\/tr>\n<tr>\n<td class=\"n54117_item_a1\">Ce-hyv\u00e4ksytty<\/td>\n<td class=\"n54117_item_b1\">Kyll\u00e4<\/td>\n<\/tr>\n<tr>\n<td class=\"n54117_item_a2\"><\/td>\n<td class=\"n54117_item_b2\">\n<div class=\"n54117_item_b_sub\"><\/div>\n<\/td>\n<\/tr>\n<\/tbody>\n<\/table>\n<p>&nbsp;<\/p>\n","protected":false},"featured_media":25005,"template":"","meta":{"_acf_changed":false,"_seopress_robots_primary_cat":"none","_seopress_titles_title":"","_seopress_titles_desc":"","_seopress_robots_index":""},"product_cat":[455,287],"product_tag":[],"class_list":{"0":"post-24994","1":"product","2":"type-product","3":"status-publish","4":"has-post-thumbnail","6":"product_cat-ajoneuvonostimet","7":"product_cat-tunkit-pukit","8":"product_shipping_class-tillbehor-790e","10":"first","11":"instock","12":"taxable","13":"shipping-taxable","14":"purchasable","15":"product-type-simple","swatches":"rey-swatches","show_selected":""},"acf":[],"_links":{"self":[{"href":"https:\/\/toolhouse.fi\/fi\/wp-json\/wp\/v2\/product\/24994","targetHints":{"allow":["GET"]}}],"collection":[{"href":"https:\/\/toolhouse.fi\/fi\/wp-json\/wp\/v2\/product"}],"about":[{"href":"https:\/\/toolhouse.fi\/fi\/wp-json\/wp\/v2\/types\/product"}],"version-history":[{"count":1,"href":"https:\/\/toolhouse.fi\/fi\/wp-json\/wp\/v2\/product\/24994\/revisions"}],"predecessor-version":[{"id":24998,"href":"https:\/\/toolhouse.fi\/fi\/wp-json\/wp\/v2\/product\/24994\/revisions\/24998"}],"wp:featuredmedia":[{"embeddable":true,"href":"https:\/\/toolhouse.fi\/fi\/wp-json\/wp\/v2\/media\/25005"}],"wp:attachment":[{"href":"https:\/\/toolhouse.fi\/fi\/wp-json\/wp\/v2\/media?parent=24994"}],"wp:term":[{"taxonomy":"product_cat","embeddable":true,"href":"https:\/\/toolhouse.fi\/fi\/wp-json\/wp\/v2\/product_cat?post=24994"},{"taxonomy":"product_tag","embeddable":true,"href":"https:\/\/toolhouse.fi\/fi\/wp-json\/wp\/v2\/product_tag?post=24994"}],"curies":[{"name":"wp","href":"https:\/\/api.w.org\/{rel}","templated":true}]}}