{"id":25140,"date":"2025-03-27T18:00:33","date_gmt":"2025-03-27T16:09:19","guid":{"rendered":"https:\/\/toolhouse.fi\/?post_type=product&#038;p=25140"},"modified":"2025-03-27T18:09:19","modified_gmt":"2025-03-27T16:09:19","slug":"common-rail-testeri","status":"publish","type":"product","link":"https:\/\/toolhouse.fi\/fi\/tuote\/common-rail-testeri\/","title":{"rendered":"Common rail testeri"},"content":{"rendered":"","protected":false},"excerpt":{"rendered":"<div class=\"flex flex-1 grow basis-auto flex-col overflow-hidden\">\n<div class=\"relative h-full\">\n<div class=\"flex h-full flex-col overflow-y-auto [scrollbar-gutter:stable]\">\n<div class=\"mt-1.5 flex flex-col text-sm @thread-xl\/thread:pt-header-height md:pb-9\">\n<article class=\"w-full text-token-text-primary\" dir=\"auto\" data-testid=\"conversation-turn-572\" data-scroll-anchor=\"true\">\n<div class=\"text-base my-auto mx-auto py-5 px-6\">\n<div class=\"mx-auto flex flex-1 text-base gap-4 md:gap-5 lg:gap-6 md:max-w-3xl lg:max-w-[40rem] xl:max-w-[48rem] group\/turn-messages focus-visible:outline-none\" tabindex=\"-1\">\n<div class=\"group\/conversation-turn relative flex w-full min-w-0 flex-col agent-turn @xs\/thread:px-0 @sm\/thread:px-1.5 @md\/thread:px-4\">\n<div class=\"relative flex-col gap-1 md:gap-3\">\n<div class=\"flex max-w-full flex-col flex-grow\">\n<div class=\"min-h-8 text-message relative flex w-full flex-col items-end gap-2 whitespace-normal break-words text-start [.text-message+&amp;]:mt-5\" dir=\"auto\" data-message-author-role=\"assistant\" data-message-id=\"5b6f7814-2163-4983-bf1d-976ab177f210\" data-message-model-slug=\"gpt-4o\">\n<div class=\"flex w-full flex-col gap-1 empty:hidden first:pt-[3px]\">\n<div class=\"markdown prose w-full break-words dark:prose-invert light\">\n<p class=\"\" data-start=\"0\" data-end=\"125\">Dieseltesteri Common Rail -suuttimien paluuvirtauksen mittaamiseen. Mahdollistaa jopa 6 suuttimen samanaikaisen mittauksen.<\/p>\n<ul>\n<li data-start=\"127\" data-end=\"176\">Suunniteltu Common Rail -dieselmoottoreille<\/li>\n<li class=\"\" data-start=\"177\" data-end=\"222\">\n<p class=\"\" data-start=\"179\" data-end=\"222\">Testaa jopa kuusisylinterisi\u00e4 moottoreita<\/p>\n<\/li>\n<li class=\"\" data-start=\"223\" data-end=\"292\">\n<p class=\"\" data-start=\"225\" data-end=\"292\">Sis\u00e4lt\u00e4\u00e4 adapterit Bosch-, Siemens-, Delphi- ja Denso-suuttimille<\/p>\n<\/li>\n<\/ul>\n<p class=\"\" data-start=\"294\" data-end=\"315\"><strong data-start=\"294\" data-end=\"313\">Paketin sis\u00e4lt\u00f6<\/strong><\/p>\n<ul data-start=\"316\" data-end=\"622\">\n<li class=\"\" data-start=\"316\" data-end=\"403\">\n<p class=\"\" data-start=\"318\" data-end=\"403\">6 Mittalasit mitta-asteikolla, k\u00e4ytet\u00e4\u00e4n kun moottori on k\u00e4ynniss\u00e4 (tilavuus 105 ml)<\/p>\n<\/li>\n<li class=\"\" data-start=\"404\" data-end=\"479\">\n<p class=\"\" data-start=\"406\" data-end=\"479\">6 Lasiputket mitta-asteikolla, k\u00e4ytet\u00e4\u00e4n moottoria startatessa (tilavuus 95 ml)<\/p>\n<\/li>\n<li class=\"\" data-start=\"480\" data-end=\"515\">\n<p class=\"\" data-start=\"482\" data-end=\"515\">6 x adapteri Delphi-suuttimille<\/p>\n<\/li>\n<li class=\"\" data-start=\"516\" data-end=\"550\">\n<p class=\"\" data-start=\"518\" data-end=\"550\">6 x adapteri Denso-suuttimille<\/p>\n<\/li>\n<li class=\"\" data-start=\"551\" data-end=\"587\">\n<p class=\"\" data-start=\"553\" data-end=\"587\">6 x adapteri Siemens-suuttimille<\/p>\n<\/li>\n<li class=\"\" data-start=\"588\" data-end=\"622\">\n<p class=\"\" data-start=\"590\" data-end=\"622\">6 x adapteri Bosch-suuttimille<\/p>\n<\/li>\n<li data-start=\"588\" data-end=\"622\">Pidike mittalaseille<\/li>\n<\/ul>\n<p class=\"\" data-start=\"624\" data-end=\"644\"><strong data-start=\"624\" data-end=\"639\">Valmistaja:<\/strong> Geko<\/p>\n<\/div>\n<\/div>\n<\/div>\n<\/div>\n<\/div>\n<\/div>\n<\/div>\n<\/div>\n<\/article>\n<\/div>\n<\/div>\n<\/div>\n<\/div>\n","protected":false},"featured_media":25153,"template":"","meta":{"_acf_changed":false,"_seopress_robots_primary_cat":"","_seopress_titles_title":"","_seopress_titles_desc":"","_seopress_robots_index":""},"product_cat":[339,480,40],"product_tag":[],"class_list":{"0":"post-25140","1":"product","2":"type-product","3":"status-publish","4":"has-post-thumbnail","6":"product_cat-autotyokalut","7":"product_cat-moottorityokalut","8":"product_cat-korjaamolaitteet","10":"first","11":"instock","12":"taxable","13":"shipping-taxable","14":"purchasable","15":"product-type-simple","swatches":"rey-swatches","show_selected":""},"acf":[],"_links":{"self":[{"href":"https:\/\/toolhouse.fi\/fi\/wp-json\/wp\/v2\/product\/25140","targetHints":{"allow":["GET"]}}],"collection":[{"href":"https:\/\/toolhouse.fi\/fi\/wp-json\/wp\/v2\/product"}],"about":[{"href":"https:\/\/toolhouse.fi\/fi\/wp-json\/wp\/v2\/types\/product"}],"version-history":[{"count":1,"href":"https:\/\/toolhouse.fi\/fi\/wp-json\/wp\/v2\/product\/25140\/revisions"}],"predecessor-version":[{"id":25143,"href":"https:\/\/toolhouse.fi\/fi\/wp-json\/wp\/v2\/product\/25140\/revisions\/25143"}],"wp:featuredmedia":[{"embeddable":true,"href":"https:\/\/toolhouse.fi\/fi\/wp-json\/wp\/v2\/media\/25153"}],"wp:attachment":[{"href":"https:\/\/toolhouse.fi\/fi\/wp-json\/wp\/v2\/media?parent=25140"}],"wp:term":[{"taxonomy":"product_cat","embeddable":true,"href":"https:\/\/toolhouse.fi\/fi\/wp-json\/wp\/v2\/product_cat?post=25140"},{"taxonomy":"product_tag","embeddable":true,"href":"https:\/\/toolhouse.fi\/fi\/wp-json\/wp\/v2\/product_tag?post=25140"}],"curies":[{"name":"wp","href":"https:\/\/api.w.org\/{rel}","templated":true}]}}