{"id":25160,"date":"2025-03-27T18:56:14","date_gmt":"2025-03-27T16:56:14","guid":{"rendered":"https:\/\/toolhouse.fi\/?post_type=product&#038;p=25160"},"modified":"2026-05-13T11:48:33","modified_gmt":"2026-05-13T08:48:33","slug":"vetonivelen-suojakumin-asennustyokalu-paineilma","status":"publish","type":"product","link":"https:\/\/toolhouse.fi\/fi\/tuote\/vetonivelen-suojakumin-asennustyokalu-paineilma\/","title":{"rendered":"Vetonivelen suojakumin asennusty\u00f6kalu, paineilma"},"content":{"rendered":"","protected":false},"excerpt":{"rendered":"<p class=\"\" data-start=\"0\" data-end=\"101\">Pneumaattinen ty\u00f6kalu vetoakselin suojakumin asentamiseen ilman, ett\u00e4 vetoakselia tarvitsee irrottaa.<\/p>\n<ul>\n<li data-start=\"103\" data-end=\"500\">Ty\u00f6paine: 5 &#8211; 9 BAR<\/li>\n<li data-start=\"103\" data-end=\"500\">Soveltuu suojakumeille, joiden halkaisija on 20 &#8211; 120 mm, mik\u00e4 tekee siit\u00e4 yhteensopivan useimpien automallien kanssa.<\/li>\n<li data-start=\"103\" data-end=\"500\">Varustettu 8 vakaalla leualla, jotka tasaisesti venytt\u00e4v\u00e4t suojakumia est\u00e4en sen vaurioitumisen asennuksen aikana.<\/li>\n<li data-start=\"103\" data-end=\"500\">Kest\u00e4v\u00e4 ja kevyt komposiittirunko<\/li>\n<li data-start=\"103\" data-end=\"500\">Paino: 2,1 kg<\/li>\n<li data-start=\"103\" data-end=\"500\">Pituus:450mm<\/li>\n<li data-start=\"103\" data-end=\"500\">Ce-hyv\u00e4ksytty<\/li>\n<li data-start=\"103\" data-end=\"500\">Valmistaja: Geko.<\/li>\n<\/ul>\n","protected":false},"featured_media":25169,"template":"","meta":{"_acf_changed":false,"_seopress_robots_primary_cat":"none","_seopress_titles_title":"","_seopress_titles_desc":"","_seopress_robots_index":"","_seopress_analysis_target_kw":""},"product_cat":[481,339,40],"product_tag":[],"class_list":{"0":"post-25160","1":"product","2":"type-product","3":"status-publish","4":"has-post-thumbnail","6":"product_cat-alusta-ja-voimansiirtotyokalut","7":"product_cat-autotyokalut","8":"product_cat-korjaamolaitteet","10":"first","11":"instock","12":"taxable","13":"shipping-taxable","14":"purchasable","15":"product-type-simple","swatches":"rey-swatches","show_selected":""},"acf":[],"_links":{"self":[{"href":"https:\/\/toolhouse.fi\/fi\/wp-json\/wp\/v2\/product\/25160","targetHints":{"allow":["GET"]}}],"collection":[{"href":"https:\/\/toolhouse.fi\/fi\/wp-json\/wp\/v2\/product"}],"about":[{"href":"https:\/\/toolhouse.fi\/fi\/wp-json\/wp\/v2\/types\/product"}],"version-history":[{"count":0,"href":"https:\/\/toolhouse.fi\/fi\/wp-json\/wp\/v2\/product\/25160\/revisions"}],"wp:featuredmedia":[{"embeddable":true,"href":"https:\/\/toolhouse.fi\/fi\/wp-json\/wp\/v2\/media\/25169"}],"wp:attachment":[{"href":"https:\/\/toolhouse.fi\/fi\/wp-json\/wp\/v2\/media?parent=25160"}],"wp:term":[{"taxonomy":"product_cat","embeddable":true,"href":"https:\/\/toolhouse.fi\/fi\/wp-json\/wp\/v2\/product_cat?post=25160"},{"taxonomy":"product_tag","embeddable":true,"href":"https:\/\/toolhouse.fi\/fi\/wp-json\/wp\/v2\/product_tag?post=25160"}],"curies":[{"name":"wp","href":"https:\/\/api.w.org\/{rel}","templated":true}]}}