{"id":25179,"date":"2025-03-28T11:46:02","date_gmt":"2025-03-28T09:46:02","guid":{"rendered":"https:\/\/toolhouse.fi\/?post_type=product&#038;p=25179"},"modified":"2026-01-13T19:58:23","modified_gmt":"2026-01-13T17:58:23","slug":"korinoikaisusarjan-pumppu-20t","status":"publish","type":"product","link":"https:\/\/toolhouse.fi\/fi\/tuote\/korinoikaisusarjan-pumppu-20t\/","title":{"rendered":"Korinoikaisusarjan pumppu 20T"},"content":{"rendered":"","protected":false},"excerpt":{"rendered":"<p class=\"\" data-start=\"0\" data-end=\"89\">20T k\u00e4sik\u00e4ytt\u00f6inen hydraulipumppu oikaisusarjoille ja muihin hydraulisiin sovelluksiin.<\/p>\n<p class=\"\" data-start=\"91\" data-end=\"110\"><strong data-start=\"91\" data-end=\"108\">Ominaisuudet:<\/strong><\/p>\n<ul>\n<li data-start=\"113\" data-end=\"138\">Maksimipaine: 20 tonnia<\/li>\n<li data-start=\"141\" data-end=\"165\">Letkun pituus: 1400 mm<\/li>\n<li data-start=\"168\" data-end=\"184\">Valmistaja: Geko<\/li>\n<\/ul>\n","protected":false},"featured_media":25185,"template":"","meta":{"_acf_changed":false,"_seopress_robots_primary_cat":"","_seopress_titles_title":"","_seopress_titles_desc":"","_seopress_robots_index":""},"product_cat":[138,461,462],"product_tag":[],"class_list":{"0":"post-25179","1":"product","2":"type-product","3":"status-publish","4":"has-post-thumbnail","6":"product_cat-hydrauliprassit","7":"product_cat-korinoikaisusarjat","8":"product_cat-varaosat-ja-tarvikkeet-hydrauliprassit","10":"first","11":"instock","12":"taxable","13":"shipping-taxable","14":"purchasable","15":"product-type-simple","swatches":"rey-swatches","show_selected":""},"acf":[],"_links":{"self":[{"href":"https:\/\/toolhouse.fi\/fi\/wp-json\/wp\/v2\/product\/25179","targetHints":{"allow":["GET"]}}],"collection":[{"href":"https:\/\/toolhouse.fi\/fi\/wp-json\/wp\/v2\/product"}],"about":[{"href":"https:\/\/toolhouse.fi\/fi\/wp-json\/wp\/v2\/types\/product"}],"version-history":[{"count":1,"href":"https:\/\/toolhouse.fi\/fi\/wp-json\/wp\/v2\/product\/25179\/revisions"}],"predecessor-version":[{"id":25182,"href":"https:\/\/toolhouse.fi\/fi\/wp-json\/wp\/v2\/product\/25179\/revisions\/25182"}],"wp:featuredmedia":[{"embeddable":true,"href":"https:\/\/toolhouse.fi\/fi\/wp-json\/wp\/v2\/media\/25185"}],"wp:attachment":[{"href":"https:\/\/toolhouse.fi\/fi\/wp-json\/wp\/v2\/media?parent=25179"}],"wp:term":[{"taxonomy":"product_cat","embeddable":true,"href":"https:\/\/toolhouse.fi\/fi\/wp-json\/wp\/v2\/product_cat?post=25179"},{"taxonomy":"product_tag","embeddable":true,"href":"https:\/\/toolhouse.fi\/fi\/wp-json\/wp\/v2\/product_tag?post=25179"}],"curies":[{"name":"wp","href":"https:\/\/api.w.org\/{rel}","templated":true}]}}