{"id":25195,"date":"2025-03-28T14:26:50","date_gmt":"2025-03-28T12:26:50","guid":{"rendered":"https:\/\/toolhouse.fi\/?post_type=product&#038;p=25195"},"modified":"2025-04-06T14:16:45","modified_gmt":"2025-04-06T11:16:45","slug":"sytytystulppahylsy-14-mm-3-8-12-kulm-bmw-renault","status":"publish","type":"product","link":"https:\/\/toolhouse.fi\/fi\/tuote\/sytytystulppahylsy-14-mm-3-8-12-kulm-bmw-renault\/","title":{"rendered":"Sytytystulppahylsy 14 mm 3\/8&#8243; 12 kulm, Bmw Renault"},"content":{"rendered":"","protected":false},"excerpt":{"rendered":"<p class=\"\" data-start=\"0\" data-end=\"71\"><span style=\"color: #333333;\">Ohutsein\u00e4inen sytytystulppahylsy moniin BMW- ja Renault-moottoreihin.<\/span><\/p>\n<ul>\n<li><span style=\"color: #333333;\">Koko: 14 mm<\/span><\/li>\n<li data-start=\"75\" data-end=\"100\"><span style=\"color: #333333;\">V\u00e4\u00e4nti\u00f6: 3\/8&#8243;<\/span><\/li>\n<li data-start=\"103\" data-end=\"117\"><span style=\"color: #333333;\">12-kulmainen<\/span><\/li>\n<li data-start=\"120\" data-end=\"158\"><span style=\"color: #333333;\">Valmistettu kromivanadiiniter\u00e4ksest\u00e4<\/span><\/li>\n<li data-start=\"161\" data-end=\"177\"><span style=\"color: #333333;\">Valmistaja: Geko<\/span><\/li>\n<\/ul>\n","protected":false},"featured_media":25200,"template":"","meta":{"_acf_changed":false,"_seopress_robots_primary_cat":"","_seopress_titles_title":"","_seopress_titles_desc":"","_seopress_robots_index":""},"product_cat":[487,480,40],"product_tag":[],"class_list":{"0":"post-25195","1":"product","2":"type-product","3":"status-publish","4":"has-post-thumbnail","6":"product_cat-hylsytyokalut-vaantotyokalut","7":"product_cat-moottorityokalut","8":"product_cat-korjaamolaitteet","10":"first","11":"instock","12":"taxable","13":"shipping-taxable","14":"purchasable","15":"product-type-simple","swatches":"rey-swatches","show_selected":""},"acf":[],"_links":{"self":[{"href":"https:\/\/toolhouse.fi\/fi\/wp-json\/wp\/v2\/product\/25195","targetHints":{"allow":["GET"]}}],"collection":[{"href":"https:\/\/toolhouse.fi\/fi\/wp-json\/wp\/v2\/product"}],"about":[{"href":"https:\/\/toolhouse.fi\/fi\/wp-json\/wp\/v2\/types\/product"}],"version-history":[{"count":1,"href":"https:\/\/toolhouse.fi\/fi\/wp-json\/wp\/v2\/product\/25195\/revisions"}],"predecessor-version":[{"id":25198,"href":"https:\/\/toolhouse.fi\/fi\/wp-json\/wp\/v2\/product\/25195\/revisions\/25198"}],"wp:featuredmedia":[{"embeddable":true,"href":"https:\/\/toolhouse.fi\/fi\/wp-json\/wp\/v2\/media\/25200"}],"wp:attachment":[{"href":"https:\/\/toolhouse.fi\/fi\/wp-json\/wp\/v2\/media?parent=25195"}],"wp:term":[{"taxonomy":"product_cat","embeddable":true,"href":"https:\/\/toolhouse.fi\/fi\/wp-json\/wp\/v2\/product_cat?post=25195"},{"taxonomy":"product_tag","embeddable":true,"href":"https:\/\/toolhouse.fi\/fi\/wp-json\/wp\/v2\/product_tag?post=25195"}],"curies":[{"name":"wp","href":"https:\/\/api.w.org\/{rel}","templated":true}]}}