{"id":25211,"date":"2025-03-28T18:22:01","date_gmt":"2025-03-28T16:22:01","guid":{"rendered":"https:\/\/toolhouse.fi\/?post_type=product&#038;p=25211"},"modified":"2025-10-22T14:18:54","modified_gmt":"2025-10-22T11:18:54","slug":"vetonivelen-pannan-kiristys-ja-leikkaustyokalu","status":"publish","type":"product","link":"https:\/\/toolhouse.fi\/fi\/tuote\/vetonivelen-pannan-kiristys-ja-leikkaustyokalu\/","title":{"rendered":"Vetonivelen pannan kiristys- ja leikkausty\u00f6kalu"},"content":{"rendered":"","protected":false},"excerpt":{"rendered":"<p class=\"\" data-start=\"0\" data-end=\"84\">Pihdit kiristysnauhojen kirist\u00e4miseen ja katkaisuun vetoniveliss\u00e4.<\/p>\n<ul>\n<li data-start=\"88\" data-end=\"193\">Soveltuu 1\/4\u2033 tai 3\/8\u2033 leveiden metallinauhojen kirist\u00e4miseen ja kiert\u00e4miseen vetonivelen suojakumissa.<\/li>\n<li data-start=\"196\" data-end=\"236\">Varustettu nauhan katkaisutoiminnolla.<\/li>\n<li data-start=\"239\" data-end=\"311\">Valmistettu korkealaatuisesta ter\u00e4ksest\u00e4, muovip\u00e4\u00e4llysteisell\u00e4 kahvalla.<\/li>\n<\/ul>\n","protected":false},"featured_media":25216,"template":"","meta":{"_acf_changed":false,"_seopress_robots_primary_cat":"","_seopress_titles_title":"","_seopress_titles_desc":"","_seopress_robots_index":""},"product_cat":[481,40],"product_tag":[],"class_list":{"0":"post-25211","1":"product","2":"type-product","3":"status-publish","4":"has-post-thumbnail","6":"product_cat-alusta-ja-voimansiirtotyokalut","7":"product_cat-korjaamolaitteet","9":"first","10":"instock","11":"taxable","12":"shipping-taxable","13":"purchasable","14":"product-type-simple","swatches":"rey-swatches","show_selected":""},"acf":[],"_links":{"self":[{"href":"https:\/\/toolhouse.fi\/fi\/wp-json\/wp\/v2\/product\/25211","targetHints":{"allow":["GET"]}}],"collection":[{"href":"https:\/\/toolhouse.fi\/fi\/wp-json\/wp\/v2\/product"}],"about":[{"href":"https:\/\/toolhouse.fi\/fi\/wp-json\/wp\/v2\/types\/product"}],"version-history":[{"count":1,"href":"https:\/\/toolhouse.fi\/fi\/wp-json\/wp\/v2\/product\/25211\/revisions"}],"predecessor-version":[{"id":25214,"href":"https:\/\/toolhouse.fi\/fi\/wp-json\/wp\/v2\/product\/25211\/revisions\/25214"}],"wp:featuredmedia":[{"embeddable":true,"href":"https:\/\/toolhouse.fi\/fi\/wp-json\/wp\/v2\/media\/25216"}],"wp:attachment":[{"href":"https:\/\/toolhouse.fi\/fi\/wp-json\/wp\/v2\/media?parent=25211"}],"wp:term":[{"taxonomy":"product_cat","embeddable":true,"href":"https:\/\/toolhouse.fi\/fi\/wp-json\/wp\/v2\/product_cat?post=25211"},{"taxonomy":"product_tag","embeddable":true,"href":"https:\/\/toolhouse.fi\/fi\/wp-json\/wp\/v2\/product_tag?post=25211"}],"curies":[{"name":"wp","href":"https:\/\/api.w.org\/{rel}","templated":true}]}}