{"id":25229,"date":"2025-03-28T18:44:56","date_gmt":"2025-03-28T16:44:56","guid":{"rendered":"https:\/\/toolhouse.fi\/?post_type=product&#038;p=25229"},"modified":"2025-10-23T02:17:04","modified_gmt":"2025-10-22T23:17:04","slug":"kovametalliviilasarja-6-os","status":"publish","type":"product","link":"https:\/\/toolhouse.fi\/fi\/tuote\/kovametalliviilasarja-6-os\/","title":{"rendered":"Kovametalliviilasarja 6-osaa"},"content":{"rendered":"","protected":false},"excerpt":{"rendered":"<p>Eritt\u00e4in kest\u00e4v\u00e4t py\u00f6riv\u00e4t <span style=\"background-color: var(--body-bg-color); color: var(--body-color); font-family: var(--body-font-family),sans-serif; font-size: 1.125rem; font-weight: var(--body-font-weight,400);\">kovametalliviilat <\/span>metallinty\u00f6st\u00f6\u00f6n, valmistettu volframikarbidista.<\/p>\n<ul>\n<li data-start=\"261\" data-end=\"388\"><strong data-start=\"111\" data-end=\"134\">Soveltuu ter\u00e4kselle<\/strong> \u2013 Optimoitu kovien materiaalien, kuten ter\u00e4ksen, tarkkaan ja tehokkaaseen ty\u00f6st\u00f6\u00f6n.<\/li>\n<li data-start=\"391\" data-end=\"542\"><strong data-start=\"223\" data-end=\"246\">Monipuoliset muodot<\/strong> \u2013 Sarja sis\u00e4lt\u00e4\u00e4 py\u00f6re\u00e4n, liekkimallisen, py\u00f6ristetyn, lieri\u00f6m\u00e4isen py\u00f6ristetyll\u00e4 k\u00e4rjell\u00e4, kartiomallisen ja ovaalimaisen viilan.<\/li>\n<li data-start=\"545\" data-end=\"670\"><strong data-start=\"545\" data-end=\"581\">Korkea kest\u00e4vyys ja suorituskyky<\/strong> \u2013 Kest\u00e4\u00e4 korkeita kierrosnopeuksia (jopa 30 000 rpm) ja on eritt\u00e4in kulutuksenkest\u00e4v\u00e4.<\/li>\n<\/ul>\n<h3 class=\"\" data-start=\"672\" data-end=\"694\">Tekniset tiedot:<\/h3>\n<ul>\n<li data-start=\"697\" data-end=\"719\"><strong data-start=\"697\" data-end=\"712\">Valmistaja:<\/strong> Geko<\/li>\n<li data-start=\"722\" data-end=\"756\"><strong data-start=\"722\" data-end=\"738\">K\u00e4ytt\u00f6kohde:<\/strong> Ter\u00e4ksen ty\u00f6st\u00f6<\/li>\n<li data-start=\"759\" data-end=\"791\"><strong data-start=\"759\" data-end=\"783\">M\u00e4\u00e4r\u00e4:<\/strong> 6 kpl<\/li>\n<li data-start=\"794\" data-end=\"905\"><strong data-start=\"794\" data-end=\"815\">Muodot:<\/strong> lieri\u00f6m\u00e4inen, py\u00f6re\u00e4\u00a0, liekkimallinen, py\u00f6ristetty, lieri\u00f6m\u00e4inen py\u00f6ristetyll\u00e4 k\u00e4rjell\u00e4, kartiomallinen, ovaalimainen<\/li>\n<li data-start=\"908\" data-end=\"937\"><strong data-start=\"908\" data-end=\"930\">Varren halkaisija:<\/strong> 6 mm<\/li>\n<li data-start=\"981\" data-end=\"1014\"><strong data-start=\"981\" data-end=\"996\">Materiaali:<\/strong> Volframikarbidi<\/li>\n<li data-start=\"1017\" data-end=\"1055\"><strong data-start=\"1017\" data-end=\"1042\">Maksimikierrosnopeus:<\/strong> 30 000 rpm<\/li>\n<li data-start=\"1058\" data-end=\"1092\"><strong data-start=\"1058\" data-end=\"1070\">Pakkaus:<\/strong> Lukittava muovikotelo<\/li>\n<\/ul>\n","protected":false},"featured_media":25250,"template":"","meta":{"_acf_changed":false,"_seopress_robots_primary_cat":"none","_seopress_titles_title":"","_seopress_titles_desc":"","_seopress_robots_index":""},"product_cat":[472,473,350,40],"product_tag":[],"class_list":{"0":"post-25229","1":"product","2":"type-product","3":"status-publish","4":"has-post-thumbnail","6":"product_cat-metallityo","7":"product_cat-metallityon-tarvikkeet","8":"product_cat-muut","9":"product_cat-korjaamolaitteet","11":"first","12":"instock","13":"taxable","14":"shipping-taxable","15":"purchasable","16":"product-type-simple","swatches":"rey-swatches","show_selected":""},"acf":[],"_links":{"self":[{"href":"https:\/\/toolhouse.fi\/fi\/wp-json\/wp\/v2\/product\/25229","targetHints":{"allow":["GET"]}}],"collection":[{"href":"https:\/\/toolhouse.fi\/fi\/wp-json\/wp\/v2\/product"}],"about":[{"href":"https:\/\/toolhouse.fi\/fi\/wp-json\/wp\/v2\/types\/product"}],"version-history":[{"count":2,"href":"https:\/\/toolhouse.fi\/fi\/wp-json\/wp\/v2\/product\/25229\/revisions"}],"predecessor-version":[{"id":25233,"href":"https:\/\/toolhouse.fi\/fi\/wp-json\/wp\/v2\/product\/25229\/revisions\/25233"}],"wp:featuredmedia":[{"embeddable":true,"href":"https:\/\/toolhouse.fi\/fi\/wp-json\/wp\/v2\/media\/25250"}],"wp:attachment":[{"href":"https:\/\/toolhouse.fi\/fi\/wp-json\/wp\/v2\/media?parent=25229"}],"wp:term":[{"taxonomy":"product_cat","embeddable":true,"href":"https:\/\/toolhouse.fi\/fi\/wp-json\/wp\/v2\/product_cat?post=25229"},{"taxonomy":"product_tag","embeddable":true,"href":"https:\/\/toolhouse.fi\/fi\/wp-json\/wp\/v2\/product_tag?post=25229"}],"curies":[{"name":"wp","href":"https:\/\/api.w.org\/{rel}","templated":true}]}}