{"id":25266,"date":"2025-03-29T10:24:30","date_gmt":"2025-03-29T08:24:30","guid":{"rendered":"https:\/\/toolhouse.fi\/?post_type=product&#038;p=25266"},"modified":"2026-03-27T08:24:50","modified_gmt":"2026-03-27T06:24:50","slug":"tiivisterenkaat-alumiini-300-kpl","status":"publish","type":"product","link":"https:\/\/toolhouse.fi\/fi\/tuote\/tiivisterenkaat-alumiini-300-kpl\/","title":{"rendered":"Tiivisterenkaat alumiini 300 kpl"},"content":{"rendered":"","protected":false},"excerpt":{"rendered":"<p class=\"\" data-start=\"0\" data-end=\"50\">Tiivisterengaslajitelma alumiini 300-os, sis\u00e4lt\u00e4\u00e4 30 eri kokoa, 5 &#8211; 28 mm.<\/p>\n<p data-start=\"0\" data-end=\"50\">Sis\u00e4lt\u00e4\u00e4 yleisimm\u00e4t koot ja sopii \u00f6ljytulppaan useimmissa ajoneuvoissa.<\/p>\n<p data-start=\"0\" data-end=\"50\">\n<p data-start=\"52\" data-end=\"110\"><strong>Sis\u00e4lt\u00f6 [sis\u00e4halkaisija x ulkohalkaisija x paksuus]:<\/strong><\/p>\n<ul>\n<li data-start=\"113\" data-end=\"129\">10 kpl 5x9x1mm<\/li>\n<li data-start=\"132\" data-end=\"149\">10 kpl 6x10x1mm<\/li>\n<li data-start=\"152\" data-end=\"169\">10 kpl 6x12x1mm<\/li>\n<li data-start=\"172\" data-end=\"189\">10 kpl 8x12x1mm<\/li>\n<li data-start=\"192\" data-end=\"209\">10 kpl 8x14x1mm<\/li>\n<li data-start=\"212\" data-end=\"231\">10 kpl 8x14x1.5mm<\/li>\n<li data-start=\"234\" data-end=\"251\">10 kpl 9x14x1mm<\/li>\n<li data-start=\"254\" data-end=\"272\">10 kpl 10x14x1mm<\/li>\n<li data-start=\"275\" data-end=\"295\">10 kpl 10x14x1.5mm<\/li>\n<li data-start=\"298\" data-end=\"316\">10 kpl 10x16x1mm<\/li>\n<li data-start=\"319\" data-end=\"337\">10 kpl 12x16x1mm<\/li>\n<li data-start=\"340\" data-end=\"360\">10 kpl 12x16x1.5mm<\/li>\n<li data-start=\"363\" data-end=\"383\">10 kpl 12x18x1.5mm<\/li>\n<li data-start=\"386\" data-end=\"404\">10 kpl 13x18x1mm<\/li>\n<li data-start=\"407\" data-end=\"427\">10 kpl 14x18x1.5mm<\/li>\n<li data-start=\"430\" data-end=\"450\">10 kpl 14x20x1.5mm<\/li>\n<li data-start=\"453\" data-end=\"471\">10 kpl 14x20x2mm<\/li>\n<li data-start=\"474\" data-end=\"494\">10 kpl 16x20x1.5mm<\/li>\n<li data-start=\"497\" data-end=\"517\">10 kpl 16x22x1.5mm<\/li>\n<li data-start=\"520\" data-end=\"540\">10 kpl 18x22x1.5mm<\/li>\n<li data-start=\"543\" data-end=\"563\">10 kpl 18x24x1.5mm<\/li>\n<li data-start=\"566\" data-end=\"588\">10 kpl 20&#215;24.5&#215;1.5mm<\/li>\n<li data-start=\"591\" data-end=\"613\">10 kpl 20&#215;24.5&#215;0.8mm<\/li>\n<li data-start=\"616\" data-end=\"634\">10 kpl 19x26x2mm<\/li>\n<li data-start=\"637\" data-end=\"655\">10 kpl 22x27x1mm<\/li>\n<li data-start=\"658\" data-end=\"678\">10 kpl 22x29x1.5mm<\/li>\n<li data-start=\"681\" data-end=\"701\">10 kpl 24x29x1.5mm<\/li>\n<li data-start=\"704\" data-end=\"722\">10 kpl 24x32x2mm<\/li>\n<li data-start=\"725\" data-end=\"743\">10 kpl 26x34x2mm<\/li>\n<li data-start=\"746\" data-end=\"764\">10 kpl 28x36x2mm<\/li>\n<li data-start=\"766\" data-end=\"807\">Lokerollinen muovilaatikko.<\/li>\n<\/ul>\n","protected":false},"featured_media":25272,"template":"","meta":{"_acf_changed":false,"_seopress_robots_primary_cat":"none","_seopress_titles_title":"","_seopress_titles_desc":"","_seopress_robots_index":""},"product_cat":[350,341,40],"product_tag":[],"class_list":{"0":"post-25266","1":"product","2":"type-product","3":"status-publish","4":"has-post-thumbnail","6":"product_cat-muut","7":"product_cat-oljynvaihto","8":"product_cat-korjaamolaitteet","10":"first","11":"instock","12":"taxable","13":"shipping-taxable","14":"purchasable","15":"product-type-simple","swatches":"rey-swatches","show_selected":""},"acf":[],"_links":{"self":[{"href":"https:\/\/toolhouse.fi\/fi\/wp-json\/wp\/v2\/product\/25266","targetHints":{"allow":["GET"]}}],"collection":[{"href":"https:\/\/toolhouse.fi\/fi\/wp-json\/wp\/v2\/product"}],"about":[{"href":"https:\/\/toolhouse.fi\/fi\/wp-json\/wp\/v2\/types\/product"}],"version-history":[{"count":3,"href":"https:\/\/toolhouse.fi\/fi\/wp-json\/wp\/v2\/product\/25266\/revisions"}],"predecessor-version":[{"id":25287,"href":"https:\/\/toolhouse.fi\/fi\/wp-json\/wp\/v2\/product\/25266\/revisions\/25287"}],"wp:featuredmedia":[{"embeddable":true,"href":"https:\/\/toolhouse.fi\/fi\/wp-json\/wp\/v2\/media\/25272"}],"wp:attachment":[{"href":"https:\/\/toolhouse.fi\/fi\/wp-json\/wp\/v2\/media?parent=25266"}],"wp:term":[{"taxonomy":"product_cat","embeddable":true,"href":"https:\/\/toolhouse.fi\/fi\/wp-json\/wp\/v2\/product_cat?post=25266"},{"taxonomy":"product_tag","embeddable":true,"href":"https:\/\/toolhouse.fi\/fi\/wp-json\/wp\/v2\/product_tag?post=25266"}],"curies":[{"name":"wp","href":"https:\/\/api.w.org\/{rel}","templated":true}]}}