{"id":25283,"date":"2025-03-29T12:27:05","date_gmt":"2025-03-29T10:27:05","guid":{"rendered":"https:\/\/toolhouse.fi\/?post_type=product&#038;p=25283"},"modified":"2025-11-29T22:13:29","modified_gmt":"2025-11-29T20:13:29","slug":"kuparitiivistelajitelma-220-kpl","status":"publish","type":"product","link":"https:\/\/toolhouse.fi\/fi\/tuote\/kuparitiivistelajitelma-220-kpl\/","title":{"rendered":"Kuparitiivistelajitelma 220 kpl"},"content":{"rendered":"","protected":false},"excerpt":{"rendered":"<p class=\"\" data-start=\"0\" data-end=\"55\">220-osainen kupariprikkasetti, jossa on 16 eri kokoa. Sis\u00e4lt\u00e4\u00e4 yleisimm\u00e4t koot ja sopii \u00f6ljytulppaan useimmissa ajoneuvoissa.<\/p>\n<p data-start=\"57\" data-end=\"115\"><strong>Sis\u00e4lt\u00f6 [sis\u00e4halkaisija x ulkohalkaisija x paksuus]:<\/strong><\/p>\n<ul>\n<li data-start=\"118\" data-end=\"134\">25 kpl 4x8x1mm<\/li>\n<li data-start=\"137\" data-end=\"154\">25 kpl 6x10x1mm<\/li>\n<li data-start=\"157\" data-end=\"174\">10 kpl 8x12x1mm<\/li>\n<li data-start=\"177\" data-end=\"195\">10 kpl 10x14x1mm<\/li>\n<li data-start=\"198\" data-end=\"218\">10 kpl 12x16x1.5mm<\/li>\n<li data-start=\"221\" data-end=\"241\">10 kpl 14x18x1.5mm<\/li>\n<li data-start=\"244\" data-end=\"264\">10 kpl 16x20x1.5mm<\/li>\n<li data-start=\"267\" data-end=\"287\">10 kpl 20x26x1.5mm<\/li>\n<li data-start=\"290\" data-end=\"306\">25 kpl 5x9x1mm<\/li>\n<li data-start=\"309\" data-end=\"326\">25 kpl 6x12x1mm<\/li>\n<li data-start=\"329\" data-end=\"346\">10 kpl 8x14x1mm<\/li>\n<li data-start=\"349\" data-end=\"367\">10 kpl 10x16x1mm<\/li>\n<li data-start=\"370\" data-end=\"390\">10 kpl 12x18x1.5mm<\/li>\n<li data-start=\"393\" data-end=\"413\">10 kpl 14x20x1.5mm<\/li>\n<li data-start=\"416\" data-end=\"436\">10 kpl 18x24x1.5mm<\/li>\n<li data-start=\"439\" data-end=\"459\">10 kpl 22x27x1.5mm<\/li>\n<li data-start=\"461\" data-end=\"514\">Toimitetaan lokerollisessa muovilaatikossa.<\/li>\n<\/ul>\n","protected":false},"featured_media":25289,"template":"","meta":{"_acf_changed":false,"_seopress_robots_primary_cat":"","_seopress_titles_title":"","_seopress_titles_desc":"","_seopress_robots_index":""},"product_cat":[350,341,40],"product_tag":[],"class_list":{"0":"post-25283","1":"product","2":"type-product","3":"status-publish","4":"has-post-thumbnail","6":"product_cat-muut","7":"product_cat-oljynvaihto","8":"product_cat-korjaamolaitteet","10":"first","11":"instock","12":"taxable","13":"shipping-taxable","14":"purchasable","15":"product-type-simple","swatches":"rey-swatches","show_selected":""},"acf":[],"_links":{"self":[{"href":"https:\/\/toolhouse.fi\/fi\/wp-json\/wp\/v2\/product\/25283","targetHints":{"allow":["GET"]}}],"collection":[{"href":"https:\/\/toolhouse.fi\/fi\/wp-json\/wp\/v2\/product"}],"about":[{"href":"https:\/\/toolhouse.fi\/fi\/wp-json\/wp\/v2\/types\/product"}],"version-history":[{"count":1,"href":"https:\/\/toolhouse.fi\/fi\/wp-json\/wp\/v2\/product\/25283\/revisions"}],"predecessor-version":[{"id":25286,"href":"https:\/\/toolhouse.fi\/fi\/wp-json\/wp\/v2\/product\/25283\/revisions\/25286"}],"wp:featuredmedia":[{"embeddable":true,"href":"https:\/\/toolhouse.fi\/fi\/wp-json\/wp\/v2\/media\/25289"}],"wp:attachment":[{"href":"https:\/\/toolhouse.fi\/fi\/wp-json\/wp\/v2\/media?parent=25283"}],"wp:term":[{"taxonomy":"product_cat","embeddable":true,"href":"https:\/\/toolhouse.fi\/fi\/wp-json\/wp\/v2\/product_cat?post=25283"},{"taxonomy":"product_tag","embeddable":true,"href":"https:\/\/toolhouse.fi\/fi\/wp-json\/wp\/v2\/product_tag?post=25283"}],"curies":[{"name":"wp","href":"https:\/\/api.w.org\/{rel}","templated":true}]}}