{"id":25302,"date":"2025-03-29T14:46:21","date_gmt":"2025-03-29T12:52:07","guid":{"rendered":"https:\/\/toolhouse.fi\/?post_type=product&#038;p=25302"},"modified":"2025-03-29T19:48:20","modified_gmt":"2025-03-29T17:48:20","slug":"vipupuristin-400x100mm","status":"publish","type":"product","link":"https:\/\/toolhouse.fi\/fi\/tuote\/vipupuristin-400x100mm\/","title":{"rendered":"Vipupuristin 400x100mm"},"content":{"rendered":"","protected":false},"excerpt":{"rendered":"<p class=\"\" data-start=\"0\" data-end=\"170\">Tvardy pikapuristin, valmistettu kest\u00e4v\u00e4st\u00e4 taotusta ter\u00e4ksest\u00e4 ja suojattu korroosiota est\u00e4v\u00e4ll\u00e4 kromipinnoitteella. Muovisuojat suojaavat herkki\u00e4 pintoja naarmuilta.<\/p>\n<p class=\"\" data-start=\"172\" data-end=\"313\">Vahva 500 kg puristusvoima takaa tukevan kiinnityksen, ja k\u00e4tev\u00e4 r\u00e4ikk\u00e4mekanismi mahdollistaa tarkan ja vaivattoman k\u00e4yt\u00f6n yhdell\u00e4 k\u00e4dell\u00e4.<\/p>\n<h3 class=\"\" data-start=\"315\" data-end=\"341\"><strong data-start=\"319\" data-end=\"339\">Tekniset tiedot:<\/strong><\/h3>\n<ul>\n<li data-start=\"344\" data-end=\"364\">Valmistaja: Tvardy<\/li>\n<li data-start=\"367\" data-end=\"397\">Materiaali: Taottu ter\u00e4s<\/li>\n<li data-start=\"400\" data-end=\"428\">Kromipinnotettu<\/li>\n<li data-start=\"400\" data-end=\"428\">Kahva: Alumiini<\/li>\n<li data-start=\"431\" data-end=\"461\">Maksimi avautuma: 400 mm<\/li>\n<li data-start=\"431\" data-end=\"461\">Kokonaispituus: 480 mm<\/li>\n<li data-start=\"464\" data-end=\"484\">Leuan syvyys: 120 mm<\/li>\n<li>kisko 20&#215;9,5 mm<\/li>\n<li data-start=\"487\" data-end=\"514\">Puristusvoima: 500 kg<\/li>\n<li data-start=\"517\" data-end=\"541\">Muovisuojat<\/li>\n<li data-start=\"544\" data-end=\"563\">Paino: 1,2 kg<\/li>\n<li data-start=\"566\" data-end=\"599\">Varustettu r\u00e4ikk\u00e4mekanismilla<\/li>\n<\/ul>\n","protected":false},"featured_media":25311,"template":"","meta":{"_acf_changed":false,"_seopress_robots_primary_cat":"none","_seopress_titles_title":"","_seopress_titles_desc":"","_seopress_robots_index":""},"product_cat":[467,488,350,337],"product_tag":[],"class_list":{"0":"post-25302","1":"product","2":"type-product","3":"status-publish","4":"has-post-thumbnail","6":"product_cat-hitsaustarvikkeet","7":"product_cat-kasityokalut","8":"product_cat-muut","9":"product_cat-tyokalut","11":"first","12":"instock","13":"taxable","14":"shipping-taxable","15":"purchasable","16":"product-type-simple","swatches":"rey-swatches","show_selected":""},"acf":[],"_links":{"self":[{"href":"https:\/\/toolhouse.fi\/fi\/wp-json\/wp\/v2\/product\/25302","targetHints":{"allow":["GET"]}}],"collection":[{"href":"https:\/\/toolhouse.fi\/fi\/wp-json\/wp\/v2\/product"}],"about":[{"href":"https:\/\/toolhouse.fi\/fi\/wp-json\/wp\/v2\/types\/product"}],"version-history":[{"count":2,"href":"https:\/\/toolhouse.fi\/fi\/wp-json\/wp\/v2\/product\/25302\/revisions"}],"predecessor-version":[{"id":25319,"href":"https:\/\/toolhouse.fi\/fi\/wp-json\/wp\/v2\/product\/25302\/revisions\/25319"}],"wp:featuredmedia":[{"embeddable":true,"href":"https:\/\/toolhouse.fi\/fi\/wp-json\/wp\/v2\/media\/25311"}],"wp:attachment":[{"href":"https:\/\/toolhouse.fi\/fi\/wp-json\/wp\/v2\/media?parent=25302"}],"wp:term":[{"taxonomy":"product_cat","embeddable":true,"href":"https:\/\/toolhouse.fi\/fi\/wp-json\/wp\/v2\/product_cat?post=25302"},{"taxonomy":"product_tag","embeddable":true,"href":"https:\/\/toolhouse.fi\/fi\/wp-json\/wp\/v2\/product_tag?post=25302"}],"curies":[{"name":"wp","href":"https:\/\/api.w.org\/{rel}","templated":true}]}}