{"id":25446,"date":"2025-04-10T18:38:29","date_gmt":"2025-04-10T15:38:29","guid":{"rendered":"https:\/\/toolhouse.fi\/?post_type=product&#038;p=25446"},"modified":"2025-04-10T18:45:29","modified_gmt":"2025-04-10T15:45:29","slug":"ladattava-led-tyovalaisin","status":"publish","type":"product","link":"https:\/\/toolhouse.fi\/fi\/tuote\/ladattava-led-tyovalaisin\/","title":{"rendered":"Ladattava LED-ty\u00f6valaisin"},"content":{"rendered":"","protected":false},"excerpt":{"rendered":"<p class=\"\" data-start=\"41\" data-end=\"238\">Iskunkest\u00e4v\u00e4 ja kompakti ladattava ty\u00f6valaisin magneettikiinnityksell\u00e4 ja ripustuslenkill\u00e4. 4 tunnin akunkesto ja 450 lumenin valoteho tekev\u00e4t siit\u00e4 erinomaisen valinnan kaikenlaisiin huoltot\u00f6ihin.<\/p>\n<p class=\"\" data-start=\"240\" data-end=\"260\"><strong data-start=\"240\" data-end=\"260\">Tekniset tiedot:<\/strong><\/p>\n<ul>\n<li data-start=\"262\" data-end=\"717\">Valonl\u00e4hde: 10W COB LED<\/li>\n<li data-start=\"262\" data-end=\"717\">Valovirta: 450 lm<\/li>\n<li data-start=\"262\" data-end=\"717\">Akunkapasiteetti: 1800 mAh<\/li>\n<li data-start=\"262\" data-end=\"717\">K\u00e4ytt\u00f6aika: 4 tuntia t\u00e4ydell\u00e4 teholla<\/li>\n<li data-start=\"262\" data-end=\"717\">K\u00e4ytt\u00f6l\u00e4mp\u00f6tila: -45\u202f\u00b0C &#8211; 50\u202f\u00b0C<\/li>\n<li data-start=\"262\" data-end=\"717\">Eritysluokka: IP44 (p\u00f6ly- ja roiskesuojattu)<\/li>\n<li data-start=\"262\" data-end=\"717\">Valokeila: 120\u00b0<\/li>\n<li data-start=\"262\" data-end=\"717\">V\u00e4rintoistoluokka (CRI): &gt;80 Ra<\/li>\n<li data-start=\"262\" data-end=\"717\">Valon s\u00e4\u00e4dett\u00e4vyys: Jatkuva<\/li>\n<li data-start=\"262\" data-end=\"717\">Kiinnitys: Magneettinen, 360\u00b0 k\u00e4\u00e4nnett\u00e4v\u00e4<\/li>\n<li data-start=\"262\" data-end=\"717\">Lis\u00e4kahva: Ripustuslenkki<\/li>\n<li data-start=\"262\" data-end=\"717\">Lataus: micro-USB, latauskaapeli sis\u00e4ltyy<\/li>\n<li data-start=\"262\" data-end=\"717\">Mitat: 37,5 x 3,5 x 2,6 cm<\/li>\n<\/ul>\n","protected":false},"featured_media":25452,"template":"","meta":{"_acf_changed":false,"_seopress_robots_primary_cat":"","_seopress_titles_title":"","_seopress_titles_desc":"","_seopress_robots_index":""},"product_cat":[339,488,350,40],"product_tag":[],"class_list":{"0":"post-25446","1":"product","2":"type-product","3":"status-publish","4":"has-post-thumbnail","6":"product_cat-autotyokalut","7":"product_cat-kasityokalut","8":"product_cat-muut","9":"product_cat-korjaamolaitteet","11":"first","12":"instock","13":"taxable","14":"shipping-taxable","15":"purchasable","16":"product-type-simple","swatches":"rey-swatches","show_selected":""},"acf":[],"_links":{"self":[{"href":"https:\/\/toolhouse.fi\/fi\/wp-json\/wp\/v2\/product\/25446","targetHints":{"allow":["GET"]}}],"collection":[{"href":"https:\/\/toolhouse.fi\/fi\/wp-json\/wp\/v2\/product"}],"about":[{"href":"https:\/\/toolhouse.fi\/fi\/wp-json\/wp\/v2\/types\/product"}],"version-history":[{"count":2,"href":"https:\/\/toolhouse.fi\/fi\/wp-json\/wp\/v2\/product\/25446\/revisions"}],"predecessor-version":[{"id":25450,"href":"https:\/\/toolhouse.fi\/fi\/wp-json\/wp\/v2\/product\/25446\/revisions\/25450"}],"wp:featuredmedia":[{"embeddable":true,"href":"https:\/\/toolhouse.fi\/fi\/wp-json\/wp\/v2\/media\/25452"}],"wp:attachment":[{"href":"https:\/\/toolhouse.fi\/fi\/wp-json\/wp\/v2\/media?parent=25446"}],"wp:term":[{"taxonomy":"product_cat","embeddable":true,"href":"https:\/\/toolhouse.fi\/fi\/wp-json\/wp\/v2\/product_cat?post=25446"},{"taxonomy":"product_tag","embeddable":true,"href":"https:\/\/toolhouse.fi\/fi\/wp-json\/wp\/v2\/product_tag?post=25446"}],"curies":[{"name":"wp","href":"https:\/\/api.w.org\/{rel}","templated":true}]}}