{"id":25470,"date":"2025-04-11T10:43:15","date_gmt":"2025-04-11T07:43:15","guid":{"rendered":"https:\/\/toolhouse.fi\/?post_type=product&#038;p=25470"},"modified":"2026-02-08T12:25:43","modified_gmt":"2026-02-08T10:25:43","slug":"letkunsulkijapihtisarja-suora","status":"publish","type":"product","link":"https:\/\/toolhouse.fi\/fi\/tuote\/letkunsulkijapihtisarja-suora\/","title":{"rendered":"Letkunsulkijapihtisarja suora"},"content":{"rendered":"","protected":false},"excerpt":{"rendered":"<p class=\"\" data-start=\"0\" data-end=\"150\">Soveltuu letkuille, joiden halkaisija on enint\u00e4\u00e4n 63 mm. Pihdeill\u00e4 voidaan est\u00e4\u00e4 nesteiden valuminen esimerkiksi j\u00e4\u00e4hdytysletkuista, jarruletkuista ym.<\/p>\n<p class=\"\" data-start=\"152\" data-end=\"164\"><strong data-start=\"152\" data-end=\"164\">Sis\u00e4lt\u00f6:<\/strong><\/p>\n<ul>\n<li data-start=\"166\" data-end=\"308\">Lyhyt letkupihdit: 160 mm, 3\u201320 mm<\/li>\n<li data-start=\"166\" data-end=\"308\">Keskikokoiset letkupihdit: 190 mm, 3\u201335 mm<\/li>\n<li data-start=\"166\" data-end=\"308\">Pitk\u00e4t letkupihdit: 255 mm, 3\u201363 mm<\/li>\n<\/ul>\n<p class=\"\" data-start=\"166\" data-end=\"308\"><br data-start=\"283\" data-end=\"286\" \/>Valmistettu nylonista.<\/p>\n","protected":false},"featured_media":25479,"template":"","meta":{"_acf_changed":false,"_seopress_robots_primary_cat":"","_seopress_titles_title":"","_seopress_titles_desc":"","_seopress_robots_index":""},"product_cat":[339,482,480,350,40],"product_tag":[],"class_list":{"0":"post-25470","1":"product","2":"type-product","3":"status-publish","4":"has-post-thumbnail","6":"product_cat-autotyokalut","7":"product_cat-jarrutyokalut","8":"product_cat-moottorityokalut","9":"product_cat-muut","10":"product_cat-korjaamolaitteet","12":"first","13":"instock","14":"taxable","15":"shipping-taxable","16":"purchasable","17":"product-type-simple","swatches":"rey-swatches","show_selected":""},"acf":[],"_links":{"self":[{"href":"https:\/\/toolhouse.fi\/fi\/wp-json\/wp\/v2\/product\/25470","targetHints":{"allow":["GET"]}}],"collection":[{"href":"https:\/\/toolhouse.fi\/fi\/wp-json\/wp\/v2\/product"}],"about":[{"href":"https:\/\/toolhouse.fi\/fi\/wp-json\/wp\/v2\/types\/product"}],"version-history":[{"count":1,"href":"https:\/\/toolhouse.fi\/fi\/wp-json\/wp\/v2\/product\/25470\/revisions"}],"predecessor-version":[{"id":25473,"href":"https:\/\/toolhouse.fi\/fi\/wp-json\/wp\/v2\/product\/25470\/revisions\/25473"}],"wp:featuredmedia":[{"embeddable":true,"href":"https:\/\/toolhouse.fi\/fi\/wp-json\/wp\/v2\/media\/25479"}],"wp:attachment":[{"href":"https:\/\/toolhouse.fi\/fi\/wp-json\/wp\/v2\/media?parent=25470"}],"wp:term":[{"taxonomy":"product_cat","embeddable":true,"href":"https:\/\/toolhouse.fi\/fi\/wp-json\/wp\/v2\/product_cat?post=25470"},{"taxonomy":"product_tag","embeddable":true,"href":"https:\/\/toolhouse.fi\/fi\/wp-json\/wp\/v2\/product_tag?post=25470"}],"curies":[{"name":"wp","href":"https:\/\/api.w.org\/{rel}","templated":true}]}}