{"id":25488,"date":"2025-04-11T11:33:55","date_gmt":"2025-04-11T08:33:55","guid":{"rendered":"https:\/\/toolhouse.fi\/?post_type=product&#038;p=25488"},"modified":"2025-04-11T11:36:44","modified_gmt":"2025-04-11T08:36:44","slug":"letkunsulkijapihtisarja-taivutettu","status":"publish","type":"product","link":"https:\/\/toolhouse.fi\/fi\/tuote\/letkunsulkijapihtisarja-taivutettu\/","title":{"rendered":"Letkunsulkijapihtisarja taivutettu"},"content":{"rendered":"","protected":false},"excerpt":{"rendered":"<p>Letkupihtisarja joka on 90\u00b0 kulmassa. Pihdeill\u00e4 voidaan est\u00e4\u00e4 nesteiden valuminen esimerkiksi j\u00e4\u00e4hdytysletkuista, jarruletkuista ym.<\/p>\n<p class=\"\" data-start=\"152\" data-end=\"164\"><strong data-start=\"152\" data-end=\"164\">Sis\u00e4lt\u00f6:<\/strong><\/p>\n<ul>\n<li data-start=\"0\" data-end=\"146\">Lyhyt letkupihdit: 155 mm, avautuma \u2013 17 mm<\/li>\n<li data-start=\"0\" data-end=\"146\">Keskikokoiset letkupihdit: 165 mm, avautuma \u2013 24 mm<\/li>\n<li data-start=\"0\" data-end=\"146\">Pitk\u00e4t letkupihdit: 220 mm, avautuma \u2013 38 mm<\/li>\n<\/ul>\n<p class=\"\" data-start=\"148\" data-end=\"170\">Valmistettu nylonista.<\/p>\n","protected":false},"featured_media":25493,"template":"","meta":{"_acf_changed":false,"_seopress_robots_primary_cat":"","_seopress_titles_title":"","_seopress_titles_desc":"","_seopress_robots_index":""},"product_cat":[339,482,480,350,40],"product_tag":[],"class_list":{"0":"post-25488","1":"product","2":"type-product","3":"status-publish","4":"has-post-thumbnail","6":"product_cat-autotyokalut","7":"product_cat-jarrutyokalut","8":"product_cat-moottorityokalut","9":"product_cat-muut","10":"product_cat-korjaamolaitteet","12":"first","13":"instock","14":"taxable","15":"shipping-taxable","16":"purchasable","17":"product-type-simple","swatches":"rey-swatches","show_selected":""},"acf":[],"_links":{"self":[{"href":"https:\/\/toolhouse.fi\/fi\/wp-json\/wp\/v2\/product\/25488","targetHints":{"allow":["GET"]}}],"collection":[{"href":"https:\/\/toolhouse.fi\/fi\/wp-json\/wp\/v2\/product"}],"about":[{"href":"https:\/\/toolhouse.fi\/fi\/wp-json\/wp\/v2\/types\/product"}],"version-history":[{"count":1,"href":"https:\/\/toolhouse.fi\/fi\/wp-json\/wp\/v2\/product\/25488\/revisions"}],"predecessor-version":[{"id":25491,"href":"https:\/\/toolhouse.fi\/fi\/wp-json\/wp\/v2\/product\/25488\/revisions\/25491"}],"wp:featuredmedia":[{"embeddable":true,"href":"https:\/\/toolhouse.fi\/fi\/wp-json\/wp\/v2\/media\/25493"}],"wp:attachment":[{"href":"https:\/\/toolhouse.fi\/fi\/wp-json\/wp\/v2\/media?parent=25488"}],"wp:term":[{"taxonomy":"product_cat","embeddable":true,"href":"https:\/\/toolhouse.fi\/fi\/wp-json\/wp\/v2\/product_cat?post=25488"},{"taxonomy":"product_tag","embeddable":true,"href":"https:\/\/toolhouse.fi\/fi\/wp-json\/wp\/v2\/product_tag?post=25488"}],"curies":[{"name":"wp","href":"https:\/\/api.w.org\/{rel}","templated":true}]}}