{"id":25573,"date":"2025-04-16T15:55:10","date_gmt":"2025-04-16T12:55:10","guid":{"rendered":"https:\/\/toolhouse.fi\/?post_type=product&#038;p=25573"},"modified":"2026-01-06T22:15:42","modified_gmt":"2026-01-06T20:15:42","slug":"pesuharja-osienpesualtaaseen","status":"publish","type":"product","link":"https:\/\/toolhouse.fi\/fi\/tuote\/pesuharja-osienpesualtaaseen\/","title":{"rendered":"Pesuharja osienpesualtaaseen"},"content":{"rendered":"","protected":false},"excerpt":{"rendered":"<p class=\"\" data-start=\"0\" data-end=\"50\">K\u00e4yt\u00e4nn\u00f6llinen lis\u00e4varuste osapesureihin.<\/p>\n<ul>\n<li data-start=\"56\" data-end=\"156\">Harjan halkaisija: 38 mm<\/li>\n<li data-start=\"56\" data-end=\"156\">Letkun halkaisija: 16 mm<\/li>\n<li data-start=\"56\" data-end=\"156\">Kokonaispituus: 940 mm<\/li>\n<li data-start=\"56\" data-end=\"156\">Letkun pituus: 680 mm<\/li>\n<\/ul>\n","protected":false},"featured_media":25570,"template":"","meta":{"_acf_changed":false,"_seopress_robots_primary_cat":"none","_seopress_titles_title":"","_seopress_titles_desc":"","_seopress_robots_index":""},"product_cat":[335,40],"product_tag":[],"class_list":{"0":"post-25573","1":"product","2":"type-product","3":"status-publish","4":"has-post-thumbnail","6":"product_cat-osienpesu","7":"product_cat-korjaamolaitteet","9":"first","10":"instock","11":"taxable","12":"shipping-taxable","13":"purchasable","14":"product-type-simple","swatches":"rey-swatches","show_selected":""},"acf":[],"_links":{"self":[{"href":"https:\/\/toolhouse.fi\/fi\/wp-json\/wp\/v2\/product\/25573","targetHints":{"allow":["GET"]}}],"collection":[{"href":"https:\/\/toolhouse.fi\/fi\/wp-json\/wp\/v2\/product"}],"about":[{"href":"https:\/\/toolhouse.fi\/fi\/wp-json\/wp\/v2\/types\/product"}],"version-history":[{"count":2,"href":"https:\/\/toolhouse.fi\/fi\/wp-json\/wp\/v2\/product\/25573\/revisions"}],"predecessor-version":[{"id":25578,"href":"https:\/\/toolhouse.fi\/fi\/wp-json\/wp\/v2\/product\/25573\/revisions\/25578"}],"wp:featuredmedia":[{"embeddable":true,"href":"https:\/\/toolhouse.fi\/fi\/wp-json\/wp\/v2\/media\/25570"}],"wp:attachment":[{"href":"https:\/\/toolhouse.fi\/fi\/wp-json\/wp\/v2\/media?parent=25573"}],"wp:term":[{"taxonomy":"product_cat","embeddable":true,"href":"https:\/\/toolhouse.fi\/fi\/wp-json\/wp\/v2\/product_cat?post=25573"},{"taxonomy":"product_tag","embeddable":true,"href":"https:\/\/toolhouse.fi\/fi\/wp-json\/wp\/v2\/product_tag?post=25573"}],"curies":[{"name":"wp","href":"https:\/\/api.w.org\/{rel}","templated":true}]}}