{"id":25586,"date":"2025-04-16T16:40:32","date_gmt":"2025-04-16T13:40:32","guid":{"rendered":"https:\/\/toolhouse.fi\/?post_type=product&#038;p=25586"},"modified":"2025-08-31T22:58:03","modified_gmt":"2025-08-31T19:58:03","slug":"ajovalojen-kiillotussarja","status":"publish","type":"product","link":"https:\/\/toolhouse.fi\/fi\/tuote\/ajovalojen-kiillotussarja\/","title":{"rendered":"Ajovalojen kiillotussarja"},"content":{"rendered":"","protected":false},"excerpt":{"rendered":"<h3 class=\"\" data-start=\"138\" data-end=\"208\"><strong data-start=\"142\" data-end=\"206\">Ovatko autosi ajovalot himme\u00e4t, kellastuneet tai naarmuiset?<\/strong><\/h3>\n<p class=\"\" data-start=\"209\" data-end=\"503\">Geko-ajovalojen kunnostussarjalla palautat niiden kiillon ja kirkkauden helposti omassa autotallissasi! T\u00e4ydellinen sarja sis\u00e4lt\u00e4\u00e4 kaiken tarvittavan ajovalojen puhdistamiseen, kiillottamiseen ja suojaamiseen \u2013 vaihe vaiheelta, ammattimaisella lopputuloksella.<\/p>\n<hr class=\"\" data-start=\"505\" data-end=\"508\" \/>\n<h3 class=\"\" data-start=\"510\" data-end=\"531\"><strong data-start=\"514\" data-end=\"531\">Ominaisuudet:<\/strong><\/h3>\n<ul>\n<li data-start=\"535\" data-end=\"604\"><strong data-start=\"535\" data-end=\"555\">T\u00e4ysi kunnostus:<\/strong> Umpioiden kiillotus ja naarmujen sek\u00e4 hapettumien poisto.<\/li>\n<li data-start=\"607\" data-end=\"697\"><strong data-start=\"607\" data-end=\"632\">Pitk\u00e4kestoinen suoja: <\/strong>Suojaa s\u00e4\u00e4n aiheuttamilta vaikutuksilta ,UV-suoja auringons\u00e4teilyn aiheuttamaa haalistumista vastaan.<\/li>\n<li data-start=\"700\" data-end=\"771\"><strong data-start=\"700\" data-end=\"716\">Tee-se-itse:<\/strong> Selke\u00e4 step-by-step ohje tekee k\u00e4yt\u00f6st\u00e4 helppoa.<\/li>\n<li data-start=\"774\" data-end=\"857\"><strong data-start=\"774\" data-end=\"798\">Monipuolinen k\u00e4ytt\u00f6:<\/strong> Sopii useimpiin ajoneuvoihin, joissa on muoviset ajovalot.<\/li>\n<\/ul>\n<hr class=\"\" data-start=\"859\" data-end=\"862\" \/>\n<h3 class=\"\" data-start=\"864\" data-end=\"891\"><strong data-start=\"868\" data-end=\"891\">Pakkauksen sis\u00e4lt\u00f6:<\/strong><\/h3>\n<ul>\n<li data-start=\"895\" data-end=\"925\">14 x hiomapaperia (P800\u2013P3000)<\/li>\n<li data-start=\"928\" data-end=\"985\">Kiillotussieni \u2013 palauttaa ajovalon kirkkauden ja kiillon<\/li>\n<li data-start=\"988\" data-end=\"1061\">Suojateippi (3 m x 1,5 cm) \u2013 suojaa ajovalon ymp\u00e4rill\u00e4 olevaa maalipintaa<\/li>\n<li data-start=\"1064\" data-end=\"1098\">Tarrakiinnitteinen kiillotuslaikka<\/li>\n<li data-start=\"1101\" data-end=\"1180\">Adapteri M10-kierteell\u00e4 \u2013 yhteensopiva useimpien porakoneiden ja kiillotuskoneiden kanssa<\/li>\n<li data-start=\"1183\" data-end=\"1229\">Mikrokuituliina \u2013 levitykseen ja viimeistelyyn<\/li>\n<li data-start=\"1232\" data-end=\"1289\">Kiillotustahna (85 g) \u2013 olennainen osa kiillotusprosessia<\/li>\n<li data-start=\"1292\" data-end=\"1375\">2 x 3 ml suoja-ainetta \u2013 pitk\u00e4kestoiseen suojaan UV-s\u00e4teily\u00e4 ja korroosiota vastaan<\/li>\n<\/ul>\n<hr class=\"\" data-start=\"1377\" data-end=\"1380\" \/>\n<h3 class=\"\" data-start=\"1382\" data-end=\"1416\"><strong data-start=\"1386\" data-end=\"1416\">N\u00e4in k\u00e4yt\u00e4t \u2013 vaiheittain:<\/strong><\/h3>\n<p class=\"\" data-start=\"1418\" data-end=\"1748\"><strong data-start=\"1418\" data-end=\"1431\">1. Hionta<\/strong><br data-start=\"1431\" data-end=\"1434\" \/>Kastele hiomapaperi ja kiinnit\u00e4 se kiillotuslaikkaan. Aloita karkeimmalla paperilla (P800) ja siirry asteittain hienompaan (P800\u2192 P1000\u2192 P1200\u2192 P1500\u2192 P2000\u2192 P2500\u2192 P3000). T\u00e4m\u00e4 vaihe poistaa kellastumat, haalistumat ja hapettumat.<br data-start=\"1632\" data-end=\"1635\" \/><strong data-start=\"1635\" data-end=\"1646\">Vinkki:<\/strong> K\u00e4yt\u00e4 aina hiomapapereita oikeassa j\u00e4rjestyksess\u00e4 \u2013 vaiheiden ohittaminen voi heikent\u00e4\u00e4 lopputulosta.<\/p>\n<p class=\"\" data-start=\"1750\" data-end=\"2020\"><strong data-start=\"1750\" data-end=\"1766\">2. Kiillotus<\/strong><br data-start=\"1766\" data-end=\"1769\" \/>Kiinnit\u00e4 kiillotussieni, lis\u00e4\u00e4 kiillotustahna ja kiillota, kunnes ajovalo saa takaisin alkuper\u00e4isen kiiltonsa.<br data-start=\"1879\" data-end=\"1882\" \/><strong data-start=\"1882\" data-end=\"1893\">Vinkki:<\/strong> Parhaan lopputuloksen saat k\u00e4ytt\u00e4m\u00e4ll\u00e4 konetta. Jos kiillotat k\u00e4sin, tee v\u00e4hint\u00e4\u00e4n 200 py\u00f6riv\u00e4\u00e4 liikett\u00e4.<\/p>\n<p class=\"\" data-start=\"2022\" data-end=\"2344\"><strong data-start=\"2022\" data-end=\"2036\">3. Suojaus<\/strong><br data-start=\"2036\" data-end=\"2039\" \/>Puhdista ja kuivaa pinta huolellisesti ennen suoja-aineen levityst\u00e4. Ty\u00f6skentele varjossa. Lis\u00e4\u00e4 5\u201310 tippaa mikrokuituliinalle ja levit\u00e4 aine tasaisesti ristikk\u00e4isin liikkein. Anna vaikuttaa 3\u20135 minuuttia ja pyyhi ylim\u00e4\u00e4r\u00e4inen pois. Anna kovettua 24 tuntia tai nopeuta hiustenkuivaajalla (1\u20132 minuuttia).<\/p>\n","protected":false},"featured_media":25613,"template":"","meta":{"_acf_changed":false,"_seopress_robots_primary_cat":"none","_seopress_titles_title":"","_seopress_titles_desc":"","_seopress_robots_index":""},"product_cat":[339,350,40],"product_tag":[],"class_list":{"0":"post-25586","1":"product","2":"type-product","3":"status-publish","4":"has-post-thumbnail","6":"product_cat-autotyokalut","7":"product_cat-muut","8":"product_cat-korjaamolaitteet","10":"first","11":"instock","12":"taxable","13":"shipping-taxable","14":"purchasable","15":"product-type-simple","swatches":"rey-swatches","show_selected":""},"acf":[],"_links":{"self":[{"href":"https:\/\/toolhouse.fi\/fi\/wp-json\/wp\/v2\/product\/25586","targetHints":{"allow":["GET"]}}],"collection":[{"href":"https:\/\/toolhouse.fi\/fi\/wp-json\/wp\/v2\/product"}],"about":[{"href":"https:\/\/toolhouse.fi\/fi\/wp-json\/wp\/v2\/types\/product"}],"version-history":[{"count":2,"href":"https:\/\/toolhouse.fi\/fi\/wp-json\/wp\/v2\/product\/25586\/revisions"}],"predecessor-version":[{"id":25590,"href":"https:\/\/toolhouse.fi\/fi\/wp-json\/wp\/v2\/product\/25586\/revisions\/25590"}],"wp:featuredmedia":[{"embeddable":true,"href":"https:\/\/toolhouse.fi\/fi\/wp-json\/wp\/v2\/media\/25613"}],"wp:attachment":[{"href":"https:\/\/toolhouse.fi\/fi\/wp-json\/wp\/v2\/media?parent=25586"}],"wp:term":[{"taxonomy":"product_cat","embeddable":true,"href":"https:\/\/toolhouse.fi\/fi\/wp-json\/wp\/v2\/product_cat?post=25586"},{"taxonomy":"product_tag","embeddable":true,"href":"https:\/\/toolhouse.fi\/fi\/wp-json\/wp\/v2\/product_tag?post=25586"}],"curies":[{"name":"wp","href":"https:\/\/api.w.org\/{rel}","templated":true}]}}