{"id":25620,"date":"2025-04-17T17:07:25","date_gmt":"2025-04-17T14:15:27","guid":{"rendered":"https:\/\/toolhouse.fi\/?post_type=product&#038;p=25620"},"modified":"2025-04-17T17:15:28","modified_gmt":"2025-04-17T14:15:28","slug":"hylsyadapterisarja-6-os","status":"publish","type":"product","link":"https:\/\/toolhouse.fi\/fi\/tuote\/hylsyadapterisarja-6-os\/","title":{"rendered":"Hylsyadapterisarja 6-os. 1\/4&#8243; 3\/8&#8243; 1\/2&#8243;"},"content":{"rendered":"","protected":false},"excerpt":{"rendered":"<p class=\"\" data-start=\"84\" data-end=\"169\"><strong data-start=\"84\" data-end=\"169\">Geko hylsyadapterit ruuvinv\u00e4\u00e4ntimeen \u2013 sis\u00e4lt\u00e4\u00e4 sek\u00e4 lyhyet ett\u00e4 pitk\u00e4t adapterit<\/strong><\/p>\n<p>&nbsp;<\/p>\n<p class=\"\" data-start=\"310\" data-end=\"324\"><strong data-start=\"310\" data-end=\"322\">Sis\u00e4lt\u00f6:<\/strong><\/p>\n<ul>\n<li data-start=\"327\" data-end=\"341\">1\/4&#8243; \u2013 50 mm<\/li>\n<li data-start=\"344\" data-end=\"358\">3\/8&#8243; \u2013 50 mm<\/li>\n<li data-start=\"361\" data-end=\"375\">1\/2&#8243; \u2013 50 mm<\/li>\n<li data-start=\"378\" data-end=\"393\">1\/4&#8243; \u2013 150 mm<\/li>\n<li data-start=\"396\" data-end=\"411\">3\/8&#8243; \u2013 150 mm<\/li>\n<li data-start=\"414\" data-end=\"427\">1\/2&#8243; \u2013 150 mm<\/li>\n<\/ul>\n<p>&nbsp;<\/p>\n<p class=\"\" data-start=\"221\" data-end=\"289\">Materiaali: CR-V ter\u00e4s<\/p>\n<p class=\"\" data-start=\"292\" data-end=\"308\">Valmistaja: Geko<\/p>\n","protected":false},"featured_media":25626,"template":"","meta":{"_acf_changed":false,"_seopress_robots_primary_cat":"","_seopress_titles_title":"","_seopress_titles_desc":"","_seopress_robots_index":""},"product_cat":[487,350,337,40],"product_tag":[],"class_list":{"0":"post-25620","1":"product","2":"type-product","3":"status-publish","4":"has-post-thumbnail","6":"product_cat-hylsytyokalut-vaantotyokalut","7":"product_cat-muut","8":"product_cat-tyokalut","9":"product_cat-korjaamolaitteet","11":"first","12":"instock","13":"taxable","14":"shipping-taxable","15":"purchasable","16":"product-type-simple","swatches":"rey-swatches","show_selected":""},"acf":[],"_links":{"self":[{"href":"https:\/\/toolhouse.fi\/fi\/wp-json\/wp\/v2\/product\/25620","targetHints":{"allow":["GET"]}}],"collection":[{"href":"https:\/\/toolhouse.fi\/fi\/wp-json\/wp\/v2\/product"}],"about":[{"href":"https:\/\/toolhouse.fi\/fi\/wp-json\/wp\/v2\/types\/product"}],"version-history":[{"count":1,"href":"https:\/\/toolhouse.fi\/fi\/wp-json\/wp\/v2\/product\/25620\/revisions"}],"predecessor-version":[{"id":25623,"href":"https:\/\/toolhouse.fi\/fi\/wp-json\/wp\/v2\/product\/25620\/revisions\/25623"}],"wp:featuredmedia":[{"embeddable":true,"href":"https:\/\/toolhouse.fi\/fi\/wp-json\/wp\/v2\/media\/25626"}],"wp:attachment":[{"href":"https:\/\/toolhouse.fi\/fi\/wp-json\/wp\/v2\/media?parent=25620"}],"wp:term":[{"taxonomy":"product_cat","embeddable":true,"href":"https:\/\/toolhouse.fi\/fi\/wp-json\/wp\/v2\/product_cat?post=25620"},{"taxonomy":"product_tag","embeddable":true,"href":"https:\/\/toolhouse.fi\/fi\/wp-json\/wp\/v2\/product_tag?post=25620"}],"curies":[{"name":"wp","href":"https:\/\/api.w.org\/{rel}","templated":true}]}}