{"id":25689,"date":"2025-04-24T15:00:31","date_gmt":"2025-04-24T12:10:46","guid":{"rendered":"https:\/\/toolhouse.fi\/?post_type=product&#038;p=25689"},"modified":"2025-04-24T15:10:47","modified_gmt":"2025-04-24T12:10:47","slug":"ruuvauskarkisarja-100-osaa","status":"publish","type":"product","link":"https:\/\/toolhouse.fi\/fi\/tuote\/ruuvauskarkisarja-100-osaa\/","title":{"rendered":"Ruuvausk\u00e4rkisarja 100-osaa"},"content":{"rendered":"","protected":false},"excerpt":{"rendered":"<div class=\"flex shrink basis-auto flex-col overflow-hidden -mb-(--composer-overlap-px) [--composer-overlap-px:24px] grow\">\n<div class=\"@container h-full overflow-y-auto pb-(--composer-overlap-px) [scrollbar-gutter:stable] group-data-stream-active\/thread:[overflow-anchor:none]\">\n<div class=\"@thread-xl\/thread:pt-header-height mt-1.5 flex flex-col text-sm\">\n<article class=\"text-token-text-primary w-full\" dir=\"auto\" data-testid=\"conversation-turn-168\" data-scroll-anchor=\"false\">\n<div class=\"text-base my-auto mx-auto py-5 [--thread-content-margin:--spacing(4)] @[37rem]:[--thread-content-margin:--spacing(6)] @[70rem]:[--thread-content-margin:--spacing(12)] px-(--thread-content-margin)\">\n<div class=\"[--thread-content-max-width:32rem] @[34rem]:[--thread-content-max-width:40rem] @[64rem]:[--thread-content-max-width:48rem] mx-auto flex max-w-(--thread-content-max-width) flex-1 text-base gap-4 md:gap-5 lg:gap-6 group\/turn-messages focus-visible:outline-hidden\" tabindex=\"-1\">\n<div class=\"group\/conversation-turn relative flex w-full min-w-0 flex-col agent-turn\">\n<div class=\"relative flex-col gap-1 md:gap-3\">\n<div class=\"flex max-w-full flex-col grow\">\n<div class=\"min-h-8 text-message relative flex w-full flex-col items-end gap-2 text-start break-words whitespace-normal [.text-message+&amp;]:mt-5\" dir=\"auto\" data-message-author-role=\"assistant\" data-message-id=\"1be5022c-51e6-41c1-b065-c2385611b7e0\" data-message-model-slug=\"gpt-4o\">\n<div class=\"flex w-full flex-col gap-1 empty:hidden first:pt-[3px]\">\n<div class=\"markdown prose dark:prose-invert w-full break-words light\">\n<p class=\"\" data-start=\"40\" data-end=\"78\"><strong data-start=\"43\" data-end=\"78\">GEKO Ruuvik\u00e4rkisarja \u2013 100 osaa<\/strong><\/p>\n<p data-start=\"40\" data-end=\"78\">\n<ul>\n<li data-start=\"208\" data-end=\"230\">Osien m\u00e4\u00e4r\u00e4: 100<\/li>\n<li data-start=\"233\" data-end=\"261\">Materiaali: Hiiliter\u00e4s<\/li>\n<\/ul>\n<p class=\"\" data-start=\"263\" data-end=\"286\"><strong data-start=\"263\" data-end=\"286\">Pakkauksen sis\u00e4lt\u00f6:<\/strong><\/p>\n<ul>\n<li data-start=\"289\" data-end=\"329\">1\/4&#8243; neli\u00f6 x 1\/4&#8243; kuusiokolo, 1&#8243; jatko<\/li>\n<li data-start=\"332\" data-end=\"372\">1\/4&#8243; neli\u00f6 x 1\/4&#8243; kuusiokolo, 2&#8243; jatko<\/li>\n<li data-start=\"375\" data-end=\"394\">Siipimutterihylsy<\/li>\n<li data-start=\"397\" data-end=\"429\">Magneettinen bittipidike 60 mm<\/li>\n<li data-start=\"432\" data-end=\"445\">Hylsynpidin<\/li>\n<\/ul>\n<p class=\"\" data-start=\"447\" data-end=\"463\">Ruuvausk\u00e4rjet:<\/p>\n<ul>\n<li data-start=\"467\" data-end=\"518\">Ura 9 kpl: 3, 4, 4.5, 5, 5.5, 6, 6.5, 7, 8 mm<\/li>\n<li data-start=\"521\" data-end=\"571\">Phillips (PH) 8 kpl: PH0, PH1, PH2 (x5), PH3<\/li>\n<li data-start=\"574\" data-end=\"625\">Pozidriv (PZ) 8 kpl: PZ0, PZ1, PZ2 (x5), PZ3<\/li>\n<li data-start=\"628\" data-end=\"695\">Kuusiokolo metriset 9 kpl: 1.5, 2, 2.5, 3, 4, 5, 5.5, 6, 8 mm<\/li>\n<li data-start=\"698\" data-end=\"759\">Kuusiokolo turva, metriset 6 kpl: 2, 2.5, 3, 4, 5, 6 mm<\/li>\n<li data-start=\"762\" data-end=\"860\">Kuusiokolo tuumat 10 kpl: 1\/16&#8243;, 5\/64&#8243;, 3\/32&#8243;, 7\/64&#8243;, 1\/8&#8243;, 6\/64&#8243;, 5\/32&#8243;, 3\/16&#8243;, 7\/32&#8243;, 1\/4&#8243;<\/li>\n<li data-start=\"863\" data-end=\"940\">Kuusiokolo turva, tuumat 6 kpl: 5\/64&#8243;, 3\/32&#8243;, 7\/64&#8243;, 1\/8&#8243;, 9\/64&#8243;, 5\/32&#8243;<\/li>\n<li data-start=\"943\" data-end=\"1003\">Torx 9 kpl: T8, T10, T15, T20, T25, T27, T30, T40, T45<\/li>\n<li data-start=\"1006\" data-end=\"1067\">Torx turva 8 kpl: T8, T10, T15, T20, T25, T27, T35, T40<\/li>\n<li data-start=\"1070\" data-end=\"1102\">Tri-wing 4 kpl: 1, 2, 3, 4<\/li>\n<li data-start=\"1105\" data-end=\"1131\">Torq 3 kpl: 6, 8, 10<\/li>\n<li data-start=\"1134\" data-end=\"1179\">Robertson (neli\u00f6) 4 kpl: S0, S1, S2, S3<\/li>\n<li data-start=\"1182\" data-end=\"1230\">Spanner 4 kpl: 4, 6, 8, 10<\/li>\n<li data-start=\"1233\" data-end=\"1263\">Spline 3 kpl: M5, M6, M8<\/li>\n<li data-start=\"1266\" data-end=\"1293\">Clutch 3 kpl: 1, 2, 3<\/li>\n<\/ul>\n<p class=\"\" data-start=\"1295\" data-end=\"1342\">Toimitetaan k\u00e4tev\u00e4ss\u00e4 s\u00e4ilytyslaatikossa<\/p>\n<\/div>\n<\/div>\n<\/div>\n<\/div>\n<\/div>\n<\/div>\n<\/div>\n<\/div>\n<\/article>\n<\/div>\n<\/div>\n<\/div>\n<div id=\"thread-bottom-container\" class=\"isolate z-3 w-full basis-auto has-data-has-thread-error:pt-2 has-data-has-thread-error:[box-shadow:var(--sharp-edge-bottom-shadow)] md:border-transparent md:pt-0 dark:border-white\/20 md:dark:border-transparent flex flex-col\">\n<div id=\"thread-bottom\">\n<div class=\"text-base mx-auto [--thread-content-margin:--spacing(4)] @[37rem]:[--thread-content-margin:--spacing(6)] @[70rem]:[--thread-content-margin:--spacing(12)] px-(--thread-content-margin)\">\n<div class=\"[--thread-content-max-width:32rem] @[34rem]:[--thread-content-max-width:40rem] @[64rem]:[--thread-content-max-width:48rem] mx-auto flex max-w-(--thread-content-max-width) flex-1 text-base gap-4 md:gap-5 lg:gap-6\">\n<div class=\"relative z-1 flex max-w-full flex-1 flex-col h-full max-xs:[--force-hide-label:none]\" aria-haspopup=\"dialog\" aria-expanded=\"false\" aria-controls=\"radix-\u00abR1i9ckukkth95j5\u00bb\" data-state=\"closed\">\n<div class=\"absolute start-0 end-0 bottom-full z-20\"><\/div>\n<form class=\"w-full [view-transition-name:var(--vt-composer)]\" data-type=\"unified-composer\">\n<div class=\"border-token-border-default flex w-full cursor-text flex-col items-center justify-center rounded-[28px] border bg-clip-padding contain-inline-size overflow-clip shadow-sm sm:shadow-lg dark:shadow-none! bg-token-main-surface-primary dark:bg-[#303030]\">\n<div class=\"relative flex w-full items-end px-3 py-3\">\n<div class=\"relative flex w-full flex-auto flex-col\">\n<div class=\"relative ms-1.5 grid grid-cols-[auto_minmax(0,1fr)]\">\n<div class=\"items-top flex justify-center\">\n<div><\/div>\n<\/div>\n<\/div>\n<\/div>\n<\/div>\n<\/div>\n<\/form>\n<\/div>\n<\/div>\n<\/div>\n<\/div>\n<\/div>\n","protected":false},"featured_media":25695,"template":"","meta":{"_acf_changed":false,"_seopress_robots_primary_cat":"","_seopress_titles_title":"","_seopress_titles_desc":"","_seopress_robots_index":""},"product_cat":[487,337,40],"product_tag":[],"class_list":{"0":"post-25689","1":"product","2":"type-product","3":"status-publish","4":"has-post-thumbnail","6":"product_cat-hylsytyokalut-vaantotyokalut","7":"product_cat-tyokalut","8":"product_cat-korjaamolaitteet","10":"first","11":"instock","12":"taxable","13":"shipping-taxable","14":"purchasable","15":"product-type-simple","swatches":"rey-swatches","show_selected":""},"acf":[],"_links":{"self":[{"href":"https:\/\/toolhouse.fi\/fi\/wp-json\/wp\/v2\/product\/25689","targetHints":{"allow":["GET"]}}],"collection":[{"href":"https:\/\/toolhouse.fi\/fi\/wp-json\/wp\/v2\/product"}],"about":[{"href":"https:\/\/toolhouse.fi\/fi\/wp-json\/wp\/v2\/types\/product"}],"version-history":[{"count":1,"href":"https:\/\/toolhouse.fi\/fi\/wp-json\/wp\/v2\/product\/25689\/revisions"}],"predecessor-version":[{"id":25692,"href":"https:\/\/toolhouse.fi\/fi\/wp-json\/wp\/v2\/product\/25689\/revisions\/25692"}],"wp:featuredmedia":[{"embeddable":true,"href":"https:\/\/toolhouse.fi\/fi\/wp-json\/wp\/v2\/media\/25695"}],"wp:attachment":[{"href":"https:\/\/toolhouse.fi\/fi\/wp-json\/wp\/v2\/media?parent=25689"}],"wp:term":[{"taxonomy":"product_cat","embeddable":true,"href":"https:\/\/toolhouse.fi\/fi\/wp-json\/wp\/v2\/product_cat?post=25689"},{"taxonomy":"product_tag","embeddable":true,"href":"https:\/\/toolhouse.fi\/fi\/wp-json\/wp\/v2\/product_tag?post=25689"}],"curies":[{"name":"wp","href":"https:\/\/api.w.org\/{rel}","templated":true}]}}