{"id":25750,"date":"2025-04-28T14:03:37","date_gmt":"2025-04-28T11:03:38","guid":{"rendered":"https:\/\/toolhouse.fi\/?post_type=product&#038;p=25750"},"modified":"2026-01-06T18:03:25","modified_gmt":"2026-01-06T16:03:25","slug":"tvardy-magneettinen-mittanauha-5m","status":"publish","type":"product","link":"https:\/\/toolhouse.fi\/fi\/tuote\/tvardy-magneettinen-mittanauha-5m\/","title":{"rendered":"Tvardy magneettinen mittanauha 5M"},"content":{"rendered":"","protected":false},"excerpt":{"rendered":"<p class=\"\" data-start=\"40\" data-end=\"153\"><strong data-start=\"40\" data-end=\"153\">Tvardy kaksipuolinen mittanauha magneetilla ja automaattisella pys\u00e4ytyksell\u00e4 \u2013 5 m \/ 25 mm, Luokka 1 tarkkuus<\/strong><\/p>\n<p class=\"\" data-start=\"155\" data-end=\"451\">Mittanauha, joka on suunniteltu sinulle, joka arvostat sek\u00e4 tarkkuutta ett\u00e4 k\u00e4ytt\u00f6mukavuutta. Kaksipuolinen asteikko, automaattinen pys\u00e4ytystoiminto ja vahva magneetti tekev\u00e4t mittaamisesta nopeaa, sujuvaa ja tarkkaa. T\u00e4ydellinen my\u00f6s tilanteisiin, joissa tarvitset vain yhden k\u00e4den mittaamiseen!<\/p>\n<p class=\"\" data-start=\"453\" data-end=\"479\"><strong data-start=\"453\" data-end=\"479\">Tuotteen ominaisuudet:<\/strong><\/p>\n<ul>\n<li data-start=\"483\" data-end=\"577\"><strong data-start=\"483\" data-end=\"509\">Kaksipuolinen asteikko<\/strong> \u2013 helpottaa lukemista molemmilta puolilta ja nopeuttaa ty\u00f6ntekoa.<\/li>\n<li data-start=\"580\" data-end=\"706\"><strong data-start=\"580\" data-end=\"606\">Automaattinen pys\u00e4ytys<\/strong> \u2013 nauha lukittuu automaattisesti vedett\u00e4ess\u00e4, mik\u00e4 tekee mittaamisesta helpompaa ja tehokkaampaa.<\/li>\n<li data-start=\"709\" data-end=\"823\"><strong data-start=\"709\" data-end=\"731\">Magneettinen k\u00e4rki<\/strong> \u2013 vahva magneetti nauhan p\u00e4\u00e4ss\u00e4 helpottaa mittaamista metallipinnoilla ja lis\u00e4\u00e4 vakautta.<\/li>\n<li data-start=\"826\" data-end=\"905\"><strong data-start=\"826\" data-end=\"855\">Pituus 5 m \/ leveys 25 mm<\/strong> \u2013 selke\u00e4 ja tukeva, my\u00f6s pitkiss\u00e4 mittauksissa.<\/li>\n<li data-start=\"826\" data-end=\"905\"><strong>Nylonnauhasuoja <\/strong>\u2013 v\u00e4hent\u00e4\u00e4 heijastuksia ja lis\u00e4\u00e4 mittanauhan elinik\u00e4\u00e4<\/li>\n<li data-start=\"908\" data-end=\"975\"><strong data-start=\"908\" data-end=\"929\">Luokka 1 tarkkuus<\/strong> \u2013 korkein eurooppalainen tarkkuusstandardi.<\/li>\n<li data-start=\"978\" data-end=\"1063\"><strong data-start=\"978\" data-end=\"1002\">Vahva kotelo<\/strong> \u2013 iskunkest\u00e4v\u00e4 ja hyv\u00e4otteinen kuori kest\u00e4\u00e4 kovaa k\u00e4ytt\u00f6\u00e4.<\/li>\n<li data-start=\"1066\" data-end=\"1143\"><strong data-start=\"1066\" data-end=\"1081\">Ter\u00e4sklipsi<\/strong> \u2013 helppo kiinnitt\u00e4\u00e4 vy\u00f6h\u00f6n tai taskuun, lis\u00e4\u00e4 liikkuvuutta.<\/li>\n<li data-start=\"1146\" data-end=\"1211\"><strong data-start=\"1146\" data-end=\"1161\">Rannelenkki<\/strong> \u2013 lis\u00e4turvaa ja k\u00e4ytt\u00f6mukavuutta ty\u00f6skennelless\u00e4.<\/li>\n<\/ul>\n<p class=\"\" data-start=\"1213\" data-end=\"1235\">Valmistaja: Tvardy<\/p>\n","protected":false},"featured_media":25761,"template":"","meta":{"_acf_changed":false,"_seopress_robots_primary_cat":"none","_seopress_titles_title":"","_seopress_titles_desc":"","_seopress_robots_index":""},"product_cat":[491,337,40],"product_tag":[],"class_list":{"0":"post-25750","1":"product","2":"type-product","3":"status-publish","4":"has-post-thumbnail","6":"product_cat-mittavalineet","7":"product_cat-tyokalut","8":"product_cat-korjaamolaitteet","10":"first","11":"instock","12":"taxable","13":"shipping-taxable","14":"purchasable","15":"product-type-simple","swatches":"rey-swatches","show_selected":""},"acf":[],"_links":{"self":[{"href":"https:\/\/toolhouse.fi\/fi\/wp-json\/wp\/v2\/product\/25750","targetHints":{"allow":["GET"]}}],"collection":[{"href":"https:\/\/toolhouse.fi\/fi\/wp-json\/wp\/v2\/product"}],"about":[{"href":"https:\/\/toolhouse.fi\/fi\/wp-json\/wp\/v2\/types\/product"}],"version-history":[{"count":1,"href":"https:\/\/toolhouse.fi\/fi\/wp-json\/wp\/v2\/product\/25750\/revisions"}],"predecessor-version":[{"id":25753,"href":"https:\/\/toolhouse.fi\/fi\/wp-json\/wp\/v2\/product\/25750\/revisions\/25753"}],"wp:featuredmedia":[{"embeddable":true,"href":"https:\/\/toolhouse.fi\/fi\/wp-json\/wp\/v2\/media\/25761"}],"wp:attachment":[{"href":"https:\/\/toolhouse.fi\/fi\/wp-json\/wp\/v2\/media?parent=25750"}],"wp:term":[{"taxonomy":"product_cat","embeddable":true,"href":"https:\/\/toolhouse.fi\/fi\/wp-json\/wp\/v2\/product_cat?post=25750"},{"taxonomy":"product_tag","embeddable":true,"href":"https:\/\/toolhouse.fi\/fi\/wp-json\/wp\/v2\/product_tag?post=25750"}],"curies":[{"name":"wp","href":"https:\/\/api.w.org\/{rel}","templated":true}]}}