{"id":25784,"date":"2025-04-29T12:47:36","date_gmt":"2025-04-29T09:47:36","guid":{"rendered":"https:\/\/toolhouse.fi\/?post_type=product&#038;p=25784"},"modified":"2025-11-11T11:11:37","modified_gmt":"2025-11-11T09:11:37","slug":"urituskoneen-terat-prema-w1","status":"publish","type":"product","link":"https:\/\/toolhouse.fi\/fi\/tuote\/urituskoneen-terat-prema-w1\/","title":{"rendered":"Urituskoneen ter\u00e4t Prema W1"},"content":{"rendered":"","protected":false},"excerpt":{"rendered":"<p>Alkuper\u00e4ister\u00e4t Ruff Rillfit Six- ja Ruff Prema Cutter 300 -laitteisiin.<\/p>\n<div id=\"ts-body\">\n<div class=\"css-52 ts-pivot-container\">\n<div id=\"ContentContainer\">\n<div role=\"tabpanel\" aria-labelledby=\"Pivot2-Tab0\">\n<div class=\"ts-lookup-pivot\">\n<div id=\"Lookup\" class=\"ts-pivot-lookup-component\">\n<div class=\"ms-Grid ts-grid\">\n<div class=\"ms-Grid-row\">\n<div class=\"ts-textfield-container ts-larger-font\" lang=\"fi\">\n<div class=\"ts-alignment-view-container\">\n<div id=\"ts-alignment-view-idtgt\" class=\"ts-alignment-view ms-font-m ts-alignment-view-tgt ts-ltr-left-zero\" tabindex=\"0\" aria-hidden=\"false\">\n<div tabindex=\"0\" role=\"label\">Korkealaatuiset ter\u00e4t valmistettu Saksassa<\/div>\n<\/div>\n<\/div>\n<div tabindex=\"0\" role=\"label\">\n<ul>\n<li data-start=\"21\" data-end=\"109\">Pakkaus sis\u00e4lt\u00e4\u00e4: 20 kpl W1 ter\u00e4\u00e4<\/li>\n<li data-start=\"21\" data-end=\"109\">Valmistaja: Ruff<\/li>\n<\/ul>\n<p class=\"\" data-start=\"111\" data-end=\"161\">\n<\/div>\n<\/div>\n<\/div>\n<\/div>\n<\/div>\n<\/div>\n<\/div>\n<\/div>\n<\/div>\n<\/div>\n","protected":false},"featured_media":25786,"template":"","meta":{"_acf_changed":false,"_seopress_robots_primary_cat":"none","_seopress_titles_title":"","_seopress_titles_desc":"","_seopress_robots_index":"","_seopress_analysis_target_kw":""},"product_cat":[39,300],"product_tag":[],"class_list":{"0":"post-25784","1":"product","2":"type-product","3":"status-publish","4":"has-post-thumbnail","6":"product_cat-rengastyo","7":"product_cat-renkaan-uritus","9":"first","10":"instock","11":"taxable","12":"shipping-taxable","13":"purchasable","14":"product-type-simple","swatches":"rey-swatches","show_selected":""},"acf":[],"_links":{"self":[{"href":"https:\/\/toolhouse.fi\/fi\/wp-json\/wp\/v2\/product\/25784","targetHints":{"allow":["GET"]}}],"collection":[{"href":"https:\/\/toolhouse.fi\/fi\/wp-json\/wp\/v2\/product"}],"about":[{"href":"https:\/\/toolhouse.fi\/fi\/wp-json\/wp\/v2\/types\/product"}],"version-history":[{"count":0,"href":"https:\/\/toolhouse.fi\/fi\/wp-json\/wp\/v2\/product\/25784\/revisions"}],"wp:featuredmedia":[{"embeddable":true,"href":"https:\/\/toolhouse.fi\/fi\/wp-json\/wp\/v2\/media\/25786"}],"wp:attachment":[{"href":"https:\/\/toolhouse.fi\/fi\/wp-json\/wp\/v2\/media?parent=25784"}],"wp:term":[{"taxonomy":"product_cat","embeddable":true,"href":"https:\/\/toolhouse.fi\/fi\/wp-json\/wp\/v2\/product_cat?post=25784"},{"taxonomy":"product_tag","embeddable":true,"href":"https:\/\/toolhouse.fi\/fi\/wp-json\/wp\/v2\/product_tag?post=25784"}],"curies":[{"name":"wp","href":"https:\/\/api.w.org\/{rel}","templated":true}]}}