{"id":25870,"date":"2025-05-06T11:03:02","date_gmt":"2025-05-06T08:03:02","guid":{"rendered":"https:\/\/toolhouse.fi\/?post_type=product&#038;p=25870"},"modified":"2026-01-10T20:52:43","modified_gmt":"2026-01-10T18:52:43","slug":"atv-moottoripyoranostin-px-700-quad","status":"publish","type":"product","link":"https:\/\/toolhouse.fi\/fi\/tuote\/atv-moottoripyoranostin-px-700-quad\/","title":{"rendered":"Atv \/ Moottoripy\u00f6r\u00e4nostin PX-700 QUAD"},"content":{"rendered":"<table width=\"667\">\n<tbody>\n<tr>\n<td width=\"346\">Malli<\/td>\n<td colspan=\"2\" width=\"321\">PX-700<\/td>\n<\/tr>\n<tr>\n<td width=\"346\">Nostokapasiteetti<\/td>\n<td colspan=\"2\" width=\"321\">700kg<\/td>\n<\/tr>\n<tr>\n<td width=\"346\">Nostokorkeus<\/td>\n<td colspan=\"2\" width=\"321\">1050mm<\/td>\n<\/tr>\n<tr>\n<td width=\"346\">Nosto \/ lasku aika<\/td>\n<td colspan=\"2\" width=\"321\">30sek<\/td>\n<\/tr>\n<tr>\n<td width=\"346\">Korkeus ala-asennossa<\/td>\n<td colspan=\"2\" width=\"321\">210mm<\/td>\n<\/tr>\n<tr>\n<td width=\"346\">Leveys<\/td>\n<td colspan=\"2\" width=\"321\">750-1450 mm<\/td>\n<\/tr>\n<tr>\n<td width=\"346\">Ajosillan pituus<\/td>\n<td colspan=\"2\" width=\"321\">2200 mm<\/td>\n<\/tr>\n<tr>\n<td width=\"346\"><\/td>\n<td colspan=\"2\" width=\"321\"><\/td>\n<\/tr>\n<tr>\n<td width=\"346\">Virtal\u00e4hde<\/td>\n<td colspan=\"2\" width=\"321\">230V<\/td>\n<\/tr>\n<tr>\n<td width=\"346\">Moottoriteho<\/td>\n<td colspan=\"2\" width=\"321\">0,75KW<\/td>\n<\/tr>\n<tr>\n<td width=\"346\">Ce-hyv\u00e4ksytty<\/p>\n<p>Takuu<\/td>\n<td colspan=\"2\" width=\"321\">Kyll\u00e4<\/p>\n<p>1 vuosi<\/td>\n<\/tr>\n<tr>\n<td width=\"346\">Melutaso<\/td>\n<td colspan=\"2\" width=\"321\">\u226470 dB(A)<\/td>\n<\/tr>\n<tr>\n<td width=\"346\">Nettopaino<\/td>\n<td colspan=\"2\" width=\"321\">295g<\/td>\n<\/tr>\n<\/tbody>\n<\/table>\n","protected":false},"excerpt":{"rendered":"<h3 class=\"\" data-start=\"51\" data-end=\"102\"><strong data-start=\"55\" data-end=\"102\">Hydraulinen moottoripy\u00f6r\u00e4nostin PX-700 QUAD<\/strong><\/h3>\n<p class=\"\" data-start=\"104\" data-end=\"445\">PX-700 QUAD on tehokas ja ammattitason nostin, jossa on s\u00e4hk\u00f6hydraulinen k\u00e4ytt\u00f6 (230 V) ja reilu nostokorkeus jopa 105 cm. T\u00e4ydellinen valinta sinulle, joka ty\u00f6skentelet moottoripy\u00f6rien, m\u00f6nkij\u00f6iden, UTV-ajoneuvojen ja vastaavien parissa. PX-700 on varustettu turvalukolla, etupy\u00f6r\u00e4n tuella ja liukumattomalla pinnalla turvalliseen k\u00e4ytt\u00f6\u00f6n.<\/p>\n<ul>\n<li data-start=\"449\" data-end=\"509\">Suunniteltu kaksi-, kolme- ja nelipy\u00f6r\u00e4isille ajoneuvoille<\/li>\n<li data-start=\"512\" data-end=\"544\">S\u00e4hk\u00f6hydraulinen k\u00e4ytt\u00f6, 230 V<\/li>\n<li data-start=\"547\" data-end=\"582\">Maksimi nostokapasiteetti: 700 kg<\/li>\n<li data-start=\"585\" data-end=\"612\">Nostokorkeus: 210\u20131050 mm<\/li>\n<li data-start=\"615\" data-end=\"657\">Takapy\u00f6r\u00e4n rengasluukku, saranoilla(32x60cm)<\/li>\n<li>Etupy\u00f6r\u00e4n rengasluukku, saranoilla(32x60cm)<\/li>\n<li data-start=\"660\" data-end=\"699\">Liukumaton alusta ja tuki etupy\u00f6r\u00e4lle<\/li>\n<li data-start=\"702\" data-end=\"734\">Kiinnitysrei\u00e4t kuormaliinoille<\/li>\n<li data-start=\"737\" data-end=\"777\">Nelj\u00e4 360\u00b0 k\u00e4\u00e4ntyv\u00e4\u00e4 lukittavaa py\u00f6r\u00e4\u00e4<\/li>\n<li data-start=\"780\" data-end=\"818\">Turvalukitus \u2013 turvalliseen k\u00e4ytt\u00f6\u00f6n<\/li>\n<li data-start=\"821\" data-end=\"850\">Kaukos\u00e4\u00e4din magneettikiinnityksell\u00e4 sek\u00e4 ripustuskoukulla.<\/li>\n<li data-start=\"853\" data-end=\"874\">Pulverimaalattu pinta<\/li>\n<\/ul>\n","protected":false},"featured_media":25934,"template":"","meta":{"_acf_changed":false,"_seopress_robots_primary_cat":"none","_seopress_titles_title":"","_seopress_titles_desc":"","_seopress_robots_index":"","_seopress_analysis_target_kw":""},"product_cat":[455,37,289],"product_tag":[],"class_list":{"0":"post-25870","1":"product","2":"type-product","3":"status-publish","4":"has-post-thumbnail","6":"product_cat-ajoneuvonostimet","7":"product_cat-autonostimet","8":"product_cat-saksinostimet","10":"first","11":"outofstock","12":"taxable","13":"shipping-taxable","14":"purchasable","15":"product-type-simple","swatches":"rey-swatches","show_selected":""},"acf":[],"_links":{"self":[{"href":"https:\/\/toolhouse.fi\/fi\/wp-json\/wp\/v2\/product\/25870","targetHints":{"allow":["GET"]}}],"collection":[{"href":"https:\/\/toolhouse.fi\/fi\/wp-json\/wp\/v2\/product"}],"about":[{"href":"https:\/\/toolhouse.fi\/fi\/wp-json\/wp\/v2\/types\/product"}],"version-history":[{"count":0,"href":"https:\/\/toolhouse.fi\/fi\/wp-json\/wp\/v2\/product\/25870\/revisions"}],"wp:featuredmedia":[{"embeddable":true,"href":"https:\/\/toolhouse.fi\/fi\/wp-json\/wp\/v2\/media\/25934"}],"wp:attachment":[{"href":"https:\/\/toolhouse.fi\/fi\/wp-json\/wp\/v2\/media?parent=25870"}],"wp:term":[{"taxonomy":"product_cat","embeddable":true,"href":"https:\/\/toolhouse.fi\/fi\/wp-json\/wp\/v2\/product_cat?post=25870"},{"taxonomy":"product_tag","embeddable":true,"href":"https:\/\/toolhouse.fi\/fi\/wp-json\/wp\/v2\/product_tag?post=25870"}],"curies":[{"name":"wp","href":"https:\/\/api.w.org\/{rel}","templated":true}]}}