{"id":25984,"date":"2025-05-14T14:25:19","date_gmt":"2025-05-14T11:25:19","guid":{"rendered":"https:\/\/toolhouse.fi\/?post_type=product&#038;p=25984"},"modified":"2026-01-26T17:45:00","modified_gmt":"2026-01-26T15:45:00","slug":"hydrauliprassin-tuurnasarja","status":"publish","type":"product","link":"https:\/\/toolhouse.fi\/fi\/tuote\/hydrauliprassin-tuurnasarja\/","title":{"rendered":"Hydraulipr\u00e4ssin tuurnasarja"},"content":{"rendered":"","protected":false},"excerpt":{"rendered":"<p><strong>Hydraulipr\u00e4ssin tuurnasarja, jossa viisi erikokoista tuurnaa sek\u00e4 pikakiinnitteinen adapteri.<\/strong><\/p>\n<ul>\n<li data-start=\"166\" data-end=\"208\">Tapit: 13 mm, 19 mm, 25 mm, 38 mm, 51 mm<\/li>\n<li data-start=\"211\" data-end=\"240\">Tapin kokonaispituus: 90 mm<\/li>\n<li data-start=\"243\" data-end=\"291\">Kiinnitysrei\u00e4n halkaisija: 32,2 mm<\/li>\n<li data-start=\"294\" data-end=\"308\">Metalliteline<\/li>\n<li data-start=\"311\" data-end=\"319\">Paino: 4,8 kg<\/li>\n<\/ul>\n<p class=\"\" data-start=\"321\" data-end=\"354\"><strong data-start=\"321\" data-end=\"352\">Sopii seuraaviin malleihin:<\/strong><\/p>\n<ul>\n<li data-start=\"357\" data-end=\"385\">TPR20, 20T hydraulipr\u00e4ssi<\/li>\n<li data-start=\"388\" data-end=\"416\">TPR30, 30T hydraulipr\u00e4ssi<\/li>\n<li data-start=\"419\" data-end=\"447\">TPR50, 50T hydraulipr\u00e4ssi<\/li>\n<li data-start=\"450\" data-end=\"493\">Muihin malleihin, joissa on 32 mm kiinnitystappi<\/li>\n<\/ul>\n","protected":false},"featured_media":25993,"template":"","meta":{"_acf_changed":false,"_seopress_robots_primary_cat":"","_seopress_titles_title":"","_seopress_titles_desc":"","_seopress_robots_index":""},"product_cat":[138,620,462],"product_tag":[],"class_list":{"0":"post-25984","1":"product","2":"type-product","3":"status-publish","4":"has-post-thumbnail","6":"product_cat-hydrauliprassit","7":"product_cat-prassit","8":"product_cat-varaosat-ja-tarvikkeet-hydrauliprassit","10":"first","11":"outofstock","12":"taxable","13":"shipping-taxable","14":"purchasable","15":"product-type-simple","swatches":"rey-swatches","show_selected":""},"acf":[],"_links":{"self":[{"href":"https:\/\/toolhouse.fi\/fi\/wp-json\/wp\/v2\/product\/25984","targetHints":{"allow":["GET"]}}],"collection":[{"href":"https:\/\/toolhouse.fi\/fi\/wp-json\/wp\/v2\/product"}],"about":[{"href":"https:\/\/toolhouse.fi\/fi\/wp-json\/wp\/v2\/types\/product"}],"version-history":[{"count":1,"href":"https:\/\/toolhouse.fi\/fi\/wp-json\/wp\/v2\/product\/25984\/revisions"}],"predecessor-version":[{"id":25987,"href":"https:\/\/toolhouse.fi\/fi\/wp-json\/wp\/v2\/product\/25984\/revisions\/25987"}],"wp:featuredmedia":[{"embeddable":true,"href":"https:\/\/toolhouse.fi\/fi\/wp-json\/wp\/v2\/media\/25993"}],"wp:attachment":[{"href":"https:\/\/toolhouse.fi\/fi\/wp-json\/wp\/v2\/media?parent=25984"}],"wp:term":[{"taxonomy":"product_cat","embeddable":true,"href":"https:\/\/toolhouse.fi\/fi\/wp-json\/wp\/v2\/product_cat?post=25984"},{"taxonomy":"product_tag","embeddable":true,"href":"https:\/\/toolhouse.fi\/fi\/wp-json\/wp\/v2\/product_tag?post=25984"}],"curies":[{"name":"wp","href":"https:\/\/api.w.org\/{rel}","templated":true}]}}