{"id":26066,"date":"2025-05-20T14:05:11","date_gmt":"2025-05-20T11:07:43","guid":{"rendered":"https:\/\/toolhouse.fi\/?post_type=product&#038;p=26066"},"modified":"2025-05-20T14:15:12","modified_gmt":"2025-05-20T11:15:12","slug":"invento-muovinen-asennuspaa","status":"publish","type":"product","link":"https:\/\/toolhouse.fi\/fi\/tuote\/invento-muovinen-asennuspaa\/","title":{"rendered":"Invento muovinen asennusp\u00e4\u00e4"},"content":{"rendered":"","protected":false},"excerpt":{"rendered":"<p class=\"\" data-start=\"0\" data-end=\"79\">Asennusp\u00e4\u00e4 komposiittimuovia, joka est\u00e4\u00e4 vauriot esimerkiksi alumiinivanteille.<\/p>\n<ul>\n<li data-start=\"81\" data-end=\"137\">Asennusreik\u00e4: 28 mm<\/li>\n<li data-start=\"81\" data-end=\"137\">Pituus: 202 mm<\/li>\n<li data-start=\"81\" data-end=\"137\">Korkeus: 78 \/ 100 mm<\/li>\n<\/ul>\n<p class=\"\" data-start=\"139\" data-end=\"166\">Sopii seuraaviin malleihin:<\/p>\n<ul>\n<li data-start=\"170\" data-end=\"190\">Invento TCS 521 SA<\/li>\n<li data-start=\"193\" data-end=\"216\">Invento TCS 524 2V HA<\/li>\n<li data-start=\"219\" data-end=\"255\">Koneisiin joissa asennusp\u00e4\u00e4n rei\u00e4n halkaisija 28 mm.<\/li>\n<\/ul>\n","protected":false},"featured_media":26077,"template":"","meta":{"_acf_changed":false,"_seopress_robots_primary_cat":"none","_seopress_titles_title":"","_seopress_titles_desc":"","_seopress_robots_index":""},"product_cat":[475,39],"product_tag":[],"class_list":{"0":"post-26066","1":"product","2":"type-product","3":"status-publish","4":"has-post-thumbnail","6":"product_cat-lisavarusteet-ja-varaosat","7":"product_cat-rengastyo","9":"first","10":"instock","11":"taxable","12":"shipping-taxable","13":"purchasable","14":"product-type-simple","swatches":"rey-swatches","show_selected":""},"acf":[],"_links":{"self":[{"href":"https:\/\/toolhouse.fi\/fi\/wp-json\/wp\/v2\/product\/26066","targetHints":{"allow":["GET"]}}],"collection":[{"href":"https:\/\/toolhouse.fi\/fi\/wp-json\/wp\/v2\/product"}],"about":[{"href":"https:\/\/toolhouse.fi\/fi\/wp-json\/wp\/v2\/types\/product"}],"version-history":[{"count":0,"href":"https:\/\/toolhouse.fi\/fi\/wp-json\/wp\/v2\/product\/26066\/revisions"}],"wp:featuredmedia":[{"embeddable":true,"href":"https:\/\/toolhouse.fi\/fi\/wp-json\/wp\/v2\/media\/26077"}],"wp:attachment":[{"href":"https:\/\/toolhouse.fi\/fi\/wp-json\/wp\/v2\/media?parent=26066"}],"wp:term":[{"taxonomy":"product_cat","embeddable":true,"href":"https:\/\/toolhouse.fi\/fi\/wp-json\/wp\/v2\/product_cat?post=26066"},{"taxonomy":"product_tag","embeddable":true,"href":"https:\/\/toolhouse.fi\/fi\/wp-json\/wp\/v2\/product_tag?post=26066"}],"curies":[{"name":"wp","href":"https:\/\/api.w.org\/{rel}","templated":true}]}}