{"id":26095,"date":"2025-05-22T17:48:56","date_gmt":"2025-05-22T14:48:56","guid":{"rendered":"https:\/\/toolhouse.fi\/?post_type=product&#038;p=26095"},"modified":"2025-06-05T14:26:07","modified_gmt":"2025-06-05T11:26:07","slug":"atc-21-10-24%e2%80%b3","status":"publish","type":"product","link":"https:\/\/toolhouse.fi\/fi\/tuote\/atc-21-10-24%e2%80%b3\/","title":{"rendered":"ATC-21. 10-24\u2033"},"content":{"rendered":"<table border=\"0\" width=\"587\" cellspacing=\"0\" cellpadding=\"1\">\n<tbody>\n<tr>\n<td width=\"260\"><strong><span lang=\"fi-FI\">Tyyppi:<\/span><\/strong><\/p>\n<p><strong>Valmistaja:<\/strong><\/p>\n<p><strong>Malli:<\/strong><\/td>\n<td width=\"324\"><span lang=\"fi-FI\">Puoliautomaattinen<\/span><\/p>\n<p>Atlantic-technik<\/p>\n<p>Atc-21<\/td>\n<\/tr>\n<tr>\n<td bgcolor=\"#f1f1f1\" width=\"260\"><strong><span lang=\"fi-FI\">J\u00e4nnite:<\/span><\/strong><\/td>\n<td bgcolor=\"#f1f1f1\" width=\"324\"><span lang=\"fi-FI\">230V 50Hz<\/span><\/td>\n<\/tr>\n<tr>\n<td width=\"260\"><strong><span lang=\"fi-FI\">Py\u00f6rimisnopeus:<\/span><\/strong><\/td>\n<td width=\"324\"><span lang=\"fi-FI\">6 rpm<\/span><\/td>\n<\/tr>\n<tr>\n<td bgcolor=\"#f1f1f1\" width=\"260\"><strong><span lang=\"fi-FI\">Puristuspaine:<\/span><\/strong><\/td>\n<td bgcolor=\"#f1f1f1\" width=\"324\"><span lang=\"fi-FI\">2600 kg<\/span><\/td>\n<\/tr>\n<tr>\n<td width=\"260\"><strong><span lang=\"fi-FI\">Py\u00f6r\u00e4n maksimihalkaisija:<\/span><\/strong><\/td>\n<td width=\"324\"><span lang=\"fi-FI\">920 mm<\/span><\/td>\n<\/tr>\n<tr>\n<td bgcolor=\"#f1f1f1\" width=\"260\"><strong><span lang=\"fi-FI\">Py\u00f6r\u00e4n maksimileveys:<\/span><\/strong><\/td>\n<td bgcolor=\"#f1f1f1\" width=\"324\"><span lang=\"fi-FI\">332 mm<\/span><\/td>\n<\/tr>\n<tr>\n<td width=\"260\"><strong><span lang=\"fi-FI\">Vanteen koko (sis\u00e4):<\/span><\/strong><\/td>\n<td width=\"324\"><span lang=\"fi-FI\">12\u2033 \u2013 24\u2033<\/span><\/td>\n<\/tr>\n<tr>\n<td bgcolor=\"#f1f1f1\" width=\"260\"><strong><span lang=\"fi-FI\">Vanteen koko (ulko):<\/span><\/strong><\/td>\n<td bgcolor=\"#f1f1f1\" width=\"324\"><span lang=\"fi-FI\">10\u2033 \u2013 20\u2033<\/span><\/td>\n<\/tr>\n<tr>\n<td width=\"260\"><strong><span lang=\"fi-FI\">Ilmanpaine:<\/span><\/strong><\/td>\n<td width=\"324\"><span lang=\"fi-FI\">8 \u2013 10 Bar<\/span><\/td>\n<\/tr>\n<tr>\n<td bgcolor=\"#f1f1f1\" width=\"260\"><strong><span lang=\"fi-FI\">Melutaso:<\/span><\/strong><\/td>\n<td bgcolor=\"#f1f1f1\" width=\"324\"><span lang=\"fi-FI\">&lt;75 dB<\/span><\/td>\n<\/tr>\n<tr>\n<td width=\"260\"><strong><span lang=\"fi-FI\">Teho:<\/span><\/strong><\/td>\n<td width=\"324\"><span lang=\"fi-FI\">1,1 kW<\/span><\/td>\n<\/tr>\n<tr>\n<td bgcolor=\"#f1f1f1\" width=\"260\"><\/td>\n<td bgcolor=\"#f1f1f1\" width=\"324\"><\/td>\n<\/tr>\n<tr>\n<td width=\"260\"><strong><span lang=\"fi-FI\">Mitat (K x S x L)\u00a0:<\/span><\/strong><\/td>\n<td width=\"324\">186 x 100 x 78 cm<\/td>\n<\/tr>\n<tr>\n<td bgcolor=\"#f1f1f1\" width=\"260\"><strong><span lang=\"fi-FI\">Vakiovarusteet:<\/span><\/strong><\/td>\n<td bgcolor=\"#f1f1f1\" width=\"324\">\n<p class=\"product-title\">Paineens\u00e4\u00e4din vedenerottimella ja \u00f6ljystimell\u00e4<\/p>\n<p>Renkaant\u00e4ytt\u00f6laite<\/p>\n<p><span lang=\"fi-FI\">Muovisuojukset asennusp\u00e4\u00e4h\u00e4n<\/span><\/p>\n<p>Muovisuojat k\u00e4p\u00e4liin<\/p>\n<p>Palteenirroittajan muovisuoja<\/p>\n<p>Rengasrauta 50cm<\/p>\n<p>Rengasrasvasuti<\/p>\n<p>Rengasrasva 1kg<\/td>\n<\/tr>\n<tr>\n<td width=\"260\"><strong><span lang=\"fi-FI\">Takuu:<\/span><\/strong><\/p>\n<p><strong>Ce-hyv\u00e4ksytty:<\/strong><\/td>\n<td width=\"324\"><span lang=\"fi-FI\">12 kuukautta<\/span><\/p>\n<p>Kyll\u00e4<\/td>\n<\/tr>\n<tr>\n<td bgcolor=\"#f1f1f1\" width=\"260\"><strong><span lang=\"fi-FI\">Paino:<\/span><\/strong><\/td>\n<td bgcolor=\"#f1f1f1\" width=\"324\"><span lang=\"fi-FI\">n. 184 kg<\/span><\/td>\n<\/tr>\n<\/tbody>\n<\/table>\n","protected":false},"excerpt":{"rendered":"<p data-start=\"0\" data-end=\"28\"><strong data-start=\"0\" data-end=\"28\">Puoliautomaattinen rengaskone ATC-21<\/strong><\/p>\n<ul>\n<li data-start=\"32\" data-end=\"65\">Vanteen koko (sis\u00e4): 12&#8243;\u201324&#8243;<\/li>\n<li data-start=\"68\" data-end=\"101\">Vanteen koko (ulko): 10&#8243;\u201320&#8243;<\/li>\n<li data-start=\"104\" data-end=\"139\">Maksimi rengashalkaisija: 920 mm<\/li>\n<li data-start=\"142\" data-end=\"173\">Maksimi renkaan leveys: 332 mm<\/li>\n<li data-start=\"176\" data-end=\"197\">Puristusvoima: 2600 kg<\/li>\n<li data-start=\"200\" data-end=\"221\">Virtal\u00e4hde: 230 V<\/li>\n<li data-start=\"224\" data-end=\"239\">Paino: 184 kg<\/li>\n<\/ul>\n<p data-start=\"241\" data-end=\"586\">ATC 21 on luotettava rengaskone, joka soveltuu henkil\u00f6autojen ja pakettiautojen renkaiden asennukseen.\u00a0Kone toimitetaan vakiona muovisuojilla asennusp\u00e4\u00e4h\u00e4n, p\u00f6yd\u00e4n kynsiin sek\u00e4 palteenirroittajaan. Laadukas ilmant\u00e4ytt\u00f6laite ja kaksoispolkimet p\u00f6yd\u00e4n py\u00f6ritykseen tekev\u00e4t k\u00e4yt\u00f6st\u00e4 nopeampaa ja mukavampaa.<\/p>\n<p data-start=\"588\" data-end=\"680\" data-is-last-node=\"\" data-is-only-node=\"\">Kone on CE-hyv\u00e4ksytty ja toimitetaan 12 kuukauden takuulla. Kaikki varaosat ovat saatavilla.<\/p>\n","protected":false},"featured_media":26112,"template":"","meta":{"_acf_changed":false,"_seopress_robots_primary_cat":"none","_seopress_titles_title":"","_seopress_titles_desc":"","_seopress_robots_index":""},"product_cat":[188,39,566],"product_tag":[],"class_list":{"0":"post-26095","1":"product","2":"type-product","3":"status-publish","4":"has-post-thumbnail","6":"product_cat-rengaskoneet","7":"product_cat-rengastyo","8":"product_cat-renkaan-asennuskoneet","10":"first","11":"instock","12":"sale","13":"taxable","14":"shipping-taxable","15":"purchasable","16":"product-type-simple","swatches":"rey-swatches","show_selected":""},"acf":[],"_links":{"self":[{"href":"https:\/\/toolhouse.fi\/fi\/wp-json\/wp\/v2\/product\/26095","targetHints":{"allow":["GET"]}}],"collection":[{"href":"https:\/\/toolhouse.fi\/fi\/wp-json\/wp\/v2\/product"}],"about":[{"href":"https:\/\/toolhouse.fi\/fi\/wp-json\/wp\/v2\/types\/product"}],"version-history":[{"count":0,"href":"https:\/\/toolhouse.fi\/fi\/wp-json\/wp\/v2\/product\/26095\/revisions"}],"wp:featuredmedia":[{"embeddable":true,"href":"https:\/\/toolhouse.fi\/fi\/wp-json\/wp\/v2\/media\/26112"}],"wp:attachment":[{"href":"https:\/\/toolhouse.fi\/fi\/wp-json\/wp\/v2\/media?parent=26095"}],"wp:term":[{"taxonomy":"product_cat","embeddable":true,"href":"https:\/\/toolhouse.fi\/fi\/wp-json\/wp\/v2\/product_cat?post=26095"},{"taxonomy":"product_tag","embeddable":true,"href":"https:\/\/toolhouse.fi\/fi\/wp-json\/wp\/v2\/product_tag?post=26095"}],"curies":[{"name":"wp","href":"https:\/\/api.w.org\/{rel}","templated":true}]}}