{"id":26135,"date":"2025-05-26T11:01:27","date_gmt":"2025-05-26T08:01:27","guid":{"rendered":"https:\/\/toolhouse.fi\/?post_type=product&#038;p=26135"},"modified":"2026-05-01T02:59:43","modified_gmt":"2026-04-30T23:59:43","slug":"atc-26-9-25%e2%80%b3","status":"publish","type":"product","link":"https:\/\/toolhouse.fi\/fi\/tuote\/atc-26-9-25%e2%80%b3\/","title":{"rendered":"ATC-26. 9-25\u2033"},"content":{"rendered":"<table class=\"n54117_dictionary\">\n<tbody>\n<tr>\n<td class=\"n54117_item_a1\"><span style=\"color: #333333;\"><strong>Tyyppi\u00a0<span class=\"n67256colon\">:<\/span><\/strong><\/span><\/p>\n<p><span style=\"color: #333333;\"><strong>Malli:<\/strong><\/span><\/td>\n<td class=\"n54117_item_b1\">\n<div class=\"n54117_item_b_sub\"><span style=\"color: #333333;\"><strong>Automaatinen rengaskone<\/strong><\/span><\/div>\n<div><span style=\"color: #333333;\"><strong>Atlantic-technik Atc-26<\/strong><\/span><\/div>\n<\/td>\n<\/tr>\n<tr>\n<td class=\"n54117_item_a2\"><span style=\"color: #333333;\"><strong><span class=\"n67256colon\">J\u00e4nnite:<\/span><\/strong><\/span><\/td>\n<td class=\"n54117_item_b2\">\n<div class=\"n54117_item_b_sub\"><span style=\"color: #333333;\"><strong>230V<\/strong><\/span><\/div>\n<\/td>\n<\/tr>\n<tr>\n<td class=\"n54117_item_a1\"><span style=\"color: #333333;\"><strong>Py\u00f6rimisnopeus:<\/strong><\/span><\/td>\n<td class=\"n54117_item_b1\">\n<div class=\"n54117_item_b_sub\"><span style=\"color: #333333;\"><strong>6<\/strong><\/span><\/div>\n<\/td>\n<\/tr>\n<tr>\n<td class=\"n54117_item_a2\"><span style=\"color: #333333;\"><strong>Puristuspaine:<\/strong><\/span><\/td>\n<td class=\"n54117_item_b2\">\n<div class=\"n54117_item_b_sub\"><span style=\"color: #333333;\"><strong>2600 kg<\/strong><\/span><\/div>\n<\/td>\n<\/tr>\n<tr>\n<td class=\"n54117_item_a1\"><span style=\"color: #333333;\"><strong>Py\u00f6r\u00e4n maksimihalkaisija:<\/strong><\/span><\/td>\n<td class=\"n54117_item_b1\">\n<div class=\"n54117_item_b_sub\"><span style=\"color: #333333;\"><strong>1120 mm<\/strong><\/span><\/div>\n<\/td>\n<\/tr>\n<tr>\n<td class=\"n54117_item_a2\"><span style=\"color: #333333;\"><strong>Py\u00f6r\u00e4n maksimileveys:<\/strong><\/span><\/td>\n<td class=\"n54117_item_b2\">\n<div class=\"n54117_item_b_sub\"><span style=\"color: #333333;\"><strong>360 mm<\/strong><\/span><\/div>\n<\/td>\n<\/tr>\n<tr>\n<td class=\"n54117_item_a1\"><span style=\"color: #333333;\"><strong>Vanteen koko (sis\u00e4):<\/strong><\/span><\/td>\n<td class=\"n54117_item_b1\">\n<div class=\"n54117_item_b_sub\"><span style=\"color: #333333;\"><strong>13 \u201c- 25\u201d<\/strong><\/span><\/div>\n<\/td>\n<\/tr>\n<tr>\n<td class=\"n54117_item_a2\"><span style=\"color: #333333;\"><strong>Vanteen koko (ulko):<\/strong><\/span><\/td>\n<td class=\"n54117_item_b2\">\n<div class=\"n54117_item_b_sub\"><span style=\"color: #333333;\"><strong>9 \u201c- 21\u201d<\/strong><\/span><\/div>\n<\/td>\n<\/tr>\n<tr>\n<td class=\"n54117_item_a1\"><span style=\"color: #333333;\"><strong>Ilmanpaine:<\/strong><\/span><\/td>\n<td class=\"n54117_item_b1\">\n<div class=\"n54117_item_b_sub\"><span style=\"color: #333333;\"><strong>8 \u2013 10 Bar<\/strong><\/span><\/div>\n<\/td>\n<\/tr>\n<tr>\n<td class=\"n54117_item_a2\"><span style=\"color: #333333;\"><strong>Melutaso:<\/strong><\/span><\/td>\n<td class=\"n54117_item_b2\">\n<div class=\"n54117_item_b_sub\"><span style=\"color: #333333;\"><strong>&lt;75 dB<\/strong><\/span><\/div>\n<\/td>\n<\/tr>\n<tr>\n<td class=\"n54117_item_a1\"><span style=\"color: #333333;\"><strong>Teho:<\/strong><\/span><\/td>\n<td class=\"n54117_item_b1\">\n<div class=\"n54117_item_b_sub\"><span style=\"color: #333333;\"><strong>1.1 kW<\/strong><\/span><\/div>\n<\/td>\n<\/tr>\n<tr>\n<td class=\"n54117_item_a2\"><\/td>\n<td class=\"n54117_item_b2\">\n<div class=\"n54117_item_b_sub\"><\/div>\n<\/td>\n<\/tr>\n<tr>\n<td class=\"n54117_item_a1\"><\/td>\n<td class=\"n54117_item_b1\">\n<div class=\"n54117_item_b_sub\"><\/div>\n<\/td>\n<\/tr>\n<tr>\n<td class=\"n54117_item_a2\"><\/td>\n<td class=\"n54117_item_b2\">\n<div class=\"n54117_item_b_sub\"><\/div>\n<\/td>\n<\/tr>\n<tr>\n<td class=\"n54117_item_a1\"><span style=\"color: #333333;\"><strong>Vakiovarusteet:<\/strong><\/span><\/td>\n<td class=\"n54117_item_b1\"><span style=\"color: #333333;\"><strong>Apuvarret, rulla, lautanen, apuk\u00e4si<\/strong><\/span><\/p>\n<p class=\"product-title\"><span style=\"color: #333333;\"><strong>Paineens\u00e4\u00e4din vedenerottimella ja \u00f6ljystimell\u00e4<\/strong><\/span><\/p>\n<p><span style=\"color: #333333;\"><strong>Renkaant\u00e4ytt\u00f6laite puoliautomaattinen polkimella<\/strong><\/span><\/p>\n<p><span style=\"color: #333333;\"><strong><span lang=\"fi-FI\">Muovisuojukset asennusp\u00e4\u00e4h\u00e4n<\/span><\/strong><\/span><\/p>\n<p><span style=\"color: #333333;\"><strong>Muovisuojat k\u00e4p\u00e4liin<\/strong><\/span><\/p>\n<p class=\"product_title entry-title\"><span style=\"color: #333333;\"><strong>Palteenirroittajan suoja<\/strong><\/span><\/p>\n<p><span style=\"color: #333333;\"><strong>Rengasrauta 50cm<\/strong><\/span><\/p>\n<p><span style=\"color: #333333;\"><strong>Rengasrasvasuti<\/strong><\/span><\/p>\n<p><span style=\"color: #333333;\"><strong>Rengasrasva 1kg<\/strong><\/span><\/td>\n<\/tr>\n<tr>\n<td class=\"n54117_item_a2\"><span style=\"color: #333333;\"><strong><span class=\"n67256colon\">Paino:<\/span><\/strong><\/span><\/td>\n<td class=\"n54117_item_b2\">\n<div class=\"n54117_item_b_sub\"><span style=\"color: #333333;\"><strong>299 kg<\/strong><\/span><\/div>\n<\/td>\n<\/tr>\n<tr>\n<td class=\"n54117_item_a1\"><span style=\"color: #333333;\"><strong>Takuu\u00a0<span class=\"n67256colon\">:<\/span><\/strong><\/span><\/p>\n<p><span style=\"color: #333333;\"><strong>CE-hyv\u00e4ksytty<\/strong><\/span><\/td>\n<td class=\"n54117_item_b1\">\n<div class=\"n54117_item_b_sub\"><span style=\"color: #333333;\"><strong>1 vuosi<\/strong><\/span><\/div>\n<div><span style=\"color: #333333;\"><strong>Kyll\u00e4<\/strong><\/span><\/div>\n<\/td>\n<\/tr>\n<\/tbody>\n<\/table>\n","protected":false},"excerpt":{"rendered":"<p data-start=\"50\" data-end=\"90\"><strong data-start=\"50\" data-end=\"90\">Rengaskone apuvarrella ATC-26<\/strong><\/p>\n<ul>\n<li data-start=\"94\" data-end=\"170\"><strong data-start=\"94\" data-end=\"108\">Apuvarret:<\/strong> Helpottavat RUN-FLAT- ja matalaprofiilirenkaiden k\u00e4sittely\u00e4<\/li>\n<li data-start=\"173\" data-end=\"213\"><strong data-start=\"173\" data-end=\"203\">Vanteen koko (sis\u00e4):<\/strong> 13&#8243;\u201325&#8243;<\/li>\n<li data-start=\"216\" data-end=\"255\"><strong data-start=\"216\" data-end=\"246\">Vanteen koko (ulko):<\/strong> 9&#8243;\u201321&#8243;<\/li>\n<li data-start=\"258\" data-end=\"297\"><strong data-start=\"258\" data-end=\"287\">Maksimi py\u00f6r\u00e4n halkaisija:<\/strong> 1120 mm<\/li>\n<li data-start=\"300\" data-end=\"336\"><strong data-start=\"300\" data-end=\"327\">Maksimi py\u00f6r\u00e4n leveys:<\/strong> 360 mm<\/li>\n<li data-start=\"339\" data-end=\"367\"><strong data-start=\"339\" data-end=\"357\">Puristusvoima:<\/strong> 2600 kg<\/li>\n<li data-start=\"370\" data-end=\"418\"><strong data-start=\"370\" data-end=\"416\">Puoliautomaattinen ilmant\u00e4ytt\u00f6laite polkimella<\/strong><\/li>\n<li data-start=\"421\" data-end=\"444\"><strong data-start=\"421\" data-end=\"436\">Virtal\u00e4hde:<\/strong> 230 V<\/li>\n<li data-start=\"447\" data-end=\"466\"><strong data-start=\"447\" data-end=\"457\">Paino:<\/strong> 299 kg<\/li>\n<\/ul>\n<p data-start=\"468\" data-end=\"684\">ATC 26 on luotettava rengaskone, joka soveltuu henkil\u00f6autojen, maastoajoneuvojen ja pakettiautojen renkaiden asennukseen. Vakaat, rullalaakeroidut apuvarret tekev\u00e4t koneesta erityisen sopivan matalaprofiilirenkaiden asennukseen.<\/p>\n<p data-start=\"686\" data-end=\"950\">Koneessa on pneumaattisesti ohjattu kallistettava pilari, apuvarret ja vakaa asennusp\u00f6yt\u00e4, mik\u00e4 tekee siit\u00e4 t\u00e4ydellisen valinnan kaikkiin rengast\u00f6ihin. Puoliautomaattinen ilmant\u00e4ytt\u00f6laite jalkapolkimella sek\u00e4 muovisuojat asennusp\u00e4\u00e4h\u00e4n, p\u00f6yd\u00e4n kynsiin ja palteenirroittajaan kuuluvat vakiovarustukseen.<\/p>\n<p data-start=\"952\" data-end=\"1044\" data-is-last-node=\"\" data-is-only-node=\"\">Kone on CE-hyv\u00e4ksytty ja toimitetaan 12 kuukauden takuulla. Kaikki varaosat ovat saatavilla.<\/p>\n","protected":false},"featured_media":26144,"template":"","meta":{"_acf_changed":false,"_seopress_robots_primary_cat":"none","_seopress_titles_title":"","_seopress_titles_desc":"","_seopress_robots_index":""},"product_cat":[188,39,566],"product_tag":[],"class_list":{"0":"post-26135","1":"product","2":"type-product","3":"status-publish","4":"has-post-thumbnail","6":"product_cat-rengaskoneet","7":"product_cat-rengastyo","8":"product_cat-renkaan-asennuskoneet","10":"first","11":"instock","12":"taxable","13":"shipping-taxable","14":"purchasable","15":"product-type-simple","swatches":"rey-swatches","show_selected":""},"acf":[],"_links":{"self":[{"href":"https:\/\/toolhouse.fi\/fi\/wp-json\/wp\/v2\/product\/26135","targetHints":{"allow":["GET"]}}],"collection":[{"href":"https:\/\/toolhouse.fi\/fi\/wp-json\/wp\/v2\/product"}],"about":[{"href":"https:\/\/toolhouse.fi\/fi\/wp-json\/wp\/v2\/types\/product"}],"version-history":[{"count":0,"href":"https:\/\/toolhouse.fi\/fi\/wp-json\/wp\/v2\/product\/26135\/revisions"}],"wp:featuredmedia":[{"embeddable":true,"href":"https:\/\/toolhouse.fi\/fi\/wp-json\/wp\/v2\/media\/26144"}],"wp:attachment":[{"href":"https:\/\/toolhouse.fi\/fi\/wp-json\/wp\/v2\/media?parent=26135"}],"wp:term":[{"taxonomy":"product_cat","embeddable":true,"href":"https:\/\/toolhouse.fi\/fi\/wp-json\/wp\/v2\/product_cat?post=26135"},{"taxonomy":"product_tag","embeddable":true,"href":"https:\/\/toolhouse.fi\/fi\/wp-json\/wp\/v2\/product_tag?post=26135"}],"curies":[{"name":"wp","href":"https:\/\/api.w.org\/{rel}","templated":true}]}}