{"id":26158,"date":"2025-05-26T14:20:09","date_gmt":"2025-05-26T11:20:09","guid":{"rendered":"https:\/\/toolhouse.fi\/?post_type=product&#038;p=26158"},"modified":"2025-07-01T00:00:02","modified_gmt":"2025-06-30T21:00:02","slug":"atb-100","status":"publish","type":"product","link":"https:\/\/toolhouse.fi\/fi\/tuote\/atb-100\/","title":{"rendered":"ATB-100"},"content":{"rendered":"<table class=\"n54117_dictionary\">\n<tbody>\n<tr>\n<td class=\"n54117_item_a1\">Malli:<\/td>\n<td class=\"n54117_item_b1\">ATB-100<\/td>\n<\/tr>\n<tr>\n<td class=\"n54117_item_a2\">Tyyppi<span class=\"n67256colon\">:<\/span><\/td>\n<td class=\"n54117_item_b2\">\n<div class=\"n54117_item_b_sub\">Puoliautomaattinen<\/div>\n<\/td>\n<\/tr>\n<tr>\n<td class=\"n54117_item_a1\"><span class=\"n67256colon\">Mitat\u00a0<\/span><span class=\"n67256colon\">LxPxK:<\/span>&nbsp;<\/p>\n<p>Paino:<\/td>\n<td class=\"n54117_item_b1\">\n<div class=\"n54117_item_b_sub\">\n<div class=\"n54117_item_b_sub\">800x670x1010mm<\/div>\n<\/div>\n<div><\/div>\n<div class=\"n54117_item_b_sub\">85kg<\/div>\n<\/td>\n<\/tr>\n<tr>\n<td class=\"n54117_item_a2\"><span class=\"n67256colon\">Mittausaika:<\/span><\/td>\n<td class=\"n54117_item_b2\">\n<div class=\"n54117_item_b_sub\">8 sekuntia<\/div>\n<\/td>\n<\/tr>\n<tr>\n<td class=\"n54117_item_a1\"><span class=\"n67256colon\">Melutaso:<\/span><\/td>\n<td class=\"n54117_item_b1\">\n<div class=\"n54117_item_b_sub\">&gt; 69 dB<\/div>\n<\/td>\n<\/tr>\n<tr>\n<td class=\"n54117_item_a2\">Akselin halk:<\/td>\n<td class=\"n54117_item_b2\">\n<div class=\"n54117_item_b_sub\">36 mm\u00a0 x 3 mm kierre<\/div>\n<\/td>\n<\/tr>\n<tr>\n<td class=\"n54117_item_a1\">Tasapainotusohjelmat:<\/td>\n<td class=\"n54117_item_b1\">\n<div class=\"n54117_item_b_sub\">3 x alu, dynaaminen, staattinen<\/div>\n<\/td>\n<\/tr>\n<tr>\n<td class=\"n54117_item_a2\">Renkaan enimm\u00e4ispaino:<\/td>\n<td class=\"n54117_item_b2\">\n<div class=\"n54117_item_b_sub\">65 kg<\/div>\n<\/td>\n<\/tr>\n<tr>\n<td class=\"n54117_item_a1\"><span class=\"n67256colon\">Py\u00f6rimisnopeus:<\/span><\/td>\n<td class=\"n54117_item_b1\">\n<div class=\"n54117_item_b_sub\">200 rpm<\/div>\n<\/td>\n<\/tr>\n<tr>\n<td class=\"n54117_item_a2\"><span class=\"n67256colon\">Tarkkuus:<\/span><\/td>\n<td class=\"n54117_item_b2\">\n<div class=\"n54117_item_b_sub\">1g<\/div>\n<\/td>\n<\/tr>\n<tr>\n<td class=\"n54117_item_a1\">Vanteen halkaisija:<\/p>\n<p>Vanteen leveys<\/td>\n<td class=\"n54117_item_b1\">\n<div class=\"n54117_item_b_sub\">10 \u201c &#8211;\u00a0 24\u201d<\/div>\n<div>1,5\u2033 \u2013 16\u2033<\/div>\n<\/td>\n<\/tr>\n<tr>\n<td class=\"n54117_item_a2\"><span class=\"n67256colon\">Painon asettaminen:<\/span><\/td>\n<td class=\"n54117_item_b2\">\n<div class=\"n54117_item_b_sub\">Led n\u00e4ytt\u00f6, \u00e4\u00e4nimerkki<\/div>\n<\/td>\n<\/tr>\n<tr>\n<td class=\"n54117_item_a1\"><span class=\"n67256colon\">Toiminnot:<\/span><\/td>\n<td class=\"n54117_item_b1\">\n<div class=\"n54117_item_b_sub\">Autokalibrointi, auto-diagnoosi,<\/div>\n<\/td>\n<\/tr>\n<tr>\n<td class=\"n54117_item_a2\">Teho:<\/td>\n<td class=\"n54117_item_b2\">\n<div class=\"n54117_item_b_sub\">0.25kW<\/div>\n<\/td>\n<\/tr>\n<tr>\n<td class=\"n54117_item_a1\">J\u00e4nnite<span class=\"n67256colon\">:<\/span><\/td>\n<td class=\"n54117_item_b1\">\n<div class=\"n54117_item_b_sub\">230V 50Hz<\/div>\n<\/td>\n<\/tr>\n<tr>\n<td class=\"n54117_item_a2\">Takuu<span class=\"n67256colon\">:<\/span><\/td>\n<td class=\"n54117_item_b2\">\n<div class=\"n54117_item_b_sub\">12 kuukautta<\/div>\n<\/td>\n<\/tr>\n<tr>\n<td class=\"n54117_item_a1\"><span class=\"n67256colon\">Ce-hyv\u00e4ksytty:<\/span><\/td>\n<td class=\"n54117_item_b1\">\n<div class=\"n54117_item_b_sub\">Kyll\u00e4<\/div>\n<\/td>\n<\/tr>\n<\/tbody>\n<\/table>\n","protected":false},"excerpt":{"rendered":"<p data-start=\"51\" data-end=\"392\"><strong data-start=\"51\" data-end=\"155\">ATB-100 on helppok\u00e4ytt\u00f6inen ja luotettava tasapainotuskone, joka tarjoaa korkeaa suorituskyky\u00e4.<\/strong><br data-start=\"155\" data-end=\"158\" \/>Kone on tarkoitettu henkil\u00f6autojen, pakettiautojen ja moottoripy\u00f6rien renkaiden tasapainotukseen (moottoripy\u00f6r\u00e4adapteri saatavana lis\u00e4varusteena). Laite on helppok\u00e4ytt\u00f6inen ja tuottaa nopeita, tarkkoja ja toistettavia mittaustuloksia.<\/p>\n<p data-start=\"394\" data-end=\"545\"><strong data-start=\"394\" data-end=\"425\">Useita tasapainotusohjelmia<\/strong><br data-start=\"425\" data-end=\"428\" \/>Koneessa on kolme ohjelmaa kevytmetallivanteille sek\u00e4 ohjelmat staattiseen ja dynaamiseen tasapainotukseen.<\/p>\n<p data-start=\"547\" data-end=\"690\"><strong data-start=\"547\" data-end=\"561\">LED-n\u00e4ytt\u00f6<\/strong><br data-start=\"561\" data-end=\"564\" \/>LED-n\u00e4ytt\u00f6 osoittaa tarkasti, miss\u00e4 kohtaa ep\u00e4tasapaino sijaitsee. Koneessa on my\u00f6s selke\u00e4t painikkeet helppoa k\u00e4ytt\u00f6\u00e4 varten.<\/p>\n<p data-start=\"692\" data-end=\"814\"><strong data-start=\"692\" data-end=\"721\">Akselin halkaisija: 36 mm<\/strong><br data-start=\"721\" data-end=\"724\" \/>ATB-100 on varustettu 36 mm akselilla ja yhteensopiva laajan lis\u00e4varustevalikoiman kanssa.<\/p>\n<p data-start=\"816\" data-end=\"1019\"><strong data-start=\"816\" data-end=\"852\">Itsediagnostiikka ja kalibrointi<\/strong><br data-start=\"852\" data-end=\"855\" \/>Koneessa on sis\u00e4\u00e4nrakennettu itsediagnostiikkaj\u00e4rjestelm\u00e4, jonka avulla mahdolliset ongelmat on helppo tunnistaa. K\u00e4ytt\u00e4j\u00e4yst\u00e4v\u00e4llinen kalibrointitoiminto antaa k\u00e4ytt\u00e4j\u00e4n itse s\u00e4\u00e4t\u00e4\u00e4 koneen optimaalista suorituskyky\u00e4 varten.<\/p>\n<p data-start=\"1021\" data-end=\"1040\"><strong data-start=\"1021\" data-end=\"1038\">Vakiovarustus<\/strong><\/p>\n<ul>\n<li>Suomenkielinen k\u00e4ytt\u00f6ohje<\/li>\n<li data-start=\"1043\" data-end=\"1060\">Kartiot (4 kpl)<\/li>\n<li data-start=\"1063\" data-end=\"1076\">Pikamutteri<\/li>\n<li data-start=\"1079\" data-end=\"1092\">Painopihdit<\/li>\n<li data-start=\"1095\" data-end=\"1137\">Vannemitta renkaan leveyden mittaamiseen<\/li>\n<li data-start=\"1140\" data-end=\"1156\">Kalibrointipaino 100g<\/li>\n<\/ul>\n<div class=\"woocommerce-product-details__short-description\">\n<div class=\"rey-summaryAcc --layout-acc\">\n<div id=\"acctab-description\" class=\"rey-summaryAcc-item rey-summaryAcc-item--description --active\" role=\"tabpanel\" aria-labelledby=\"acctab-title-description\">\n<div class=\"__inner\">\n<p data-start=\"952\" data-end=\"1044\" data-is-last-node=\"\" data-is-only-node=\"\">Kone on CE-hyv\u00e4ksytty ja toimitetaan 12 kuukauden takuulla. Kaikki varaosat ovat saatavilla.<\/p>\n<\/div>\n<\/div>\n<\/div>\n<\/div>\n","protected":false},"featured_media":26175,"template":"","meta":{"_acf_changed":false,"_seopress_robots_primary_cat":"none","_seopress_titles_title":"","_seopress_titles_desc":"","_seopress_robots_index":""},"product_cat":[39,187,622],"product_tag":[],"class_list":{"0":"post-26158","1":"product","2":"type-product","3":"status-publish","4":"has-post-thumbnail","6":"product_cat-rengastyo","7":"product_cat-tasapainotuskoneet","8":"product_cat-tasapainotuskoneet-kevyt-kalusto","10":"first","11":"instock","12":"sale","13":"taxable","14":"shipping-taxable","15":"purchasable","16":"product-type-simple","swatches":"rey-swatches","show_selected":""},"acf":[],"_links":{"self":[{"href":"https:\/\/toolhouse.fi\/fi\/wp-json\/wp\/v2\/product\/26158","targetHints":{"allow":["GET"]}}],"collection":[{"href":"https:\/\/toolhouse.fi\/fi\/wp-json\/wp\/v2\/product"}],"about":[{"href":"https:\/\/toolhouse.fi\/fi\/wp-json\/wp\/v2\/types\/product"}],"version-history":[{"count":3,"href":"https:\/\/toolhouse.fi\/fi\/wp-json\/wp\/v2\/product\/26158\/revisions"}],"predecessor-version":[{"id":26165,"href":"https:\/\/toolhouse.fi\/fi\/wp-json\/wp\/v2\/product\/26158\/revisions\/26165"}],"wp:featuredmedia":[{"embeddable":true,"href":"https:\/\/toolhouse.fi\/fi\/wp-json\/wp\/v2\/media\/26175"}],"wp:attachment":[{"href":"https:\/\/toolhouse.fi\/fi\/wp-json\/wp\/v2\/media?parent=26158"}],"wp:term":[{"taxonomy":"product_cat","embeddable":true,"href":"https:\/\/toolhouse.fi\/fi\/wp-json\/wp\/v2\/product_cat?post=26158"},{"taxonomy":"product_tag","embeddable":true,"href":"https:\/\/toolhouse.fi\/fi\/wp-json\/wp\/v2\/product_tag?post=26158"}],"curies":[{"name":"wp","href":"https:\/\/api.w.org\/{rel}","templated":true}]}}