{"id":26243,"date":"2025-05-27T15:51:37","date_gmt":"2025-05-27T12:51:37","guid":{"rendered":"https:\/\/toolhouse.fi\/?post_type=product&#038;p=26243"},"modified":"2026-05-05T19:27:51","modified_gmt":"2026-05-05T16:27:51","slug":"hydraulinen-laakerin-ulosvetaja-10t","status":"publish","type":"product","link":"https:\/\/toolhouse.fi\/fi\/tuote\/hydraulinen-laakerin-ulosvetaja-10t\/","title":{"rendered":"Hydraulinen laakerin ulosvet\u00e4j\u00e4 10T"},"content":{"rendered":"","protected":false},"excerpt":{"rendered":"<p data-start=\"40\" data-end=\"81\"><strong data-start=\"40\" data-end=\"81\">Hydraulinen ulosvedinsarja \u2013 10 tonnia<\/strong><\/p>\n<p data-start=\"83\" data-end=\"201\">Vankka ja monipuolinen sarja laakereiden, rattaiden, hihnapy\u00f6rien ja muiden osien irrotukseen.<\/p>\n<p data-start=\"203\" data-end=\"314\">10 tonnin hydraulisella karalla saavutetaan suuri vetovoima helposti \u2013 riitt\u00e4\u00e4, ett\u00e4 T-kahvaa kierret\u00e4\u00e4n k\u00e4sin.<\/p>\n<p data-start=\"316\" data-end=\"328\"><strong data-start=\"316\" data-end=\"328\">Sis\u00e4lt\u00f6:<\/strong><\/p>\n<ul>\n<li data-start=\"332\" data-end=\"374\">Hydraulinen kara, kapasiteetti 10 tonnia<\/li>\n<li data-start=\"377\" data-end=\"410\">3 kpl ulosvet\u00e4j\u00e4n leukaa 100 mm<\/li>\n<li data-start=\"413\" data-end=\"446\">3 kpl ulosvet\u00e4j\u00e4n leukaa 150 mm<\/li>\n<li data-start=\"449\" data-end=\"482\">3 kpl ulosvet\u00e4j\u00e4n leukaa 200 mm<\/li>\n<li data-start=\"485\" data-end=\"522\">Sovitin 2-leukaiselle ulosvet\u00e4j\u00e4lle<\/li>\n<li data-start=\"525\" data-end=\"562\">Sovitin 3-leukaiselle ulosvet\u00e4j\u00e4lle<\/li>\n<li data-start=\"565\" data-end=\"596\">Sovitin laakerinulosvet\u00e4j\u00e4lle 205 mm<\/li>\n<li data-start=\"565\" data-end=\"596\">Karan holkki<\/li>\n<li data-start=\"599\" data-end=\"619\">Laakerinulosvet\u00e4j\u00e4 50 &#8211; 100 mm<\/li>\n<li data-start=\"622\" data-end=\"647\">3 kpl karan jatkopaloja 25mm, 35mm, 85 mm<\/li>\n<li data-start=\"650\" data-end=\"691\">2 kpl jatkopaloja laakerinulosvet\u00e4j\u00e4lle 235 mm<\/li>\n<li data-start=\"694\" data-end=\"735\">2 kpl vetotankoja laakerinulosvet\u00e4j\u00e4lle 185 mm<\/li>\n<\/ul>\n<p>Paino 17,5 kg<\/p>\n<p>Valmistaja: Smart equipment<\/p>\n","protected":false},"featured_media":26250,"template":"","meta":{"_acf_changed":false,"_seopress_robots_primary_cat":"none","_seopress_titles_title":"","_seopress_titles_desc":"","_seopress_robots_index":""},"product_cat":[337,40,486],"product_tag":[],"class_list":{"0":"post-26243","1":"product","2":"type-product","3":"status-publish","4":"has-post-thumbnail","6":"product_cat-tyokalut","7":"product_cat-korjaamolaitteet","8":"product_cat-ulosvetajat","10":"first","11":"instock","12":"taxable","13":"shipping-taxable","14":"purchasable","15":"product-type-simple","swatches":"rey-swatches","show_selected":""},"acf":[],"_links":{"self":[{"href":"https:\/\/toolhouse.fi\/fi\/wp-json\/wp\/v2\/product\/26243","targetHints":{"allow":["GET"]}}],"collection":[{"href":"https:\/\/toolhouse.fi\/fi\/wp-json\/wp\/v2\/product"}],"about":[{"href":"https:\/\/toolhouse.fi\/fi\/wp-json\/wp\/v2\/types\/product"}],"version-history":[{"count":0,"href":"https:\/\/toolhouse.fi\/fi\/wp-json\/wp\/v2\/product\/26243\/revisions"}],"wp:featuredmedia":[{"embeddable":true,"href":"https:\/\/toolhouse.fi\/fi\/wp-json\/wp\/v2\/media\/26250"}],"wp:attachment":[{"href":"https:\/\/toolhouse.fi\/fi\/wp-json\/wp\/v2\/media?parent=26243"}],"wp:term":[{"taxonomy":"product_cat","embeddable":true,"href":"https:\/\/toolhouse.fi\/fi\/wp-json\/wp\/v2\/product_cat?post=26243"},{"taxonomy":"product_tag","embeddable":true,"href":"https:\/\/toolhouse.fi\/fi\/wp-json\/wp\/v2\/product_tag?post=26243"}],"curies":[{"name":"wp","href":"https:\/\/api.w.org\/{rel}","templated":true}]}}