{"id":26275,"date":"2025-05-28T12:01:45","date_gmt":"2025-05-28T09:01:45","guid":{"rendered":"https:\/\/toolhouse.fi\/?post_type=product&#038;p=26275"},"modified":"2026-04-07T19:53:10","modified_gmt":"2026-04-07T16:53:10","slug":"sm-4000","status":"publish","type":"product","link":"https:\/\/toolhouse.fi\/fi\/tuote\/sm-4000\/","title":{"rendered":"Sm-4000 400V"},"content":{"rendered":"<table border=\"0\" width=\"436\" cellspacing=\"0\" cellpadding=\"2\">\n<tbody>\n<tr>\n<td width=\"322\"><b>Nostokyky :<\/b><\/td>\n<td width=\"93\">4000 kg<\/td>\n<\/tr>\n<tr>\n<td bgcolor=\"#f1f1f1\" width=\"322\"><b>Nostokorkeus:<\/b><\/td>\n<td bgcolor=\"#f1f1f1\" width=\"93\">100 \u20131900mm<\/td>\n<\/tr>\n<tr>\n<td width=\"322\"><b>Mekaaninen turvalukitus:<\/b><\/td>\n<td width=\"93\">Kyll\u00e4<\/td>\n<\/tr>\n<tr>\n<td bgcolor=\"#f1f1f1\" width=\"322\"><b>K\u00e4ytt\u00f6 :<\/b><\/td>\n<td bgcolor=\"#f1f1f1\" width=\"93\">s\u00e4hk\u00f6hydraulinen<\/td>\n<\/tr>\n<tr>\n<td width=\"322\"><b>Nostoaika :<\/b><\/td>\n<td width=\"93\">40 sek<\/td>\n<\/tr>\n<tr>\n<td bgcolor=\"#f1f1f1\" width=\"322\">\n<article class=\"text-token-text-primary w-full\" dir=\"auto\" data-testid=\"conversation-turn-120\" data-scroll-anchor=\"true\">\n<div class=\"text-base my-auto mx-auto py-5 [--thread-content-margin:--spacing(4)] @[37rem]:[--thread-content-margin:--spacing(6)] @[72rem]:[--thread-content-margin:--spacing(16)] px-(--thread-content-margin)\">\n<div class=\"[--thread-content-max-width:32rem] @[34rem]:[--thread-content-max-width:40rem] @[64rem]:[--thread-content-max-width:48rem] mx-auto flex max-w-(--thread-content-max-width) flex-1 text-base gap-4 md:gap-5 lg:gap-6 group\/turn-messages focus-visible:outline-hidden\" tabindex=\"-1\">\n<div class=\"group\/conversation-turn relative flex w-full min-w-0 flex-col agent-turn\">\n<div class=\"relative flex-col gap-1 md:gap-3\">\n<div class=\"flex max-w-full flex-col grow\">\n<div class=\"min-h-8 text-message relative flex w-full flex-col items-end gap-2 text-start break-words whitespace-normal [.text-message+&amp;]:mt-5\" dir=\"auto\" data-message-author-role=\"assistant\" data-message-id=\"32955333-4e67-40cd-991a-862eb2736b8d\" data-message-model-slug=\"gpt-4o\">\n<div class=\"flex w-full flex-col gap-1 empty:hidden first:pt-[3px]\">\n<div class=\"markdown prose dark:prose-invert w-full break-words light\">\n<p data-start=\"40\" data-end=\"65\" data-is-last-node=\"\" data-is-only-node=\"\"><strong data-start=\"40\" data-end=\"65\" data-is-last-node=\"\">Etunostovarren pituus:<\/strong><\/p>\n<article class=\"text-token-text-primary w-full\" dir=\"auto\" data-testid=\"conversation-turn-120\" data-scroll-anchor=\"true\">\n<div class=\"text-base my-auto mx-auto py-5 [--thread-content-margin:--spacing(4)] @[37rem]:[--thread-content-margin:--spacing(6)] @[72rem]:[--thread-content-margin:--spacing(16)] px-(--thread-content-margin)\">\n<div class=\"[--thread-content-max-width:32rem] @[34rem]:[--thread-content-max-width:40rem] @[64rem]:[--thread-content-max-width:48rem] mx-auto flex max-w-(--thread-content-max-width) flex-1 text-base gap-4 md:gap-5 lg:gap-6 group\/turn-messages focus-visible:outline-hidden\" tabindex=\"-1\">\n<div class=\"group\/conversation-turn relative flex w-full min-w-0 flex-col agent-turn\">\n<div class=\"relative flex-col gap-1 md:gap-3\">\n<div class=\"flex max-w-full flex-col grow\">\n<div class=\"min-h-8 text-message relative flex w-full flex-col items-end gap-2 text-start break-words whitespace-normal [.text-message+&amp;]:mt-5\" dir=\"auto\" data-message-author-role=\"assistant\" data-message-id=\"32955333-4e67-40cd-991a-862eb2736b8d\" data-message-model-slug=\"gpt-4o\">\n<div class=\"flex w-full flex-col gap-1 empty:hidden first:pt-[3px]\">\n<div class=\"markdown prose dark:prose-invert w-full break-words light\">\n<p data-start=\"40\" data-end=\"65\" data-is-last-node=\"\" data-is-only-node=\"\"><strong data-start=\"40\" data-end=\"65\" data-is-last-node=\"\">Takanostovarren pituus:<\/strong><\/p>\n<\/div>\n<\/div>\n<\/div>\n<\/div>\n<\/div>\n<\/div>\n<\/div>\n<\/div>\n<\/article>\n<\/div>\n<\/div>\n<\/div>\n<\/div>\n<\/div>\n<\/div>\n<\/div>\n<\/div>\n<\/article>\n<\/td>\n<td bgcolor=\"#f1f1f1\" width=\"93\">590 &#8211; 1080<\/p>\n<p>805 &#8211; 1210<\/td>\n<\/tr>\n<tr>\n<td width=\"322\"><b><strong>Pilarien sis\u00e4leveys<\/strong>:<\/b><\/p>\n<p><strong>L\u00e4piajoleveys:<\/strong><\/td>\n<td width=\"93\">2770 mm<\/p>\n<p>2470 mm<\/td>\n<\/tr>\n<tr>\n<td bgcolor=\"#f1f1f1\" width=\"322\"><b>Korkeus :<\/b><\/td>\n<td bgcolor=\"#f1f1f1\" width=\"93\">2830 mm<\/td>\n<\/tr>\n<tr>\n<td width=\"322\"><b>Ulkoleveys :<\/b><\/p>\n<p><strong>Paino:<\/strong><\/td>\n<td width=\"93\">3410 mm<\/p>\n<p>540kg<\/td>\n<\/tr>\n<tr>\n<td bgcolor=\"#f1f1f1\" width=\"322\"><b>J\u00e4nnite :<\/b><\/td>\n<td bgcolor=\"#f1f1f1\" width=\"93\">400V<\/td>\n<\/tr>\n<tr>\n<td width=\"322\"><b>Takuu :<\/b><\/td>\n<td width=\"93\">12 kuukautta<\/td>\n<\/tr>\n<tr>\n<td bgcolor=\"#f1f1f1\" width=\"322\"><b>Ce h<\/b><strong>yv\u00e4ksytty :<\/strong><\/td>\n<td bgcolor=\"#f1f1f1\" width=\"93\">Kyll\u00e4<\/td>\n<\/tr>\n<tr>\n<td width=\"322\"><\/td>\n<td width=\"93\"><\/td>\n<\/tr>\n<tr>\n<td bgcolor=\"#f1f1f1\" width=\"322\"><strong>Moottorin teho:<\/strong><\/td>\n<td bgcolor=\"#f1f1f1\" width=\"93\">2,2kw<\/td>\n<\/tr>\n<tr>\n<td width=\"322\">&nbsp;<\/p>\n<p><strong>Malli<\/strong><\/td>\n<td width=\"93\">&nbsp;<\/p>\n<p>Smart equipment sm-4000<\/td>\n<\/tr>\n<\/tbody>\n<\/table>\n<div class=\"ts-lookup-pivot\">\n<ul>\n<li>Takuu 1 vuosi.<\/li>\n<li>Kaikki varaosat saatavilla!<\/li>\n<li>Kaikki nostimet toimitetaan ilman hydrauli\u00f6ljyj\u00e4.<\/li>\n<\/ul>\n<\/div>\n","protected":false},"excerpt":{"rendered":"<p data-start=\"57\" data-end=\"68\"><strong data-start=\"57\" data-end=\"68\">SM-4000<\/strong><\/p>\n<ul>\n<li>Hydraulinen kaksipilarinostin<\/li>\n<li>2-osaiset takanostovarret<\/li>\n<li>3-osaiset etunostovarret<\/li>\n<li>400 V<\/li>\n<li>Nostokapasiteetti: 4000 kg<\/li>\n<li>Nostokorkeus: 100\u20131900 mm<\/li>\n<li>Mekaaniset turvalukot<\/li>\n<li>Lukitus vapautetaan manuaalisesti molemmista pilareista<\/li>\n<li>L\u00e4piajoleveys: 2470 mm<\/li>\n<\/ul>\n<p data-start=\"329\" data-end=\"705\"><strong data-start=\"329\" data-end=\"356\">SMART EQUIPMENT SM-4000<\/strong> on vakaa ja luotettava kaksipilarinostin, suunniteltu ajoneuvoille aina 4000 kiloon saakka. Nostimen vankka rakenne tekee siit\u00e4 erinomaisen valinnan p\u00e4ivitt\u00e4iseen huoltok\u00e4ytt\u00f6\u00f6n.<br data-start=\"535\" data-end=\"538\" \/>2-osaiset takanostovarret ja 3-osaiset etunostovarret mahdollistavat nostimen helpon mukauttamisen eripituisille ajoneuvoille \u2013 my\u00f6s hieman pidemmille autoille.<\/p>\n<p data-start=\"329\" data-end=\"705\">SM-4000 on vakiovarusteena varustettu luotettavalla ja korkealaatuisella Boucher Hydraulicsin hydrauliyksik\u00f6ll\u00e4.<\/p>\n","protected":false},"featured_media":26274,"template":"","meta":{"_acf_changed":false,"_seopress_robots_primary_cat":"none","_seopress_titles_title":"","_seopress_titles_desc":"","_seopress_robots_index":""},"product_cat":[285,455,37],"product_tag":[],"class_list":{"0":"post-26275","1":"product","2":"type-product","3":"status-publish","4":"has-post-thumbnail","6":"product_cat-2-pilarinostimet","7":"product_cat-ajoneuvonostimet","8":"product_cat-autonostimet","10":"first","11":"outofstock","12":"sale","13":"taxable","14":"shipping-taxable","15":"purchasable","16":"product-type-simple","swatches":"rey-swatches","show_selected":""},"acf":[],"_links":{"self":[{"href":"https:\/\/toolhouse.fi\/fi\/wp-json\/wp\/v2\/product\/26275","targetHints":{"allow":["GET"]}}],"collection":[{"href":"https:\/\/toolhouse.fi\/fi\/wp-json\/wp\/v2\/product"}],"about":[{"href":"https:\/\/toolhouse.fi\/fi\/wp-json\/wp\/v2\/types\/product"}],"version-history":[{"count":5,"href":"https:\/\/toolhouse.fi\/fi\/wp-json\/wp\/v2\/product\/26275\/revisions"}],"predecessor-version":[{"id":31227,"href":"https:\/\/toolhouse.fi\/fi\/wp-json\/wp\/v2\/product\/26275\/revisions\/31227"}],"wp:featuredmedia":[{"embeddable":true,"href":"https:\/\/toolhouse.fi\/fi\/wp-json\/wp\/v2\/media\/26274"}],"wp:attachment":[{"href":"https:\/\/toolhouse.fi\/fi\/wp-json\/wp\/v2\/media?parent=26275"}],"wp:term":[{"taxonomy":"product_cat","embeddable":true,"href":"https:\/\/toolhouse.fi\/fi\/wp-json\/wp\/v2\/product_cat?post=26275"},{"taxonomy":"product_tag","embeddable":true,"href":"https:\/\/toolhouse.fi\/fi\/wp-json\/wp\/v2\/product_tag?post=26275"}],"curies":[{"name":"wp","href":"https:\/\/api.w.org\/{rel}","templated":true}]}}