{"id":26374,"date":"2025-05-26T19:50:09","date_gmt":"2025-06-05T08:41:33","guid":{"rendered":"https:\/\/toolhouse.fi\/?post_type=product&#038;p=26374"},"modified":"2025-06-05T11:41:33","modified_gmt":"2025-06-05T08:41:33","slug":"atb-700-laser","status":"publish","type":"product","link":"https:\/\/toolhouse.fi\/fi\/tuote\/atb-700-laser\/","title":{"rendered":"ATB-700 Laser"},"content":{"rendered":"<table class=\"n54117_dictionary\">\n<tbody>\n<tr>\n<td class=\"n54117_item_a1\">Malli:<\/td>\n<td class=\"n54117_item_b1\">\n<div>ATB-700 Laser<\/div>\n<\/td>\n<\/tr>\n<tr>\n<td class=\"n54117_item_a2\">Tyyppi<span class=\"n67256colon\">:<\/span><\/td>\n<td class=\"n54117_item_b2\">\n<div class=\"n54117_item_b_sub\">Automaattinen<\/div>\n<\/td>\n<\/tr>\n<tr>\n<td class=\"n54117_item_a1\"><span class=\"n67256colon\">Mitat (ilman suojakupua)\u00a0<\/span><span class=\"n67256colon\">LxPxK:<\/span>&nbsp;<\/p>\n<p>Paino:<\/td>\n<td class=\"n54117_item_b1\">\n<div class=\"n54117_item_b_sub\"><\/div>\n<div><\/div>\n<div class=\"n54117_item_b_sub\">123 kg<\/div>\n<\/td>\n<\/tr>\n<tr>\n<td class=\"n54117_item_a2\"><span class=\"n67256colon\">Mittausaika:<\/span><\/td>\n<td class=\"n54117_item_b2\">\n<div class=\"n54117_item_b_sub\">8 sekuntia<\/div>\n<\/td>\n<\/tr>\n<tr>\n<td class=\"n54117_item_a1\"><span class=\"n67256colon\">Melutaso:<\/span><\/td>\n<td class=\"n54117_item_b1\">\n<div class=\"n54117_item_b_sub\">&gt; 70 dB<\/div>\n<\/td>\n<\/tr>\n<tr>\n<td class=\"n54117_item_a2\">Akselin halk:<\/td>\n<td class=\"n54117_item_b2\">\n<div class=\"n54117_item_b_sub\">36mm\u00a0 x 3mm kierre<\/div>\n<\/td>\n<\/tr>\n<tr>\n<td class=\"n54117_item_a1\">Tasapainotusohjelmat:<\/td>\n<td class=\"n54117_item_b1\">\n<div class=\"n54117_item_b_sub\">6 (sis alu-s) \u00a0dynaaminen, \u00a0staattinen<\/div>\n<\/td>\n<\/tr>\n<tr>\n<td class=\"n54117_item_a2\">Renkaan enimm\u00e4ispaino:<\/td>\n<td class=\"n54117_item_b2\">\n<div class=\"n54117_item_b_sub\">70 kg<\/div>\n<\/td>\n<\/tr>\n<tr>\n<td class=\"n54117_item_a1\"><span class=\"n67256colon\">Py\u00f6rimisnopeus:<\/span><\/td>\n<td class=\"n54117_item_b1\">\n<div class=\"n54117_item_b_sub\">200 rpm<\/div>\n<\/td>\n<\/tr>\n<tr>\n<td class=\"n54117_item_a2\"><span class=\"n67256colon\">Tarkkuus:<\/span><\/td>\n<td class=\"n54117_item_b2\">\n<div class=\"n54117_item_b_sub\">1g<\/div>\n<\/td>\n<\/tr>\n<tr>\n<td class=\"n54117_item_a1\">Vanteen halkaisija:&nbsp;<\/p>\n<p>Vanteen leveys:<\/td>\n<td class=\"n54117_item_b1\">\n<div class=\"n54117_item_b_sub\">10 \u201c- 24\u201d<\/div>\n<div>1,5\u2033 \u2013 16\u2033<\/div>\n<\/td>\n<\/tr>\n<tr>\n<td class=\"n54117_item_a2\"><span class=\"n67256colon\">Painon asettaminen:<\/span><\/td>\n<td class=\"n54117_item_b2\">\n<div class=\"n54117_item_b_sub\">Led n\u00e4ytt\u00f6, laser<\/div>\n<\/td>\n<\/tr>\n<tr>\n<td class=\"n54117_item_a1\"><span class=\"n67256colon\">Toiminnot:<\/span><\/td>\n<td class=\"n54117_item_b1\">\n<div class=\"n54117_item_b_sub\">Auto kalibrointi. Optimointi, Auto-diagnoosi,<\/div>\n<div>Alu-s, Split=piilopaino-ohjelma<\/div>\n<\/td>\n<\/tr>\n<tr>\n<td class=\"n54117_item_a2\"><span class=\"n67256colon\">Automaattinen mittaus:<\/span><\/td>\n<td class=\"n54117_item_b2\">\n<div class=\"n54117_item_b_sub\">Halkaisija, \u00a0et\u00e4isyys<\/div>\n<\/td>\n<\/tr>\n<tr>\n<td class=\"n54117_item_a1\">J\u00e4nnite<span class=\"n67256colon\">:<\/span><\/td>\n<td class=\"n54117_item_b1\">\n<div class=\"n54117_item_b_sub\">230V 50Hz<\/div>\n<\/td>\n<\/tr>\n<tr>\n<td class=\"n54117_item_a2\">Takuu<span class=\"n67256colon\">:<\/span><\/td>\n<td class=\"n54117_item_b2\">\n<div class=\"n54117_item_b_sub\">12 kuukautta<\/div>\n<\/td>\n<\/tr>\n<tr>\n<td class=\"n54117_item_a1\"><span class=\"n67256colon\">Ce-hyv\u00e4ksytty:<\/span><\/td>\n<td class=\"n54117_item_b1\">\n<div class=\"n54117_item_b_sub\">Kyll\u00e4<\/div>\n<\/td>\n<\/tr>\n<\/tbody>\n<\/table>\n","protected":false},"excerpt":{"rendered":"<p><strong>ATB-700 Laser<\/strong><\/p>\n<ul>\n<li><strong>Laser<\/strong>: Nopea ja tarkka painojen sijoittelu laserosoittimen avulla.<\/li>\n<li><strong>LED-valaistus<\/strong>: Helpottaa painojen sijoittamista ja syttyy automaattisesti yhdess\u00e4 laserosoittimen kanssa.<\/li>\n<li>Suuri ja selke\u00e4 <strong>LED-n\u00e4ytt\u00f6<\/strong><\/li>\n<li><strong>Automaattinen mittaus<\/strong>: Vanteen halkaisija ja et\u00e4isyys mitataan automaattisesti mittavarrella. Alu-S-tilassa kaikki mittaukset tehd\u00e4\u00e4n ilman manuaalista sy\u00f6tt\u00e4mist\u00e4.<\/li>\n<li><strong data-start=\"270\" data-end=\"288\">Alu-s-ohjelma:<\/strong> Tarkkaan liimapainojen sijoitukseen.<\/li>\n<li><strong>Mittavarren monik\u00e4ytt\u00f6isyys<\/strong>: K\u00e4ytet\u00e4\u00e4n sek\u00e4 tarkkaan mittaukseen ett\u00e4 liimapainojen sijoittamiseen.<\/li>\n<li><strong data-start=\"597\" data-end=\"624\">6 tasapainotusohjelmaa:<\/strong> Nelj\u00e4 ohjelmaa alumiinivanteille, mukaan lukien Alu-s, normaali ja staattinen tila.<\/li>\n<li><strong>Optimointi ja tarkkuus<\/strong>: Suuren ep\u00e4tasapainon sattuessa OPT-toiminto auttaa py\u00f6ritt\u00e4m\u00e4\u00e4n rengasta vanteella ep\u00e4tasapainon minimoimiseksi.<\/li>\n<\/ul>\n<hr \/>\n<h3><strong>ATB-700 Laserin edut<\/strong><\/h3>\n<p data-start=\"63\" data-end=\"893\"><strong data-start=\"859\" data-end=\"893\">Korkea laatu ja vakaa rakenne.<\/strong><\/p>\n<p data-start=\"63\" data-end=\"893\">ATB-700 Laser on huippuluokan tasapainotuskone, joka on valmistettu parhaista komponenteista. Koneen tukeva runko ja suuri pohjalevy tekev\u00e4t siit\u00e4 ihanteellisen suurten ja raskaiden py\u00f6rien tasapainottamiseen. Vankka rakenne takaa korkean tarkkuuden<\/p>\n<p><strong data-start=\"1192\" data-end=\"1212\">Helppok\u00e4ytt\u00f6inen<\/strong><br data-start=\"1212\" data-end=\"1215\" \/>Helppok\u00e4ytt\u00f6inen ohjauspaneeli ja selke\u00e4 LED-n\u00e4ytt\u00f6 tekev\u00e4t ty\u00f6skentelyst\u00e4 nopeaa ja tehokasta. Koneessa on my\u00f6s jarrupoljin, joka est\u00e4\u00e4 py\u00f6r\u00e4n py\u00f6rimisen painojen asennuksen aikana.<\/p>\n<p><strong data-start=\"1399\" data-end=\"1445\">Kalibrointi ja diagnostiikka<\/strong><br data-start=\"1445\" data-end=\"1448\" \/>Kone tarjoaa vaivatonta tasapainotusta ominaisuuksilla kuten automaattinen kalibrointi, itsediagnostiikka ja OPT-toiminto ep\u00e4tasapainon v\u00e4hent\u00e4miseksi.<\/p>\n<p><strong data-start=\"1601\" data-end=\"1618\">Monipuolisuus<\/strong><br data-start=\"1618\" data-end=\"1621\" \/>Kone soveltuu henkil\u00f6autojen, pakettiautojen ja moottoripy\u00f6rien renkaiden tasapainotukseen (MC-sovitin saatavilla lis\u00e4varusteena). Nopea mittausaika \u2013 vain 8 sekuntia. Kone k\u00e4ynnistyy automaattisesti, kun suojakupu lasketaan alas, ja pys\u00e4htyy mittauksen j\u00e4lkeen s\u00e4hk\u00f6mekaanisen jarrun avulla.<\/p>\n<h3><\/h3>\n<h3><strong>Toimitussis\u00e4lt\u00f6<\/strong><\/h3>\n<p data-start=\"1915\" data-end=\"1984\">ATB-700 Laserin mukana toimitetaan:<\/p>\n<ul>\n<li>Suomenkielinen k\u00e4ytt\u00f6ohje<\/li>\n<li>Painopihdit<\/li>\n<li>Vannemitta vanteen leveyden mittaamiseen<\/li>\n<li>Pikakiinnitysmutteri<\/li>\n<li>4 adapteria (kartiot)<\/li>\n<li>Kalibrointipaino<\/li>\n<\/ul>\n<p>Kone on CE-hyv\u00e4ksytty ja toimitetaan 12 kuukauden takuulla. Kaikki varaosat ovat saatavilla.<\/p>\n","protected":false},"featured_media":26188,"template":"","meta":{"_acf_changed":false,"_seopress_robots_primary_cat":"","_seopress_titles_title":"","_seopress_titles_desc":"","_seopress_robots_index":""},"product_cat":[39,187,622],"product_tag":[],"class_list":{"0":"post-26374","1":"product","2":"type-product","3":"status-publish","4":"has-post-thumbnail","6":"product_cat-rengastyo","7":"product_cat-tasapainotuskoneet","8":"product_cat-tasapainotuskoneet-kevyt-kalusto","10":"first","11":"instock","12":"sale","13":"taxable","14":"shipping-taxable","15":"purchasable","16":"product-type-simple","swatches":"rey-swatches","show_selected":""},"acf":[],"_links":{"self":[{"href":"https:\/\/toolhouse.fi\/fi\/wp-json\/wp\/v2\/product\/26374","targetHints":{"allow":["GET"]}}],"collection":[{"href":"https:\/\/toolhouse.fi\/fi\/wp-json\/wp\/v2\/product"}],"about":[{"href":"https:\/\/toolhouse.fi\/fi\/wp-json\/wp\/v2\/types\/product"}],"version-history":[{"count":1,"href":"https:\/\/toolhouse.fi\/fi\/wp-json\/wp\/v2\/product\/26374\/revisions"}],"predecessor-version":[{"id":26377,"href":"https:\/\/toolhouse.fi\/fi\/wp-json\/wp\/v2\/product\/26374\/revisions\/26377"}],"wp:featuredmedia":[{"embeddable":true,"href":"https:\/\/toolhouse.fi\/fi\/wp-json\/wp\/v2\/media\/26188"}],"wp:attachment":[{"href":"https:\/\/toolhouse.fi\/fi\/wp-json\/wp\/v2\/media?parent=26374"}],"wp:term":[{"taxonomy":"product_cat","embeddable":true,"href":"https:\/\/toolhouse.fi\/fi\/wp-json\/wp\/v2\/product_cat?post=26374"},{"taxonomy":"product_tag","embeddable":true,"href":"https:\/\/toolhouse.fi\/fi\/wp-json\/wp\/v2\/product_tag?post=26374"}],"curies":[{"name":"wp","href":"https:\/\/api.w.org\/{rel}","templated":true}]}}