{"id":26421,"date":"2025-05-30T16:26:05","date_gmt":"2025-05-30T13:26:05","guid":{"rendered":"https:\/\/toolhouse.fi\/?post_type=product&#038;p=26421"},"modified":"2026-01-08T20:54:34","modified_gmt":"2026-01-08T18:54:34","slug":"pallonivelen-c-puristin-21-osaa","status":"publish","type":"product","link":"https:\/\/toolhouse.fi\/fi\/tuote\/pallonivelen-c-puristin-21-osaa\/","title":{"rendered":"Pallonivelen c puristin 21 osaa"},"content":{"rendered":"","protected":false},"excerpt":{"rendered":"<p><strong>Laaja 21-osainen sarja, jossa on holkkeja ja sovittimia \u2013 sopii useimpiin ajoneuvoihin.<\/strong><\/p>\n<p>&nbsp;<\/p>\n<p>Pallonivelen puristinsarja lis\u00e4osineen mahdollistaa useimpien pr\u00e4ss\u00e4tt\u00e4vien osien, kuten pallonivelten ja vetonivelten, helpon asennuksen ja irrotuksen.\u00a0Valmistettu kest\u00e4v\u00e4st\u00e4 valuraudasta ja karkaistusta hiiliter\u00e4ksest\u00e4, mik\u00e4 takaa pitk\u00e4n k\u00e4ytt\u00f6i\u00e4n. Toimitetaan tukevassa muovisalkussa, joka mahdollistaa helpon s\u00e4ilytyksen ja kuljetuksen.<\/p>\n<div class=\"flex max-w-full flex-col flex-grow\">\n<div class=\"min-h-8 text-message flex w-full flex-col items-end gap-2 whitespace-normal break-words [.text-message+&amp;]:mt-5\" dir=\"auto\" data-message-author-role=\"assistant\" data-message-id=\"88569a4c-305a-4a33-9bd5-9d2e78b65705\" data-message-model-slug=\"gpt-4o\">\n<div class=\"flex w-full flex-col gap-1 empty:hidden first:pt-[3px]\">\n<div class=\"markdown prose w-full break-words dark:prose-invert light\">\n<p>Sopii moniin henkil\u00f6- ja pakettiautoihin sek\u00e4 maastoautoihin, sopii my\u00f6s Dana 30- ja 44-etuakselille.<\/p>\n<\/div>\n<\/div>\n<\/div>\n<\/div>\n<div class=\"mb-2 flex gap-3 empty:hidden -ml-2\">\n<div class=\"items-center justify-start rounded-xl p-1 flex\">\n<div class=\"flex items-center\">\n<div class=\"flex items-center pb-0\"><\/div>\n<\/div>\n<\/div>\n<\/div>\n<p><strong>Sarjan sis\u00e4lt\u00f6:<\/strong><\/p>\n<ul>\n<li>C puristin<\/li>\n<li>Keskitystappi<\/li>\n<li>L\u00e4pivientiholkit<\/li>\n<li>Asennusadapterit<\/li>\n<li>Asennusholkit<\/li>\n<li>Adapterit<\/li>\n<li>Porrasadapteri asennukseen<\/li>\n<li>Porrastettu irrotusadapteri<\/li>\n<\/ul>\n<p>Valmistaja: Smart equipment<\/p>\n<p>Paino: 11,5kg<\/p>\n","protected":false},"featured_media":26430,"template":"","meta":{"_acf_changed":false,"_seopress_robots_primary_cat":"none","_seopress_titles_title":"","_seopress_titles_desc":"","_seopress_robots_index":""},"product_cat":[481,40],"product_tag":[],"class_list":{"0":"post-26421","1":"product","2":"type-product","3":"status-publish","4":"has-post-thumbnail","6":"product_cat-alusta-ja-voimansiirtotyokalut","7":"product_cat-korjaamolaitteet","9":"first","10":"outofstock","11":"taxable","12":"shipping-taxable","13":"purchasable","14":"product-type-simple","swatches":"rey-swatches","show_selected":""},"acf":[],"_links":{"self":[{"href":"https:\/\/toolhouse.fi\/fi\/wp-json\/wp\/v2\/product\/26421","targetHints":{"allow":["GET"]}}],"collection":[{"href":"https:\/\/toolhouse.fi\/fi\/wp-json\/wp\/v2\/product"}],"about":[{"href":"https:\/\/toolhouse.fi\/fi\/wp-json\/wp\/v2\/types\/product"}],"version-history":[{"count":2,"href":"https:\/\/toolhouse.fi\/fi\/wp-json\/wp\/v2\/product\/26421\/revisions"}],"predecessor-version":[{"id":26433,"href":"https:\/\/toolhouse.fi\/fi\/wp-json\/wp\/v2\/product\/26421\/revisions\/26433"}],"wp:featuredmedia":[{"embeddable":true,"href":"https:\/\/toolhouse.fi\/fi\/wp-json\/wp\/v2\/media\/26430"}],"wp:attachment":[{"href":"https:\/\/toolhouse.fi\/fi\/wp-json\/wp\/v2\/media?parent=26421"}],"wp:term":[{"taxonomy":"product_cat","embeddable":true,"href":"https:\/\/toolhouse.fi\/fi\/wp-json\/wp\/v2\/product_cat?post=26421"},{"taxonomy":"product_tag","embeddable":true,"href":"https:\/\/toolhouse.fi\/fi\/wp-json\/wp\/v2\/product_tag?post=26421"}],"curies":[{"name":"wp","href":"https:\/\/api.w.org\/{rel}","templated":true}]}}