{"id":26501,"date":"2025-06-10T09:09:00","date_gmt":"2025-06-10T06:09:00","guid":{"rendered":"https:\/\/toolhouse.fi\/?post_type=product&#038;p=26501"},"modified":"2025-06-10T09:15:37","modified_gmt":"2025-06-10T06:15:37","slug":"autopukkipari-12t","status":"publish","type":"product","link":"https:\/\/toolhouse.fi\/fi\/tuote\/autopukkipari-12t\/","title":{"rendered":"Autopukkipari 12T"},"content":{"rendered":"","protected":false},"excerpt":{"rendered":"<p data-start=\"0\" data-end=\"41\"><strong>Vankat 12T autopukit, joissa on vakaa ja turvallinen lukitusmekanismi sek\u00e4 reilu korkeudens\u00e4\u00e4t\u00f6 49\u201376 cm<\/strong><\/p>\n<ul data-start=\"43\" data-end=\"182\" data-is-only-node=\"\" data-is-last-node=\"\">\n<li data-start=\"43\" data-end=\"65\">Korkeus 490 \u2013 760 mm<\/li>\n<li data-start=\"66\" data-end=\"97\">Lukittavissa 13 eri asentoon<\/li>\n<li data-start=\"98\" data-end=\"155\">Paino: 12 kg\/kpl<\/li>\n<li data-start=\"199\" data-end=\"240\">Vakaa ja turvallinen lukitusmekanismi<\/li>\n<li data-start=\"156\" data-end=\"182\" data-is-last-node=\"\">Toimitetaan pareittain<\/li>\n<\/ul>\n<p>&nbsp;<\/p>\n<table class=\"n54117_dictionary\">\n<tbody>\n<tr>\n<td class=\"n54117_item_a1\"><span class=\"n67256colon\">Valmistaja:<\/span><\/td>\n<td class=\"n54117_item_b1\">\n<div class=\"n54117_item_b_sub\"><span class=\"n54117_name_sub\">Smart equipment<\/span><\/div>\n<\/td>\n<\/tr>\n<tr>\n<td class=\"n54117_item_a2\"><span class=\"n67256colon\">Kuormitus:<\/span><\/td>\n<td class=\"n54117_item_b2\">\n<div class=\"n54117_item_b_sub\">12000 kg<\/div>\n<\/td>\n<\/tr>\n<tr>\n<td class=\"n54117_item_a1\"><span class=\"n67256colon\">Min. korkeus :<\/span><\/td>\n<td class=\"n54117_item_b1\">\n<div class=\"n54117_item_b_sub\">490 mm<\/div>\n<\/td>\n<\/tr>\n<tr>\n<td class=\"n54117_item_a2\"><span class=\"n67256colon\">Maks. korkeus :<\/span><\/td>\n<td class=\"n54117_item_b2\">\n<div class=\"n54117_item_b_sub\">760 mm<\/div>\n<\/td>\n<\/tr>\n<tr>\n<td class=\"n54117_item_a1\"><span class=\"n67256colon\">Jalustan koko :<\/span><\/td>\n<td class=\"n54117_item_b1\">330 x 300 mm<\/td>\n<\/tr>\n<tr>\n<td class=\"n54117_item_a2\"><span class=\"n67256colon\">Paino :<\/span><\/td>\n<td class=\"n54117_item_b2\">\n<div class=\"n54117_item_b_sub\">24 kg (2kpl)<\/div>\n<\/td>\n<\/tr>\n<tr>\n<td class=\"n54117_item_a1\">Lukitustasoja :<\/td>\n<td class=\"n54117_item_b1\">\n<div class=\"n54117_item_b_sub\">13<\/div>\n<\/td>\n<\/tr>\n<tr>\n<td class=\"n54117_item_a2\">Takuu :<\/td>\n<td class=\"n54117_item_b2\">1 vuosi<\/td>\n<\/tr>\n<tr>\n<td class=\"n54117_item_a1\">Ce-hyv\u00e4ksytty<\/td>\n<td class=\"n54117_item_b1\">Kyll\u00e4<\/td>\n<\/tr>\n<\/tbody>\n<\/table>\n","protected":false},"featured_media":26512,"template":"","meta":{"_acf_changed":false,"_seopress_robots_primary_cat":"","_seopress_titles_title":"","_seopress_titles_desc":"","_seopress_robots_index":""},"product_cat":[455,287],"product_tag":[],"class_list":{"0":"post-26501","1":"product","2":"type-product","3":"status-publish","4":"has-post-thumbnail","6":"product_cat-ajoneuvonostimet","7":"product_cat-tunkit-pukit","9":"first","10":"instock","11":"sale","12":"taxable","13":"shipping-taxable","14":"purchasable","15":"product-type-simple","swatches":"rey-swatches","show_selected":""},"acf":[],"_links":{"self":[{"href":"https:\/\/toolhouse.fi\/fi\/wp-json\/wp\/v2\/product\/26501","targetHints":{"allow":["GET"]}}],"collection":[{"href":"https:\/\/toolhouse.fi\/fi\/wp-json\/wp\/v2\/product"}],"about":[{"href":"https:\/\/toolhouse.fi\/fi\/wp-json\/wp\/v2\/types\/product"}],"version-history":[{"count":1,"href":"https:\/\/toolhouse.fi\/fi\/wp-json\/wp\/v2\/product\/26501\/revisions"}],"predecessor-version":[{"id":26504,"href":"https:\/\/toolhouse.fi\/fi\/wp-json\/wp\/v2\/product\/26501\/revisions\/26504"}],"wp:featuredmedia":[{"embeddable":true,"href":"https:\/\/toolhouse.fi\/fi\/wp-json\/wp\/v2\/media\/26512"}],"wp:attachment":[{"href":"https:\/\/toolhouse.fi\/fi\/wp-json\/wp\/v2\/media?parent=26501"}],"wp:term":[{"taxonomy":"product_cat","embeddable":true,"href":"https:\/\/toolhouse.fi\/fi\/wp-json\/wp\/v2\/product_cat?post=26501"},{"taxonomy":"product_tag","embeddable":true,"href":"https:\/\/toolhouse.fi\/fi\/wp-json\/wp\/v2\/product_tag?post=26501"}],"curies":[{"name":"wp","href":"https:\/\/api.w.org\/{rel}","templated":true}]}}