{"id":26524,"date":"2025-06-10T10:27:18","date_gmt":"2025-06-10T07:41:49","guid":{"rendered":"https:\/\/toolhouse.fi\/?post_type=product&#038;p=26524"},"modified":"2025-10-23T10:29:01","modified_gmt":"2025-10-23T07:29:01","slug":"ajoitustyokalu-ford-ecoboost-1-0","status":"publish","type":"product","link":"https:\/\/toolhouse.fi\/fi\/tuote\/ajoitustyokalu-ford-ecoboost-1-0\/","title":{"rendered":"Ajoitusty\u00f6kalu  Ford ecoboost 1.0"},"content":{"rendered":"","protected":false},"excerpt":{"rendered":"<p><strong data-start=\"0\" data-end=\"55\">Lukitusty\u00f6kalusarja \u2013 Ford\u00a0ecoboost 1.0<\/strong><\/p>\n<p>&nbsp;<\/p>\n<p data-start=\"59\" data-end=\"80\"><strong data-start=\"59\" data-end=\"78\">Sarjan sis\u00e4lt\u00f6:<\/strong><\/p>\n<ul data-start=\"81\" data-end=\"248\">\n<li data-start=\"81\" data-end=\"106\">2kpl Nokka-akselin lukitusty\u00f6kalu<\/li>\n<li data-start=\"81\" data-end=\"106\">2kpl Nokka-akselin s\u00e4\u00e4t\u00f6ty\u00f6kalu<\/li>\n<li data-start=\"107\" data-end=\"131\">Vauhtipy\u00f6r\u00e4n lukitus<\/li>\n<li data-start=\"132\" data-end=\"164\">Kampiakselin lukitus<\/li>\n<li data-start=\"165\" data-end=\"192\">Kiristimen lukitusty\u00f6kalu<\/li>\n<\/ul>\n<p data-start=\"250\" data-end=\"277\"><strong data-start=\"250\" data-end=\"275\">Yhteensopivat mallit:<\/strong><\/p>\n<ul data-start=\"278\" data-end=\"473\">\n<li>Ford Fiesta (2013-2016)<\/li>\n<li>Ford Focus (2012-2016)<\/li>\n<li>Ford Grand C-Max (2012-2016)<\/li>\n<li>Ford Grand Tourneo Connect (2013-2015)<\/li>\n<li>Ford Mondeo (2015-2016)<\/li>\n<li>Ford Tourneo Connect (2013-2015)<\/li>\n<li>Ford B-Max (2013-2016)<\/li>\n<li>Ford C-Max (2012-2016)<\/li>\n<li>Ford Transit Connect (2013-2016)<\/li>\n<li>Ford Transit Courier (2012-2016)<\/li>\n<li>Ford EcoSport (2013-2015)<\/li>\n<\/ul>\n<p data-start=\"475\" data-end=\"693\"><strong data-start=\"475\" data-end=\"508\">Yhteensopivat moottorikoodit:<\/strong><br data-start=\"508\" data-end=\"511\" \/>MICA, M1CB, M1DA, MIDD, M1JA, M1JC, M1JE, M1JH, M2DA, M2DB, M2DC, M2GA, P4JC, P4JD, SFCA, SFCB, SFDB, SFJA, SFJB, SFJC, SFJD, P4JA, P4JB, XMJA, XMJB, M1JA<\/p>\n<p data-start=\"695\" data-end=\"793\"><strong data-start=\"695\" data-end=\"703\">OEM:<\/strong><br data-start=\"703\" data-end=\"706\" \/>3031054 \/ 303748 \/ 3031097 \/ 3031059 \/ 303735 \/ 3031552 \/ 21-162B \/ 303-376 \/ 303-376B \/ 21-163 \/ 303-620<\/p>\n<p data-start=\"795\" data-end=\"815\" data-is-last-node=\"\" data-is-only-node=\"\"><strong data-start=\"795\" data-end=\"810\">Valmistaja:<\/strong><\/p>\n<p data-start=\"795\" data-end=\"815\" data-is-last-node=\"\" data-is-only-node=\"\">Smart equipment<\/p>\n","protected":false},"featured_media":26520,"template":"","meta":{"_acf_changed":false,"_seopress_robots_primary_cat":"none","_seopress_titles_title":"","_seopress_titles_desc":"","_seopress_robots_index":""},"product_cat":[339,480,40],"product_tag":[],"class_list":{"0":"post-26524","1":"product","2":"type-product","3":"status-publish","4":"has-post-thumbnail","6":"product_cat-autotyokalut","7":"product_cat-moottorityokalut","8":"product_cat-korjaamolaitteet","10":"first","11":"outofstock","12":"taxable","13":"shipping-taxable","14":"purchasable","15":"product-type-simple","swatches":"rey-swatches","show_selected":""},"acf":[],"_links":{"self":[{"href":"https:\/\/toolhouse.fi\/fi\/wp-json\/wp\/v2\/product\/26524","targetHints":{"allow":["GET"]}}],"collection":[{"href":"https:\/\/toolhouse.fi\/fi\/wp-json\/wp\/v2\/product"}],"about":[{"href":"https:\/\/toolhouse.fi\/fi\/wp-json\/wp\/v2\/types\/product"}],"version-history":[{"count":0,"href":"https:\/\/toolhouse.fi\/fi\/wp-json\/wp\/v2\/product\/26524\/revisions"}],"wp:featuredmedia":[{"embeddable":true,"href":"https:\/\/toolhouse.fi\/fi\/wp-json\/wp\/v2\/media\/26520"}],"wp:attachment":[{"href":"https:\/\/toolhouse.fi\/fi\/wp-json\/wp\/v2\/media?parent=26524"}],"wp:term":[{"taxonomy":"product_cat","embeddable":true,"href":"https:\/\/toolhouse.fi\/fi\/wp-json\/wp\/v2\/product_cat?post=26524"},{"taxonomy":"product_tag","embeddable":true,"href":"https:\/\/toolhouse.fi\/fi\/wp-json\/wp\/v2\/product_tag?post=26524"}],"curies":[{"name":"wp","href":"https:\/\/api.w.org\/{rel}","templated":true}]}}