{"id":26538,"date":"2025-06-10T11:19:00","date_gmt":"2025-06-10T08:19:00","guid":{"rendered":"https:\/\/toolhouse.fi\/?post_type=product&#038;p=26538"},"modified":"2026-03-11T16:13:53","modified_gmt":"2026-03-11T14:13:53","slug":"rotake-mutterinvaannin-1-2-1680nm","status":"publish","type":"product","link":"https:\/\/toolhouse.fi\/fi\/tuote\/rotake-mutterinvaannin-1-2-1680nm\/","title":{"rendered":"Rotake mutterinv\u00e4\u00e4nnin 1\/2\u201d 1680Nm"},"content":{"rendered":"<table class=\"n54117_dictionary\">\n<tbody>\n<tr>\n<td class=\"n54117_item_a1\"><span class=\"n67256colon\">Valmistaja:<\/span><\/td>\n<td class=\"n54117_item_b1\">\n<div class=\"n54117_item_b_sub\">Rotake<\/div>\n<\/td>\n<\/tr>\n<tr>\n<td class=\"n54117_item_a2\"><span class=\"n67256colon\">Maksimiv\u00e4\u00e4nt\u00f6:<\/span><\/p>\n<p>Kierrosnopeus:<\/td>\n<td class=\"n54117_item_b2\">\n<div class=\"n54117_item_b_sub\">1680 Nm<\/div>\n<div>8600 rpm<\/div>\n<\/td>\n<\/tr>\n<tr>\n<td class=\"n54117_item_a1\">Ty\u00f6paine\u00a0<span class=\"n67256colon\">:<\/span><\/td>\n<td class=\"n54117_item_b1\">\n<div class=\"n54117_item_b_sub\">6.2 Bar<\/div>\n<\/td>\n<\/tr>\n<tr>\n<td class=\"n54117_item_a2\">Melutaso\u00a0<span class=\"n67256colon\">:<\/span><\/td>\n<td class=\"n54117_item_b2\">\n<div class=\"n54117_item_b_sub\">80 dBA<\/div>\n<\/td>\n<\/tr>\n<tr>\n<td class=\"n54117_item_a1\">Sis\u00e4lt\u00e4\u00e4\u00a0<span class=\"n67256colon\">:<\/span><\/td>\n<td class=\"n54117_item_b1\">\n<div class=\"n54117_item_b_sub\">\u00bc liitin<\/div>\n<\/td>\n<\/tr>\n<tr>\n<td class=\"n54117_item_a2\"><span class=\"n67256colon\">Ilmankulutus keskim\u00e4\u00e4rin:<\/span><\/p>\n<p><span class=\"n67256colon\">Ilmankulutus<\/span>\u00a0jatkuva k\u00e4ytt\u00f6:<\/td>\n<td class=\"n54117_item_b2\">\n<div class=\"n54117_item_b_sub\">185 l \/ min<\/div>\n<div>500 l \/ min<\/div>\n<\/td>\n<\/tr>\n<tr>\n<td class=\"n54117_item_a1\">Min letkun halk\u00a0<span class=\"n67256colon\">:<\/span><\/td>\n<td class=\"n54117_item_b1\">\n<div class=\"n54117_item_b_sub\">3\/8\u2033 (9,5mm)<\/div>\n<\/td>\n<\/tr>\n<tr>\n<td class=\"n54117_item_a2\">Pika suunanvaihto:<\/td>\n<td class=\"n54117_item_b2\">\n<div class=\"n54117_item_b_sub\">\n<div class=\"n54117_item_b_sub\">kyll\u00e4<\/div>\n<\/div>\n<\/td>\n<\/tr>\n<tr>\n<td class=\"n54117_item_a1\">Avaukseen:<\/td>\n<td class=\"n54117_item_b1\">1 vaihe<\/td>\n<\/tr>\n<tr>\n<td class=\"n54117_item_a2\"><span class=\"n67256colon\">Kiristykseen:<\/span><\/td>\n<td class=\"n54117_item_b2\">\n<div class=\"n54117_item_b_sub\">3 vaihe<\/div>\n<\/td>\n<\/tr>\n<tr>\n<td class=\"n54117_item_a1\"><span class=\"n67256colon\">Paino:<\/span><\/p>\n<p>Materiaali<\/td>\n<td class=\"n54117_item_b1\">\n<div class=\"n54117_item_b_sub\">1,99 kg<\/div>\n<div>komposiitti, alumiini, ter\u00e4s, kumi<\/div>\n<\/td>\n<\/tr>\n<tr>\n<td class=\"n54117_item_a2\"><span class=\"n67256colon\">Takuu:<\/span><\/td>\n<td class=\"n54117_item_b2\">\n<div class=\"n54117_item_b_sub\">1 vuosi<\/div>\n<\/td>\n<\/tr>\n<tr>\n<td class=\"n54117_item_a1\"><span class=\"n67256colon\">Ce-hyv\u00e4ksytty :<\/span><\/td>\n<td class=\"n54117_item_b1\">\n<div class=\"n54117_item_b_sub\">kyll\u00e4<\/div>\n<\/td>\n<\/tr>\n<\/tbody>\n<\/table>\n","protected":false},"excerpt":{"rendered":"<p data-start=\"76\" data-end=\"159\"><strong data-start=\"76\" data-end=\"159\">Rotake 1\/2\u201d mutterinv\u00e4\u00e4nnin \u2013 Tehoa ja luotettavuutta vaativaan ammattik\u00e4ytt\u00f6\u00f6n<\/strong><\/p>\n<p data-start=\"140\" data-end=\"242\">Rotake 5274 on tehokas mutterinv\u00e4\u00e4nnin, jonka maksimiv\u00e4\u00e4nt\u00f6 on jopa 1680 Nm ja kierrosnopeus 8600 rpm.<\/p>\n<ul data-start=\"237\" data-end=\"613\">\n<li data-start=\"237\" data-end=\"264\">V\u00e4\u00e4nt\u00f6momentti: 1680 Nm<\/li>\n<li data-start=\"265\" data-end=\"292\">Kierrosnopeus: 8600 rpm<\/li>\n<li data-start=\"265\" data-end=\"292\">Tuplavasaramekanismi<\/li>\n<li data-start=\"293\" data-end=\"351\">Kara 1\/2\u2033<\/li>\n<li>3 vaihetta kiristykseen ja 1 avaukseen<\/li>\n<li data-start=\"421\" data-end=\"464\">Kevyt ja kest\u00e4v\u00e4 komposiitti-alumiinirunko<\/li>\n<li data-start=\"539\" data-end=\"613\">Ergonominen, kumip\u00e4\u00e4llysteinen kahva<\/li>\n<\/ul>\n","protected":false},"featured_media":26559,"template":"","meta":{"_acf_changed":false,"_seopress_robots_primary_cat":"none","_seopress_titles_title":"","_seopress_titles_desc":"","_seopress_robots_index":""},"product_cat":[217,323],"product_tag":[],"class_list":{"0":"post-26538","1":"product","2":"type-product","3":"status-publish","4":"has-post-thumbnail","6":"product_cat-kompressori-ja-paineilma","7":"product_cat-mutterinvaantimet","9":"first","10":"instock","11":"sale","12":"taxable","13":"shipping-taxable","14":"purchasable","15":"product-type-simple","swatches":"rey-swatches","show_selected":""},"acf":[],"_links":{"self":[{"href":"https:\/\/toolhouse.fi\/fi\/wp-json\/wp\/v2\/product\/26538","targetHints":{"allow":["GET"]}}],"collection":[{"href":"https:\/\/toolhouse.fi\/fi\/wp-json\/wp\/v2\/product"}],"about":[{"href":"https:\/\/toolhouse.fi\/fi\/wp-json\/wp\/v2\/types\/product"}],"version-history":[{"count":2,"href":"https:\/\/toolhouse.fi\/fi\/wp-json\/wp\/v2\/product\/26538\/revisions"}],"predecessor-version":[{"id":26542,"href":"https:\/\/toolhouse.fi\/fi\/wp-json\/wp\/v2\/product\/26538\/revisions\/26542"}],"wp:featuredmedia":[{"embeddable":true,"href":"https:\/\/toolhouse.fi\/fi\/wp-json\/wp\/v2\/media\/26559"}],"wp:attachment":[{"href":"https:\/\/toolhouse.fi\/fi\/wp-json\/wp\/v2\/media?parent=26538"}],"wp:term":[{"taxonomy":"product_cat","embeddable":true,"href":"https:\/\/toolhouse.fi\/fi\/wp-json\/wp\/v2\/product_cat?post=26538"},{"taxonomy":"product_tag","embeddable":true,"href":"https:\/\/toolhouse.fi\/fi\/wp-json\/wp\/v2\/product_tag?post=26538"}],"curies":[{"name":"wp","href":"https:\/\/api.w.org\/{rel}","templated":true}]}}