{"id":26575,"date":"2025-06-12T17:19:12","date_gmt":"2025-06-12T14:19:12","guid":{"rendered":"https:\/\/toolhouse.fi\/?post_type=product&#038;p=26575"},"modified":"2025-11-08T14:09:13","modified_gmt":"2025-11-08T12:09:13","slug":"pallonivelen-ulosvedin-55mm","status":"publish","type":"product","link":"https:\/\/toolhouse.fi\/fi\/tuote\/pallonivelen-ulosvedin-55mm\/","title":{"rendered":"Pallonivelen ulosvedin 55mm"},"content":{"rendered":"","protected":false},"excerpt":{"rendered":"<ul>\n<li>Haarukka: 19 mm<\/li>\n<li>Puristuskorkeus maksimi: 55 mm<\/li>\n<li>S\u00e4\u00e4dett\u00e4v\u00e4 korkeus<\/li>\n<li>Paino: 0,78 kg<\/li>\n<\/ul>\n","protected":false},"featured_media":26581,"template":"","meta":{"_acf_changed":false,"_seopress_robots_primary_cat":"none","_seopress_titles_title":"","_seopress_titles_desc":"","_seopress_robots_index":""},"product_cat":[481,339,40,486],"product_tag":[],"class_list":{"0":"post-26575","1":"product","2":"type-product","3":"status-publish","4":"has-post-thumbnail","6":"product_cat-alusta-ja-voimansiirtotyokalut","7":"product_cat-autotyokalut","8":"product_cat-korjaamolaitteet","9":"product_cat-ulosvetajat","11":"first","12":"instock","13":"taxable","14":"shipping-taxable","15":"purchasable","16":"product-type-simple","swatches":"rey-swatches","show_selected":""},"acf":[],"_links":{"self":[{"href":"https:\/\/toolhouse.fi\/fi\/wp-json\/wp\/v2\/product\/26575","targetHints":{"allow":["GET"]}}],"collection":[{"href":"https:\/\/toolhouse.fi\/fi\/wp-json\/wp\/v2\/product"}],"about":[{"href":"https:\/\/toolhouse.fi\/fi\/wp-json\/wp\/v2\/types\/product"}],"version-history":[{"count":2,"href":"https:\/\/toolhouse.fi\/fi\/wp-json\/wp\/v2\/product\/26575\/revisions"}],"predecessor-version":[{"id":26582,"href":"https:\/\/toolhouse.fi\/fi\/wp-json\/wp\/v2\/product\/26575\/revisions\/26582"}],"wp:featuredmedia":[{"embeddable":true,"href":"https:\/\/toolhouse.fi\/fi\/wp-json\/wp\/v2\/media\/26581"}],"wp:attachment":[{"href":"https:\/\/toolhouse.fi\/fi\/wp-json\/wp\/v2\/media?parent=26575"}],"wp:term":[{"taxonomy":"product_cat","embeddable":true,"href":"https:\/\/toolhouse.fi\/fi\/wp-json\/wp\/v2\/product_cat?post=26575"},{"taxonomy":"product_tag","embeddable":true,"href":"https:\/\/toolhouse.fi\/fi\/wp-json\/wp\/v2\/product_tag?post=26575"}],"curies":[{"name":"wp","href":"https:\/\/api.w.org\/{rel}","templated":true}]}}