{"id":26584,"date":"2025-06-12T18:18:31","date_gmt":"2025-06-12T15:18:31","guid":{"rendered":"https:\/\/toolhouse.fi\/?post_type=product&#038;p=26584"},"modified":"2025-11-09T20:44:01","modified_gmt":"2025-11-09T18:44:01","slug":"tr413-venttiili-100kpl-2","status":"publish","type":"product","link":"https:\/\/toolhouse.fi\/fi\/tuote\/tr413-venttiili-100kpl-2\/","title":{"rendered":"TR413 venttiili 100kpl"},"content":{"rendered":"","protected":false},"excerpt":{"rendered":"<h3>TR 413 \u2013 100 kpl<\/h3>\n<p>&nbsp;<\/p>\n<ul>\n<li>Sopii useimpiin ter\u00e4s- ja kevytmetallivanteisiin<\/li>\n<li>Kulutusta ja s\u00e4\u00e4olosuhteita kest\u00e4v\u00e4 materiaali<\/li>\n<li>T\u00dcV-hyv\u00e4ksytty<\/li>\n<li>Vanteen rei\u00e4n halkaisija: 11,3 mm<\/li>\n<li>Pituus: 45 mm<\/li>\n<\/ul>\n<p>Valmistaja<strong>:<\/strong> Smart equipment<\/p>\n","protected":false},"featured_media":26586,"template":"","meta":{"_acf_changed":false,"_seopress_robots_primary_cat":"none","_seopress_titles_title":"","_seopress_titles_desc":"","_seopress_robots_index":""},"product_cat":[298],"product_tag":[],"class_list":{"0":"post-26584","1":"product","2":"type-product","3":"status-publish","4":"has-post-thumbnail","6":"product_cat-rengasventtiilit","7":"product_shipping_class-tillbehor-590e","9":"first","10":"outofstock","11":"taxable","12":"shipping-taxable","13":"purchasable","14":"product-type-simple","swatches":"rey-swatches","show_selected":""},"acf":[],"_links":{"self":[{"href":"https:\/\/toolhouse.fi\/fi\/wp-json\/wp\/v2\/product\/26584","targetHints":{"allow":["GET"]}}],"collection":[{"href":"https:\/\/toolhouse.fi\/fi\/wp-json\/wp\/v2\/product"}],"about":[{"href":"https:\/\/toolhouse.fi\/fi\/wp-json\/wp\/v2\/types\/product"}],"version-history":[{"count":0,"href":"https:\/\/toolhouse.fi\/fi\/wp-json\/wp\/v2\/product\/26584\/revisions"}],"wp:featuredmedia":[{"embeddable":true,"href":"https:\/\/toolhouse.fi\/fi\/wp-json\/wp\/v2\/media\/26586"}],"wp:attachment":[{"href":"https:\/\/toolhouse.fi\/fi\/wp-json\/wp\/v2\/media?parent=26584"}],"wp:term":[{"taxonomy":"product_cat","embeddable":true,"href":"https:\/\/toolhouse.fi\/fi\/wp-json\/wp\/v2\/product_cat?post=26584"},{"taxonomy":"product_tag","embeddable":true,"href":"https:\/\/toolhouse.fi\/fi\/wp-json\/wp\/v2\/product_tag?post=26584"}],"curies":[{"name":"wp","href":"https:\/\/api.w.org\/{rel}","templated":true}]}}