{"id":26591,"date":"2025-06-12T18:43:24","date_gmt":"2025-06-12T15:43:24","guid":{"rendered":"https:\/\/toolhouse.fi\/?post_type=product&#038;p=26591"},"modified":"2025-08-11T14:31:48","modified_gmt":"2025-08-11T11:31:48","slug":"renkaantayttolaite-digitaalinen-0-18bar","status":"publish","type":"product","link":"https:\/\/toolhouse.fi\/fi\/tuote\/renkaantayttolaite-digitaalinen-0-18bar\/","title":{"rendered":"Renkaant\u00e4ytt\u00f6laite, digitaalinen 0-18bar"},"content":{"rendered":"","protected":false},"excerpt":{"rendered":"<h3 data-start=\"0\" data-end=\"82\"><strong data-start=\"4\" data-end=\"80\">Rengaspainemittari LCD-mittarilla <\/strong><strong data-start=\"4\" data-end=\"80\">0\u201318 bar<\/strong><\/h3>\n<p data-start=\"84\" data-end=\"296\">Laadukas digitaalinen ilmant\u00e4ytt\u00f6laite, joka soveltuu sek\u00e4 henkil\u00f6- ett\u00e4 kuorma-autojen renkaiden t\u00e4ytt\u00f6\u00f6n. Varustettu 60 cm joustavalla letkulla ja selke\u00e4ll\u00e4 LCD-mittarilla, jossa on iskunkest\u00e4v\u00e4 kumisuoja.<\/p>\n<h3 data-start=\"298\" data-end=\"321\"><\/h3>\n<ul>\n<li>Suuri ja selke\u00e4 LCD-n\u00e4ytt\u00f6<\/li>\n<li>Mittausalue: 0\u201318 bar \/ 0\u2013255 psi \/ 0\u20131800 kPa \/ 0\u201318 Kg\/cm\u00b2<\/li>\n<li>Iskunkest\u00e4v\u00e4 kumisuoja<\/li>\n<li>Messinkinen t\u00e4ytt\u00f6nippa<\/li>\n<li>1\/4&#8243; pikaliitin<\/li>\n<li>Toimii 3 AAA-paristolla (sis\u00e4lly toimitukseen)<\/li>\n<\/ul>\n<p>&nbsp;<\/p>\n<p>&nbsp;<\/p>\n<ul>\n<li>Letkun pituus: 60 cm<\/li>\n<li>Maksimipaine: 18 bar<\/li>\n<li>Mittausasteikko: 0\u201318 bar \/ 0\u2013255 psi \/ 0\u20131800 kPa \/ 0\u201318 Kg\/cm\u00b2<\/li>\n<\/ul>\n<p>Takuu 12 kuukautta.<\/p>\n<p>&nbsp;<\/p>\n","protected":false},"featured_media":26593,"template":"","meta":{"_acf_changed":false,"_seopress_robots_primary_cat":"none","_seopress_titles_title":"","_seopress_titles_desc":"","_seopress_robots_index":""},"product_cat":[217,163,324],"product_tag":[],"class_list":{"0":"post-26591","1":"product","2":"type-product","3":"status-publish","4":"has-post-thumbnail","6":"product_cat-kompressori-ja-paineilma","7":"product_cat-rengaskoneiden-tarvikkeet","8":"product_cat-renkaantayttolaitteet","9":"product_shipping_class-tillbehor-590e","11":"first","12":"instock","13":"taxable","14":"shipping-taxable","15":"purchasable","16":"product-type-simple","swatches":"rey-swatches","show_selected":""},"acf":[],"_links":{"self":[{"href":"https:\/\/toolhouse.fi\/fi\/wp-json\/wp\/v2\/product\/26591","targetHints":{"allow":["GET"]}}],"collection":[{"href":"https:\/\/toolhouse.fi\/fi\/wp-json\/wp\/v2\/product"}],"about":[{"href":"https:\/\/toolhouse.fi\/fi\/wp-json\/wp\/v2\/types\/product"}],"version-history":[{"count":0,"href":"https:\/\/toolhouse.fi\/fi\/wp-json\/wp\/v2\/product\/26591\/revisions"}],"wp:featuredmedia":[{"embeddable":true,"href":"https:\/\/toolhouse.fi\/fi\/wp-json\/wp\/v2\/media\/26593"}],"wp:attachment":[{"href":"https:\/\/toolhouse.fi\/fi\/wp-json\/wp\/v2\/media?parent=26591"}],"wp:term":[{"taxonomy":"product_cat","embeddable":true,"href":"https:\/\/toolhouse.fi\/fi\/wp-json\/wp\/v2\/product_cat?post=26591"},{"taxonomy":"product_tag","embeddable":true,"href":"https:\/\/toolhouse.fi\/fi\/wp-json\/wp\/v2\/product_tag?post=26591"}],"curies":[{"name":"wp","href":"https:\/\/api.w.org\/{rel}","templated":true}]}}