{"id":26617,"date":"2025-06-16T15:01:04","date_gmt":"2025-06-16T12:12:15","guid":{"rendered":"https:\/\/toolhouse.fi\/?post_type=product&#038;p=26617"},"modified":"2026-03-10T14:11:11","modified_gmt":"2026-03-10T12:11:11","slug":"venttiilijousen-puristin-16-30mm","status":"publish","type":"product","link":"https:\/\/toolhouse.fi\/fi\/tuote\/venttiilijousen-puristin-16-30mm\/","title":{"rendered":"Venttiilijousen puristin 16-30mm"},"content":{"rendered":"<p>Venttiilijousen asennusty\u00f6kalusarja soveltuu pienille moottoreille ja moottoripy\u00f6rille. Toimitetaan k\u00e4tev\u00e4ss\u00e4 muovipakissa.<\/p>\n<ul>\n<li>5 vaihdettavaa painekappaletta, joiden \u00d8 16 mm, 19 mm, 23 mm, 25 mm, 30 mm<\/li>\n<li>Painekappale korkeus 50 mm<\/li>\n<li>Puristinrungon <span style=\"color: #484f56; font-size: 1.125rem;\">sis\u00e4korkeus 126mm<\/span><\/li>\n<li>Puristinrungon materiaalin paksuus 21&#215;12 mm.<\/li>\n<li>Paineruuvit, pituus 74 mm, 110 mm ja 112mm<\/li>\n<li>Valmistaja: Smart equipment<\/li>\n<\/ul>\n","protected":false},"excerpt":{"rendered":"<p>Venttiilijousen asennusty\u00f6kalusarja soveltuu pienille moottoreille ja moottoripy\u00f6rille. Toimitetaan k\u00e4tev\u00e4ss\u00e4 muovipakissa. 5 vaihdettavaa painekappaletta, joiden \u00d8 16 mm, 19 mm, 23 mm, 25 mm, 30 mm Painekappale korkeus 50 mm Puristinrungon sis\u00e4korkeus 126mm Puristinrungon materiaalin paksuus 21&#215;12 mm. Paineruuvit, pituus 74 mm, 110 mm ja 112mm Valmistaja: Smart equipment<\/p>\n","protected":false},"featured_media":26622,"template":"","meta":{"_acf_changed":false,"_seopress_robots_primary_cat":"","_seopress_titles_title":"","_seopress_titles_desc":"","_seopress_robots_index":""},"product_cat":[339,480,40],"product_tag":[],"class_list":{"0":"post-26617","1":"product","2":"type-product","3":"status-publish","4":"has-post-thumbnail","6":"product_cat-autotyokalut","7":"product_cat-moottorityokalut","8":"product_cat-korjaamolaitteet","10":"first","11":"instock","12":"taxable","13":"shipping-taxable","14":"purchasable","15":"product-type-simple","swatches":"rey-swatches","show_selected":""},"acf":[],"_links":{"self":[{"href":"https:\/\/toolhouse.fi\/fi\/wp-json\/wp\/v2\/product\/26617","targetHints":{"allow":["GET"]}}],"collection":[{"href":"https:\/\/toolhouse.fi\/fi\/wp-json\/wp\/v2\/product"}],"about":[{"href":"https:\/\/toolhouse.fi\/fi\/wp-json\/wp\/v2\/types\/product"}],"version-history":[{"count":0,"href":"https:\/\/toolhouse.fi\/fi\/wp-json\/wp\/v2\/product\/26617\/revisions"}],"wp:featuredmedia":[{"embeddable":true,"href":"https:\/\/toolhouse.fi\/fi\/wp-json\/wp\/v2\/media\/26622"}],"wp:attachment":[{"href":"https:\/\/toolhouse.fi\/fi\/wp-json\/wp\/v2\/media?parent=26617"}],"wp:term":[{"taxonomy":"product_cat","embeddable":true,"href":"https:\/\/toolhouse.fi\/fi\/wp-json\/wp\/v2\/product_cat?post=26617"},{"taxonomy":"product_tag","embeddable":true,"href":"https:\/\/toolhouse.fi\/fi\/wp-json\/wp\/v2\/product_tag?post=26617"}],"curies":[{"name":"wp","href":"https:\/\/api.w.org\/{rel}","templated":true}]}}