{"id":26725,"date":"2025-06-17T14:45:41","date_gmt":"2025-06-17T12:03:28","guid":{"rendered":"https:\/\/toolhouse.fi\/?post_type=product&#038;p=26725"},"modified":"2025-06-18T09:52:34","modified_gmt":"2025-06-18T06:52:34","slug":"muovinen-asennuspaa-29mm-utilnova","status":"publish","type":"product","link":"https:\/\/toolhouse.fi\/fi\/tuote\/muovinen-asennuspaa-29mm-utilnova\/","title":{"rendered":"Muovinen asennusp\u00e4\u00e4 29mm. Utilnova."},"content":{"rendered":"","protected":false},"excerpt":{"rendered":"<p data-start=\"0\" data-end=\"85\">Utilnova korkealaatuinen komposiittinen asennusp\u00e4\u00e4, jossa vaihdettava komposiittiosa.<\/p>\n<p data-start=\"87\" data-end=\"221\">Sis\u00e4lt\u00e4\u00e4 29 mm adapterin sek\u00e4 asennusp\u00e4\u00e4n, joka on valmistettu eritt\u00e4in kest\u00e4v\u00e4st\u00e4 ja kevyesti joustavasta polyamidimuovista (nailon).<\/p>\n<p data-start=\"223\" data-end=\"313\">Komposiittiosa on vaihdettavissa \u2013 yhteensopiva \u00a0<a href=\"https:\/\/toolhouse.fi\/fi\/tuote\/utilnova-05-muovinen-asennuspaa\/\"><span style=\"color: #ff0000;\">Utilnova-Asennusp\u00e4\u00e4 05<\/span><\/a> kanssa.<\/p>\n<ul>\n<li data-start=\"275\" data-end=\"333\">Asennusreik\u00e4: 29 mm<\/li>\n<li data-start=\"275\" data-end=\"333\">Reikien v\u00e4li: 70\u201380 mm<\/li>\n<li data-start=\"275\" data-end=\"333\">Pituus: 192 mm<\/li>\n<li data-start=\"275\" data-end=\"333\">Korkeus: 76\/105 mm<\/li>\n<\/ul>\n<p data-start=\"315\" data-end=\"323\">Sopii:<\/p>\n<ul data-start=\"324\" data-end=\"408\">\n<li data-start=\"324\" data-end=\"375\">\n<p data-start=\"326\" data-end=\"375\">Rengaskoneisiin, joissa on 29 mm:n asennusreik\u00e4<\/p>\n<\/li>\n<li data-start=\"376\" data-end=\"408\">\n<p data-start=\"378\" data-end=\"408\">Redatsin punaisiin koneisiin<\/p>\n<\/li>\n<\/ul>\n<p data-start=\"410\" data-end=\"445\" data-is-last-node=\"\" data-is-only-node=\"\">Valmistaja: Utilnova<\/p>\n<p data-start=\"410\" data-end=\"445\" data-is-last-node=\"\" data-is-only-node=\"\">Malli:09-05<\/p>\n<p data-start=\"237\" data-end=\"303\" data-is-last-node=\"\" data-is-only-node=\"\">\n","protected":false},"featured_media":26756,"template":"","meta":{"_acf_changed":false,"_seopress_robots_primary_cat":"none","_seopress_titles_title":"","_seopress_titles_desc":"","_seopress_robots_index":""},"product_cat":[475,188,39],"product_tag":[],"class_list":{"0":"post-26725","1":"product","2":"type-product","3":"status-publish","4":"has-post-thumbnail","6":"product_cat-lisavarusteet-ja-varaosat","7":"product_cat-rengaskoneet","8":"product_cat-rengastyo","10":"first","11":"instock","12":"taxable","13":"shipping-taxable","14":"purchasable","15":"product-type-simple","swatches":"rey-swatches","show_selected":""},"acf":[],"_links":{"self":[{"href":"https:\/\/toolhouse.fi\/fi\/wp-json\/wp\/v2\/product\/26725","targetHints":{"allow":["GET"]}}],"collection":[{"href":"https:\/\/toolhouse.fi\/fi\/wp-json\/wp\/v2\/product"}],"about":[{"href":"https:\/\/toolhouse.fi\/fi\/wp-json\/wp\/v2\/types\/product"}],"version-history":[{"count":5,"href":"https:\/\/toolhouse.fi\/fi\/wp-json\/wp\/v2\/product\/26725\/revisions"}],"predecessor-version":[{"id":26769,"href":"https:\/\/toolhouse.fi\/fi\/wp-json\/wp\/v2\/product\/26725\/revisions\/26769"}],"wp:featuredmedia":[{"embeddable":true,"href":"https:\/\/toolhouse.fi\/fi\/wp-json\/wp\/v2\/media\/26756"}],"wp:attachment":[{"href":"https:\/\/toolhouse.fi\/fi\/wp-json\/wp\/v2\/media?parent=26725"}],"wp:term":[{"taxonomy":"product_cat","embeddable":true,"href":"https:\/\/toolhouse.fi\/fi\/wp-json\/wp\/v2\/product_cat?post=26725"},{"taxonomy":"product_tag","embeddable":true,"href":"https:\/\/toolhouse.fi\/fi\/wp-json\/wp\/v2\/product_tag?post=26725"}],"curies":[{"name":"wp","href":"https:\/\/api.w.org\/{rel}","templated":true}]}}