{"id":26736,"date":"2025-06-17T15:15:51","date_gmt":"2025-06-17T12:15:51","guid":{"rendered":"https:\/\/toolhouse.fi\/?post_type=product&#038;p=26736"},"modified":"2025-10-21T10:17:42","modified_gmt":"2025-10-21T07:17:42","slug":"utilnova-05-muovinen-asennuspaa","status":"publish","type":"product","link":"https:\/\/toolhouse.fi\/fi\/tuote\/utilnova-05-muovinen-asennuspaa\/","title":{"rendered":"Utilnova 05 muovinen vaihtop\u00e4\u00e4"},"content":{"rendered":"","protected":false},"excerpt":{"rendered":"<p data-start=\"0\" data-end=\"83\">Varaosa Utilnova 09\u201305 -asennusp\u00e4\u00e4h\u00e4n.<\/p>\n<p data-start=\"0\" data-end=\"83\">Asennusp\u00e4\u00e4 komposiittimuovista, joka est\u00e4\u00e4 vauriot esimerkiksi alumiinivanteille.<\/p>\n<p data-start=\"85\" data-end=\"192\">PREMIUM-asennusp\u00e4\u00e4 on valmistettu eritt\u00e4in kest\u00e4v\u00e4st\u00e4 ja kevyesti joustavasta polyamidimuovista (nailon).<\/p>\n<p data-start=\"194\" data-end=\"273\">Suunniteltu erityisesti RUNFLAT- ja matalaprofiilisten renkaiden asennukseen.<\/p>\n<ul>\n<li data-start=\"275\" data-end=\"333\">Reikien v\u00e4li: 70\u201380 mm<\/li>\n<li data-start=\"275\" data-end=\"333\">Pituus: 192 mm<\/li>\n<li data-start=\"275\" data-end=\"333\">Korkeus: 76 mm<\/li>\n<\/ul>\n<p data-start=\"335\" data-end=\"398\" data-is-last-node=\"\" data-is-only-node=\"\">Yhteensopiva: <span style=\"color: #ff0000;\"><a style=\"color: #ff0000;\" href=\"https:\/\/toolhouse.fi\/fi\/tuote\/muovinen-asennuspaa-29mm-utilnova\/\">Utilnova-09-05<\/a><\/span><\/p>\n<ul>\n<li data-start=\"335\" data-end=\"398\">Valmistaja: Utilnova<\/li>\n<li data-start=\"335\" data-end=\"398\">Malli: 05<\/li>\n<\/ul>\n","protected":false},"featured_media":26741,"template":"","meta":{"_acf_changed":false,"_seopress_robots_primary_cat":"none","_seopress_titles_title":"","_seopress_titles_desc":"","_seopress_robots_index":""},"product_cat":[475,188,39],"product_tag":[],"class_list":{"0":"post-26736","1":"product","2":"type-product","3":"status-publish","4":"has-post-thumbnail","6":"product_cat-lisavarusteet-ja-varaosat","7":"product_cat-rengaskoneet","8":"product_cat-rengastyo","10":"first","11":"outofstock","12":"taxable","13":"shipping-taxable","14":"purchasable","15":"product-type-simple","swatches":"rey-swatches","show_selected":""},"acf":[],"_links":{"self":[{"href":"https:\/\/toolhouse.fi\/fi\/wp-json\/wp\/v2\/product\/26736","targetHints":{"allow":["GET"]}}],"collection":[{"href":"https:\/\/toolhouse.fi\/fi\/wp-json\/wp\/v2\/product"}],"about":[{"href":"https:\/\/toolhouse.fi\/fi\/wp-json\/wp\/v2\/types\/product"}],"version-history":[{"count":5,"href":"https:\/\/toolhouse.fi\/fi\/wp-json\/wp\/v2\/product\/26736\/revisions"}],"predecessor-version":[{"id":26766,"href":"https:\/\/toolhouse.fi\/fi\/wp-json\/wp\/v2\/product\/26736\/revisions\/26766"}],"wp:featuredmedia":[{"embeddable":true,"href":"https:\/\/toolhouse.fi\/fi\/wp-json\/wp\/v2\/media\/26741"}],"wp:attachment":[{"href":"https:\/\/toolhouse.fi\/fi\/wp-json\/wp\/v2\/media?parent=26736"}],"wp:term":[{"taxonomy":"product_cat","embeddable":true,"href":"https:\/\/toolhouse.fi\/fi\/wp-json\/wp\/v2\/product_cat?post=26736"},{"taxonomy":"product_tag","embeddable":true,"href":"https:\/\/toolhouse.fi\/fi\/wp-json\/wp\/v2\/product_tag?post=26736"}],"curies":[{"name":"wp","href":"https:\/\/api.w.org\/{rel}","templated":true}]}}