{"id":26778,"date":"2025-06-18T11:44:39","date_gmt":"2025-06-18T11:44:59","guid":{"rendered":"https:\/\/toolhouse.fi\/?post_type=product&#038;p=26778"},"modified":"2025-06-18T14:51:34","modified_gmt":"2025-06-18T11:51:34","slug":"moottorinostin-3t","status":"publish","type":"product","link":"https:\/\/toolhouse.fi\/fi\/tuote\/moottorinostin-3t\/","title":{"rendered":"Moottorinostin 3T"},"content":{"rendered":"<table class=\"n54117_dictionary\">\n<tbody>\n<tr>\n<td class=\"n54117_item_a1\">Ylin nostokorkeus\u00a0\u00a0<span class=\"n67256colon\">:<\/span><\/td>\n<td class=\"n54117_item_b1\">\n<div class=\"n54117_item_b_sub\">2500mm<\/div>\n<\/td>\n<\/tr>\n<tr>\n<td class=\"n54117_item_a2\">S\u00e4\u00e4dett\u00e4v\u00e4 nostopuomi\u00a0<span class=\"n67256colon\">:<\/span><\/td>\n<td class=\"n54117_item_b2\">\n<div class=\"n54117_item_b_sub\">1 ton, 2 ton, 3 ton<\/div>\n<\/td>\n<\/tr>\n<tr>\n<td class=\"n54117_item_a1\">S\u00e4\u00e4dett\u00e4v\u00e4 nostopuomi\u00a0<span class=\"n67256colon\">:<\/span><\/td>\n<td class=\"n54117_item_b1\"><span class=\"n67256colon\">1220 \/ 1460 \/ 1710 mm<\/span><\/td>\n<\/tr>\n<tr>\n<td class=\"n54117_item_a2\"><span class=\"n67256colon\">Pituus:<\/span><\/td>\n<td class=\"n54117_item_b2\">\n<div class=\"n54117_item_b_sub\">1600 mm<\/div>\n<\/td>\n<\/tr>\n<tr>\n<td class=\"n54117_item_a1\"><span class=\"n67256colon\">Leveys:<\/span><\/td>\n<td class=\"n54117_item_b1\">\n<div class=\"n54117_item_b_sub\">820 mm<\/div>\n<\/td>\n<\/tr>\n<tr>\n<td class=\"n54117_item_a2\">Korkeus alin\u00a0<span class=\"n67256colon\">:<\/span><\/td>\n<td class=\"n54117_item_b2\">\n<div class=\"n54117_item_b_sub\">1600 mm<\/div>\n<\/td>\n<\/tr>\n<tr>\n<td class=\"n54117_item_a1\"><span class=\"n67256colon\">Py\u00f6r\u00e4t:<\/span><\/td>\n<td class=\"n54117_item_b1\">\n<div class=\"n54117_item_b_sub\">4 kpl<\/div>\n<\/td>\n<\/tr>\n<tr>\n<td class=\"n54117_item_a2\">Ce-hyv\u00e4ksytty:<\/td>\n<td class=\"n54117_item_b2\">\n<div class=\"n54117_item_b_sub\">Kyll\u00e4<\/div>\n<\/td>\n<\/tr>\n<tr>\n<td class=\"n54117_item_a1\"><\/td>\n<td class=\"n54117_item_b1\">\n<div class=\"n54117_item_b_sub\"><\/div>\n<\/td>\n<\/tr>\n<tr>\n<td class=\"n54117_item_a2\">Paino:<\/td>\n<td class=\"n54117_item_b2\">\n<div class=\"n54117_item_b_sub\">95 kg<\/div>\n<\/td>\n<\/tr>\n<tr>\n<td class=\"n54117_item_a1\"><span class=\"n67256colon\">Nostokapasiteetti:<\/span><\/td>\n<td class=\"n54117_item_b1\">\n<div class=\"n54117_item_b_sub\">3000kg<\/div>\n<\/td>\n<\/tr>\n<tr>\n<td class=\"n54117_item_a2\">Takuu\u00a0<span class=\"n67256colon\">:<\/span><\/p>\n<p>Valmistaja:<\/td>\n<td class=\"n54117_item_b2\">\n<div class=\"n54117_item_b_sub\">1 vuosi<\/div>\n<div>Geko<\/div>\n<\/td>\n<\/tr>\n<\/tbody>\n<\/table>\n","protected":false},"excerpt":{"rendered":"<p><strong>Vakaa ja tehokas moottorinostin\u00a0\u2013 3 tonnin nostokapasiteetti<\/strong><\/p>\n<p>&nbsp;<\/p>\n<ul>\n<li data-start=\"259\" data-end=\"291\">Nostokapasiteetti: 3000 kg<\/li>\n<li data-start=\"294\" data-end=\"393\">Vahva rakenne, jossa on kovakromattu m\u00e4nn\u00e4nvarsi ja pumppum\u00e4nt\u00e4 pitk\u00e4n k\u00e4ytt\u00f6i\u00e4n takaamiseksi<\/li>\n<li data-start=\"396\" data-end=\"475\">Ulosvedett\u00e4v\u00e4 puomi, joka s\u00e4ilytt\u00e4\u00e4 suuren nostokyvyn my\u00f6s \u00e4\u00e4ripituudessa<\/li>\n<li data-start=\"478\" data-end=\"548\">S\u00e4\u00e4dett\u00e4v\u00e4t tukijalat parantavat nosturin vakautta k\u00e4yt\u00f6n aikana<\/li>\n<li data-start=\"551\" data-end=\"612\">Sis\u00e4\u00e4nrakennettu ylipaineventtiili lis\u00e4\u00e4 turvallisuutta<\/li>\n<li data-start=\"615\" data-end=\"684\">Nelj\u00e4 py\u00f6r\u00e4\u00e4, joista kaksi on 360\u00b0 k\u00e4\u00e4ntyvi\u00e4 ja kaksi kiinteit\u00e4<\/li>\n<li data-start=\"687\" data-end=\"766\">Suuret kuulalaakeroidut py\u00f6r\u00e4t helpottavat siirt\u00e4mist\u00e4 my\u00f6s kuormitettuna<\/li>\n<\/ul>\n","protected":false},"featured_media":26797,"template":"","meta":{"_acf_changed":false,"_seopress_robots_primary_cat":"none","_seopress_titles_title":"","_seopress_titles_desc":"","_seopress_robots_index":""},"product_cat":[455,288,456],"product_tag":[],"class_list":{"0":"post-26778","1":"product","2":"type-product","3":"status-publish","4":"has-post-thumbnail","6":"product_cat-ajoneuvonostimet","7":"product_cat-moottori-ja-vaihdelaatikkonostimet","8":"product_cat-moottorinostimet","10":"first","11":"instock","12":"taxable","13":"shipping-taxable","14":"purchasable","15":"product-type-simple","swatches":"rey-swatches","show_selected":""},"acf":[],"_links":{"self":[{"href":"https:\/\/toolhouse.fi\/fi\/wp-json\/wp\/v2\/product\/26778","targetHints":{"allow":["GET"]}}],"collection":[{"href":"https:\/\/toolhouse.fi\/fi\/wp-json\/wp\/v2\/product"}],"about":[{"href":"https:\/\/toolhouse.fi\/fi\/wp-json\/wp\/v2\/types\/product"}],"version-history":[{"count":0,"href":"https:\/\/toolhouse.fi\/fi\/wp-json\/wp\/v2\/product\/26778\/revisions"}],"wp:featuredmedia":[{"embeddable":true,"href":"https:\/\/toolhouse.fi\/fi\/wp-json\/wp\/v2\/media\/26797"}],"wp:attachment":[{"href":"https:\/\/toolhouse.fi\/fi\/wp-json\/wp\/v2\/media?parent=26778"}],"wp:term":[{"taxonomy":"product_cat","embeddable":true,"href":"https:\/\/toolhouse.fi\/fi\/wp-json\/wp\/v2\/product_cat?post=26778"},{"taxonomy":"product_tag","embeddable":true,"href":"https:\/\/toolhouse.fi\/fi\/wp-json\/wp\/v2\/product_tag?post=26778"}],"curies":[{"name":"wp","href":"https:\/\/api.w.org\/{rel}","templated":true}]}}